{"id":2273,"date":"2021-05-19T08:53:37","date_gmt":"2021-05-19T06:53:37","guid":{"rendered":"https:\/\/www.my-vulx.com\/panier\/"},"modified":"2024-03-15T15:05:43","modified_gmt":"2024-03-15T14:05:43","slug":"panier","status":"publish","type":"page","link":"https:\/\/www.my-vulx.com\/en\/panier\/","title":{"rendered":"Panier"},"content":{"rendered":"<h3 class=\"wp-block-heading\">Sp\u00e9cification du mode de livraison<\/h3>\r\n\r\n\r\n\r\n<p>La livraison et l&rsquo;installation de nos produits s&rsquo;effectuera si possible par l&rsquo;un de nos revendeurs s&rsquo;il en existe un pr\u00e8s de chez vous. En l\u2019absence de revendeur \u00e0 proximit\u00e9 de chez vous, un transport d\u00e9di\u00e9 jusqu\u2019\u00e0 chez vous sera mis en \u0153uvre, avec une notice d\u2019installation simple et d\u00e9taill\u00e9e accompagnant l\u2019appareil, notre service technique restant \u00e0 votre disposition en cas de besoin.<\/p>\r\n\r\n\r\n\r\n<h3 class=\"wp-block-heading\">Gestion des retours<\/h3>\r\n\r\n\r\n\r\n<p>En cas d\u2019insatisfaction, de probl\u00e8me d\u2019utilisation, de demande de SAV sur le produit ou pour toute autre question, merci de nous contacter \u00e0 l&rsquo;adresse <a href=\"mailto:contact@my-vulx.com\">contact@my-vulx.com<\/a> ou au Tel : 04 70 56 16 00.<\/p>\r\n\r\n\r\n\n\r\n\r\n\r\n<h3 class=\"wp-block-heading\">Qualit\u00e9 de nos produits<\/h3>\r\n\r\n\r\n\r\n<p>Nos produits sont con\u00e7us avec des mat\u00e9riaux de qualit\u00e9 tel que l&rsquo;inox alimentaire pour nos plaques de cuisson, le Compact HPL pour nos plateaux, la fonte d&rsquo;aluminium pour nos bruleurs gaz,\u2026<\/p>\r\n\r\n\r\n\r\n<p>2 finitions sont possibles :<\/p>\r\n\r\n\r\n\r\n<p>La peinture Epoxy: Aussi appel\u00e9 thermolaquage, il s&rsquo;agit d&rsquo;une peinture en poudre, charg\u00e9e \u00e9lectriquement afin d&rsquo;atteindre tous les moindres recoins de nos produits, puis durcie dans un four. Cette peinture est appliqu\u00e9e sur nos aciers apr\u00e8s une pr\u00e9paration par sablage et application d&rsquo;un apr\u00e8s pour une excellente tenue aux rayures, aux UV, et dans le temps.<\/p>\r\n\r\n\r\n\r\n<p>L&rsquo;acier Corten: Il s&rsquo;agit d&rsquo;un acier con\u00e7u sp\u00e9cifiquement pour rouiller en surface. Sa rouille prot\u00e8ge le c\u0153ur du m\u00e9tal lui garantissant une dur\u00e9e de vie presque aussi longue que l&rsquo;inox.<\/p>\r\n\r\n\r\n\r\n<p>Nos produits sont livr\u00e9s d\u00e9j\u00e0 rouill\u00e9, mais cette rouille va vieillir, se patiner, brunir \u00e0 l&rsquo;air libre avec le temps. Des coulures de rouille peuvent apparaitre au sol durant les premi\u00e8res intemp\u00e9ries.<\/p>","protected":false},"excerpt":{"rendered":"<p>Sp\u00e9cification du mode de livraison La livraison et l&rsquo;installation de nos produits s&rsquo;effectuera si possible par l&rsquo;un de nos revendeurs s&rsquo;il en existe un pr\u00e8s de chez vous. En l\u2019absence de revendeur \u00e0 proximit\u00e9 de chez vous, un transport d\u00e9di\u00e9 jusqu\u2019\u00e0 chez vous sera mis en \u0153uvre, avec une notice [&hellip;]<\/p>","protected":false},"author":1,"featured_media":0,"parent":0,"menu_order":0,"comment_status":"closed","ping_status":"closed","template":"","meta":{"footnotes":""},"yoast_head":"<!-- This site is optimized with the Yoast SEO plugin v23.5 - https:\/\/yoast.com\/wordpress\/plugins\/seo\/ -->\n<title>Panier - Vulx<\/title>\n<meta name=\"description\" content=\"Page Panier de notre boutique en ligne Vulx permettant de visuel vos futures achats\" \/>\n<meta name=\"robots\" content=\"noindex, nofollow\" \/>\n<meta property=\"og:locale\" content=\"en_GB\" \/>\n<meta property=\"og:type\" content=\"article\" \/>\n<meta property=\"og:title\" content=\"Panier - Vulx\" \/>\n<meta property=\"og:description\" content=\"Page Panier de notre boutique en ligne Vulx permettant de visuel vos futures achats\" \/>\n<meta property=\"og:url\" content=\"https:\/\/www.my-vulx.com\/en\/panier\/\" \/>\n<meta property=\"og:site_name\" content=\"Vulx\" \/>\n<meta property=\"article:modified_time\" content=\"2024-03-15T14:05:43+00:00\" \/>\n<meta name=\"twitter:card\" content=\"summary_large_image\" \/>\n<meta name=\"twitter:label1\" content=\"Estimated reading time\" \/>\n\t<meta name=\"twitter:data1\" content=\"1 minute\" \/>\n<script type=\"application\/ld+json\" class=\"yoast-schema-graph\">{\"@context\":\"https:\/\/schema.org\",\"@graph\":[{\"@type\":\"WebPage\",\"@id\":\"https:\/\/www.my-vulx.com\/panier\/\",\"url\":\"https:\/\/www.my-vulx.com\/panier\/\",\"name\":\"Panier - Vulx\",\"isPartOf\":{\"@id\":\"https:\/\/www.my-vulx.com\/#website\"},\"datePublished\":\"2021-05-19T06:53:37+00:00\",\"dateModified\":\"2024-03-15T14:05:43+00:00\",\"description\":\"Page Panier de notre boutique en ligne Vulx permettant de visuel vos futures achats\",\"breadcrumb\":{\"@id\":\"https:\/\/www.my-vulx.com\/panier\/#breadcrumb\"},\"inLanguage\":\"en-GB\",\"potentialAction\":[{\"@type\":\"ReadAction\",\"target\":[\"https:\/\/www.my-vulx.com\/panier\/\"]}]},{\"@type\":\"BreadcrumbList\",\"@id\":\"https:\/\/www.my-vulx.com\/panier\/#breadcrumb\",\"itemListElement\":[{\"@type\":\"ListItem\",\"position\":1,\"name\":\"Accueil\",\"item\":\"https:\/\/www.my-vulx.com\/\"},{\"@type\":\"ListItem\",\"position\":2,\"name\":\"Panier\"}]},{\"@type\":\"WebSite\",\"@id\":\"https:\/\/www.my-vulx.com\/#website\",\"url\":\"https:\/\/www.my-vulx.com\/\",\"name\":\"Vulx\",\"description\":\"La chaleur des bons moments\",\"publisher\":{\"@id\":\"https:\/\/www.my-vulx.com\/#organization\"},\"potentialAction\":[{\"@type\":\"SearchAction\",\"target\":{\"@type\":\"EntryPoint\",\"urlTemplate\":\"https:\/\/www.my-vulx.com\/?s={search_term_string}\"},\"query-input\":{\"@type\":\"PropertyValueSpecification\",\"valueRequired\":true,\"valueName\":\"search_term_string\"}}],\"inLanguage\":\"en-GB\"},{\"@type\":\"Organization\",\"@id\":\"https:\/\/www.my-vulx.com\/#organization\",\"name\":\"Vulx\",\"url\":\"https:\/\/www.my-vulx.com\/\",\"logo\":{\"@type\":\"ImageObject\",\"inLanguage\":\"en-GB\",\"@id\":\"https:\/\/www.my-vulx.com\/#\/schema\/logo\/image\/\",\"url\":\"https:\/\/www.my-vulx.com\/wp-content\/uploads\/2024\/03\/cropped-cropped-cropped-logo-v2.png\",\"contentUrl\":\"https:\/\/www.my-vulx.com\/wp-content\/uploads\/2024\/03\/cropped-cropped-cropped-logo-v2.png\",\"width\":250,\"height\":78,\"caption\":\"Vulx\"},\"image\":{\"@id\":\"https:\/\/www.my-vulx.com\/#\/schema\/logo\/image\/\"}}]}<\/script>\n<!-- \/ Yoast SEO plugin. -->","yoast_head_json":{"title":"Panier - Vulx","description":"Page Panier de notre boutique en ligne Vulx permettant de visuel vos futures achats","robots":{"index":"noindex","follow":"nofollow"},"og_locale":"en_GB","og_type":"article","og_title":"Panier - Vulx","og_description":"Page Panier de notre boutique en ligne Vulx permettant de visuel vos futures achats","og_url":"https:\/\/www.my-vulx.com\/en\/panier\/","og_site_name":"Vulx","article_modified_time":"2024-03-15T14:05:43+00:00","twitter_card":"summary_large_image","twitter_misc":{"Estimated reading time":"1 minute"},"schema":{"@context":"https:\/\/schema.org","@graph":[{"@type":"WebPage","@id":"https:\/\/www.my-vulx.com\/panier\/","url":"https:\/\/www.my-vulx.com\/panier\/","name":"Panier - Vulx","isPartOf":{"@id":"https:\/\/www.my-vulx.com\/#website"},"datePublished":"2021-05-19T06:53:37+00:00","dateModified":"2024-03-15T14:05:43+00:00","description":"Page Panier de notre boutique en ligne Vulx permettant de visuel vos futures achats","breadcrumb":{"@id":"https:\/\/www.my-vulx.com\/panier\/#breadcrumb"},"inLanguage":"en-GB","potentialAction":[{"@type":"ReadAction","target":["https:\/\/www.my-vulx.com\/panier\/"]}]},{"@type":"BreadcrumbList","@id":"https:\/\/www.my-vulx.com\/panier\/#breadcrumb","itemListElement":[{"@type":"ListItem","position":1,"name":"Accueil","item":"https:\/\/www.my-vulx.com\/"},{"@type":"ListItem","position":2,"name":"Panier"}]},{"@type":"WebSite","@id":"https:\/\/www.my-vulx.com\/#website","url":"https:\/\/www.my-vulx.com\/","name":"Vulx","description":"La chaleur des bons moments","publisher":{"@id":"https:\/\/www.my-vulx.com\/#organization"},"potentialAction":[{"@type":"SearchAction","target":{"@type":"EntryPoint","urlTemplate":"https:\/\/www.my-vulx.com\/?s={search_term_string}"},"query-input":{"@type":"PropertyValueSpecification","valueRequired":true,"valueName":"search_term_string"}}],"inLanguage":"en-GB"},{"@type":"Organization","@id":"https:\/\/www.my-vulx.com\/#organization","name":"Vulx","url":"https:\/\/www.my-vulx.com\/","logo":{"@type":"ImageObject","inLanguage":"en-GB","@id":"https:\/\/www.my-vulx.com\/#\/schema\/logo\/image\/","url":"https:\/\/www.my-vulx.com\/wp-content\/uploads\/2024\/03\/cropped-cropped-cropped-logo-v2.png","contentUrl":"https:\/\/www.my-vulx.com\/wp-content\/uploads\/2024\/03\/cropped-cropped-cropped-logo-v2.png","width":250,"height":78,"caption":"Vulx"},"image":{"@id":"https:\/\/www.my-vulx.com\/#\/schema\/logo\/image\/"}}]}},"_links":{"self":[{"href":"https:\/\/www.my-vulx.com\/en\/wp-json\/wp\/v2\/pages\/2273"}],"collection":[{"href":"https:\/\/www.my-vulx.com\/en\/wp-json\/wp\/v2\/pages"}],"about":[{"href":"https:\/\/www.my-vulx.com\/en\/wp-json\/wp\/v2\/types\/page"}],"author":[{"embeddable":true,"href":"https:\/\/www.my-vulx.com\/en\/wp-json\/wp\/v2\/users\/1"}],"replies":[{"embeddable":true,"href":"https:\/\/www.my-vulx.com\/en\/wp-json\/wp\/v2\/comments?post=2273"}],"version-history":[{"count":4,"href":"https:\/\/www.my-vulx.com\/en\/wp-json\/wp\/v2\/pages\/2273\/revisions"}],"predecessor-version":[{"id":4331,"href":"https:\/\/www.my-vulx.com\/en\/wp-json\/wp\/v2\/pages\/2273\/revisions\/4331"}],"wp:attachment":[{"href":"https:\/\/www.my-vulx.com\/en\/wp-json\/wp\/v2\/media?parent=2273"}],"curies":[{"name":"wp","href":"https:\/\/api.w.org\/{rel}","templated":true}]}}