{"id":3584,"date":"2023-03-23T15:26:03","date_gmt":"2023-03-23T14:26:03","guid":{"rendered":"https:\/\/www.my-vulx.com\/?page_id=3584"},"modified":"2023-03-23T15:26:03","modified_gmt":"2023-03-23T14:26:03","slug":"nous-avons-bien-enregistre-votre-demarche","status":"publish","type":"page","link":"https:\/\/www.my-vulx.com\/en\/nous-avons-bien-enregistre-votre-demarche\/","title":{"rendered":"We have taken note of your request."},"content":{"rendered":"<p>Your request is validated! You will receive an email confirming your warranty extension as soon as possible.<\/p>\n<p>In the meantime, check out our tips and tricks on how to use our brazier tables and planchas.<\/p>\n<p><a href=\"https:\/\/www.my-vulx.com\/en\/blog\/\" title=\"Contact \/ Devis\" class=\"btn btn-primary\">Visit our blog<\/a><\/p>","protected":false},"excerpt":{"rendered":"<p>Votre demande est valid\u00e9e ! Vous recevrez un mail de confirmation de votre extension de garantie dans les plus brefs d\u00e9lais. En attendant, d\u00e9couvrez nos conseils et astuces sur l&rsquo;utilisation de nos tables braseros planchas. Visitez notre blog<\/p>","protected":false},"author":1,"featured_media":0,"parent":0,"menu_order":0,"comment_status":"closed","ping_status":"closed","template":"","meta":{"footnotes":""},"yoast_head":"<!-- This site is optimized with the Yoast SEO plugin v23.5 - https:\/\/yoast.com\/wordpress\/plugins\/seo\/ -->\n<title>Nous avons bien enregistr\u00e9 votre d\u00e9marche. - Vulx<\/title>\n<meta name=\"robots\" content=\"index, follow, max-snippet:-1, max-image-preview:large, max-video-preview:-1\" \/>\n<link rel=\"canonical\" href=\"https:\/\/www.my-vulx.com\/en\/nous-avons-bien-enregistre-votre-demarche\/\" \/>\n<meta property=\"og:locale\" content=\"en_GB\" \/>\n<meta property=\"og:type\" content=\"article\" \/>\n<meta property=\"og:title\" content=\"Nous avons bien enregistr\u00e9 votre d\u00e9marche. - Vulx\" \/>\n<meta property=\"og:description\" content=\"Votre demande est valid\u00e9e ! Vous recevrez un mail de confirmation de votre extension de garantie dans les plus brefs d\u00e9lais. En attendant, d\u00e9couvrez nos conseils et astuces sur l&rsquo;utilisation de nos tables braseros planchas. Visitez notre blog\" \/>\n<meta property=\"og:url\" content=\"https:\/\/www.my-vulx.com\/en\/nous-avons-bien-enregistre-votre-demarche\/\" \/>\n<meta property=\"og:site_name\" content=\"Vulx\" \/>\n<meta name=\"twitter:card\" content=\"summary_large_image\" \/>\n<meta name=\"twitter:label1\" content=\"Estimated reading time\" \/>\n\t<meta name=\"twitter:data1\" content=\"1 minute\" \/>\n<script type=\"application\/ld+json\" class=\"yoast-schema-graph\">{\"@context\":\"https:\/\/schema.org\",\"@graph\":[{\"@type\":\"WebPage\",\"@id\":\"https:\/\/www.my-vulx.com\/nous-avons-bien-enregistre-votre-demarche\/\",\"url\":\"https:\/\/www.my-vulx.com\/nous-avons-bien-enregistre-votre-demarche\/\",\"name\":\"Nous avons bien enregistr\u00e9 votre d\u00e9marche. - Vulx\",\"isPartOf\":{\"@id\":\"https:\/\/www.my-vulx.com\/#website\"},\"datePublished\":\"2023-03-23T14:26:03+00:00\",\"dateModified\":\"2023-03-23T14:26:03+00:00\",\"breadcrumb\":{\"@id\":\"https:\/\/www.my-vulx.com\/nous-avons-bien-enregistre-votre-demarche\/#breadcrumb\"},\"inLanguage\":\"en-GB\",\"potentialAction\":[{\"@type\":\"ReadAction\",\"target\":[\"https:\/\/www.my-vulx.com\/nous-avons-bien-enregistre-votre-demarche\/\"]}]},{\"@type\":\"BreadcrumbList\",\"@id\":\"https:\/\/www.my-vulx.com\/nous-avons-bien-enregistre-votre-demarche\/#breadcrumb\",\"itemListElement\":[{\"@type\":\"ListItem\",\"position\":1,\"name\":\"Accueil\",\"item\":\"https:\/\/www.my-vulx.com\/\"},{\"@type\":\"ListItem\",\"position\":2,\"name\":\"Nous avons bien enregistr\u00e9 votre d\u00e9marche.\"}]},{\"@type\":\"WebSite\",\"@id\":\"https:\/\/www.my-vulx.com\/#website\",\"url\":\"https:\/\/www.my-vulx.com\/\",\"name\":\"Vulx\",\"description\":\"La chaleur des bons moments\",\"publisher\":{\"@id\":\"https:\/\/www.my-vulx.com\/#organization\"},\"potentialAction\":[{\"@type\":\"SearchAction\",\"target\":{\"@type\":\"EntryPoint\",\"urlTemplate\":\"https:\/\/www.my-vulx.com\/?s={search_term_string}\"},\"query-input\":{\"@type\":\"PropertyValueSpecification\",\"valueRequired\":true,\"valueName\":\"search_term_string\"}}],\"inLanguage\":\"en-GB\"},{\"@type\":\"Organization\",\"@id\":\"https:\/\/www.my-vulx.com\/#organization\",\"name\":\"Vulx\",\"url\":\"https:\/\/www.my-vulx.com\/\",\"logo\":{\"@type\":\"ImageObject\",\"inLanguage\":\"en-GB\",\"@id\":\"https:\/\/www.my-vulx.com\/#\/schema\/logo\/image\/\",\"url\":\"https:\/\/www.my-vulx.com\/wp-content\/uploads\/2024\/03\/cropped-cropped-cropped-logo-v2.png\",\"contentUrl\":\"https:\/\/www.my-vulx.com\/wp-content\/uploads\/2024\/03\/cropped-cropped-cropped-logo-v2.png\",\"width\":250,\"height\":78,\"caption\":\"Vulx\"},\"image\":{\"@id\":\"https:\/\/www.my-vulx.com\/#\/schema\/logo\/image\/\"}}]}<\/script>\n<!-- \/ Yoast SEO plugin. -->","yoast_head_json":{"title":"Nous avons bien enregistr\u00e9 votre d\u00e9marche. - Vulx","robots":{"index":"index","follow":"follow","max-snippet":"max-snippet:-1","max-image-preview":"max-image-preview:large","max-video-preview":"max-video-preview:-1"},"canonical":"https:\/\/www.my-vulx.com\/en\/nous-avons-bien-enregistre-votre-demarche\/","og_locale":"en_GB","og_type":"article","og_title":"Nous avons bien enregistr\u00e9 votre d\u00e9marche. - Vulx","og_description":"Votre demande est valid\u00e9e ! Vous recevrez un mail de confirmation de votre extension de garantie dans les plus brefs d\u00e9lais. En attendant, d\u00e9couvrez nos conseils et astuces sur l&rsquo;utilisation de nos tables braseros planchas. Visitez notre blog","og_url":"https:\/\/www.my-vulx.com\/en\/nous-avons-bien-enregistre-votre-demarche\/","og_site_name":"Vulx","twitter_card":"summary_large_image","twitter_misc":{"Estimated reading time":"1 minute"},"schema":{"@context":"https:\/\/schema.org","@graph":[{"@type":"WebPage","@id":"https:\/\/www.my-vulx.com\/nous-avons-bien-enregistre-votre-demarche\/","url":"https:\/\/www.my-vulx.com\/nous-avons-bien-enregistre-votre-demarche\/","name":"Nous avons bien enregistr\u00e9 votre d\u00e9marche. - Vulx","isPartOf":{"@id":"https:\/\/www.my-vulx.com\/#website"},"datePublished":"2023-03-23T14:26:03+00:00","dateModified":"2023-03-23T14:26:03+00:00","breadcrumb":{"@id":"https:\/\/www.my-vulx.com\/nous-avons-bien-enregistre-votre-demarche\/#breadcrumb"},"inLanguage":"en-GB","potentialAction":[{"@type":"ReadAction","target":["https:\/\/www.my-vulx.com\/nous-avons-bien-enregistre-votre-demarche\/"]}]},{"@type":"BreadcrumbList","@id":"https:\/\/www.my-vulx.com\/nous-avons-bien-enregistre-votre-demarche\/#breadcrumb","itemListElement":[{"@type":"ListItem","position":1,"name":"Accueil","item":"https:\/\/www.my-vulx.com\/"},{"@type":"ListItem","position":2,"name":"Nous avons bien enregistr\u00e9 votre d\u00e9marche."}]},{"@type":"WebSite","@id":"https:\/\/www.my-vulx.com\/#website","url":"https:\/\/www.my-vulx.com\/","name":"Vulx","description":"La chaleur des bons moments","publisher":{"@id":"https:\/\/www.my-vulx.com\/#organization"},"potentialAction":[{"@type":"SearchAction","target":{"@type":"EntryPoint","urlTemplate":"https:\/\/www.my-vulx.com\/?s={search_term_string}"},"query-input":{"@type":"PropertyValueSpecification","valueRequired":true,"valueName":"search_term_string"}}],"inLanguage":"en-GB"},{"@type":"Organization","@id":"https:\/\/www.my-vulx.com\/#organization","name":"Vulx","url":"https:\/\/www.my-vulx.com\/","logo":{"@type":"ImageObject","inLanguage":"en-GB","@id":"https:\/\/www.my-vulx.com\/#\/schema\/logo\/image\/","url":"https:\/\/www.my-vulx.com\/wp-content\/uploads\/2024\/03\/cropped-cropped-cropped-logo-v2.png","contentUrl":"https:\/\/www.my-vulx.com\/wp-content\/uploads\/2024\/03\/cropped-cropped-cropped-logo-v2.png","width":250,"height":78,"caption":"Vulx"},"image":{"@id":"https:\/\/www.my-vulx.com\/#\/schema\/logo\/image\/"}}]}},"_links":{"self":[{"href":"https:\/\/www.my-vulx.com\/en\/wp-json\/wp\/v2\/pages\/3584"}],"collection":[{"href":"https:\/\/www.my-vulx.com\/en\/wp-json\/wp\/v2\/pages"}],"about":[{"href":"https:\/\/www.my-vulx.com\/en\/wp-json\/wp\/v2\/types\/page"}],"author":[{"embeddable":true,"href":"https:\/\/www.my-vulx.com\/en\/wp-json\/wp\/v2\/users\/1"}],"replies":[{"embeddable":true,"href":"https:\/\/www.my-vulx.com\/en\/wp-json\/wp\/v2\/comments?post=3584"}],"version-history":[{"count":1,"href":"https:\/\/www.my-vulx.com\/en\/wp-json\/wp\/v2\/pages\/3584\/revisions"}],"predecessor-version":[{"id":3585,"href":"https:\/\/www.my-vulx.com\/en\/wp-json\/wp\/v2\/pages\/3584\/revisions\/3585"}],"wp:attachment":[{"href":"https:\/\/www.my-vulx.com\/en\/wp-json\/wp\/v2\/media?parent=3584"}],"curies":[{"name":"wp","href":"https:\/\/api.w.org\/{rel}","templated":true}]}}