{"id":3630,"date":"2023-06-14T13:57:49","date_gmt":"2023-06-14T11:57:49","guid":{"rendered":"https:\/\/www.my-vulx.com\/?page_id=3630"},"modified":"2025-05-27T10:22:31","modified_gmt":"2025-05-27T08:22:31","slug":"decouvrez-nos-catalogues","status":"publish","type":"page","link":"https:\/\/www.my-vulx.com\/en\/decouvrez-nos-catalogues\/","title":{"rendered":"D\u00e9couvrez notre catalogue"},"content":{"rendered":"","protected":false},"excerpt":{"rendered":"","protected":false},"author":1,"featured_media":0,"parent":0,"menu_order":0,"comment_status":"closed","ping_status":"closed","template":"template_catalogue.php","meta":{"footnotes":""},"yoast_head":"<!-- This site is optimized with the Yoast SEO plugin v23.5 - https:\/\/yoast.com\/wordpress\/plugins\/seo\/ -->\n<title>D\u00e9couvrez notre catalogue - Vulx<\/title>\n<meta name=\"description\" content=\"D\u00e9couvrez notre catalogue de produit outdoor vulx. N&#039;h\u00e9sitez pas \u00e0 remplir notre formulaire pour le t\u00e9l\u00e9charger.\" \/>\n<meta name=\"robots\" content=\"index, follow, max-snippet:-1, max-image-preview:large, max-video-preview:-1\" \/>\n<link rel=\"canonical\" href=\"https:\/\/www.my-vulx.com\/en\/decouvrez-nos-catalogues\/\" \/>\n<meta property=\"og:locale\" content=\"en_GB\" \/>\n<meta property=\"og:type\" content=\"article\" \/>\n<meta property=\"og:title\" content=\"D\u00e9couvrez notre catalogue - Vulx\" \/>\n<meta property=\"og:description\" content=\"D\u00e9couvrez notre catalogue de produit outdoor vulx. N&#039;h\u00e9sitez pas \u00e0 remplir notre formulaire pour le t\u00e9l\u00e9charger.\" \/>\n<meta property=\"og:url\" content=\"https:\/\/www.my-vulx.com\/en\/decouvrez-nos-catalogues\/\" \/>\n<meta property=\"og:site_name\" content=\"Vulx\" \/>\n<meta property=\"article:modified_time\" content=\"2025-05-27T08:22:31+00:00\" \/>\n<meta name=\"twitter:card\" content=\"summary_large_image\" \/>\n<script type=\"application\/ld+json\" class=\"yoast-schema-graph\">{\"@context\":\"https:\/\/schema.org\",\"@graph\":[{\"@type\":\"WebPage\",\"@id\":\"https:\/\/www.my-vulx.com\/decouvrez-nos-catalogues\/\",\"url\":\"https:\/\/www.my-vulx.com\/decouvrez-nos-catalogues\/\",\"name\":\"D\u00e9couvrez notre catalogue - Vulx\",\"isPartOf\":{\"@id\":\"https:\/\/www.my-vulx.com\/#website\"},\"datePublished\":\"2023-06-14T11:57:49+00:00\",\"dateModified\":\"2025-05-27T08:22:31+00:00\",\"description\":\"D\u00e9couvrez notre catalogue de produit outdoor vulx. N'h\u00e9sitez pas \u00e0 remplir notre formulaire pour le t\u00e9l\u00e9charger.\",\"breadcrumb\":{\"@id\":\"https:\/\/www.my-vulx.com\/decouvrez-nos-catalogues\/#breadcrumb\"},\"inLanguage\":\"en-GB\",\"potentialAction\":[{\"@type\":\"ReadAction\",\"target\":[\"https:\/\/www.my-vulx.com\/decouvrez-nos-catalogues\/\"]}]},{\"@type\":\"BreadcrumbList\",\"@id\":\"https:\/\/www.my-vulx.com\/decouvrez-nos-catalogues\/#breadcrumb\",\"itemListElement\":[{\"@type\":\"ListItem\",\"position\":1,\"name\":\"Accueil\",\"item\":\"https:\/\/www.my-vulx.com\/\"},{\"@type\":\"ListItem\",\"position\":2,\"name\":\"D\u00e9couvrez notre catalogue\"}]},{\"@type\":\"WebSite\",\"@id\":\"https:\/\/www.my-vulx.com\/#website\",\"url\":\"https:\/\/www.my-vulx.com\/\",\"name\":\"Vulx\",\"description\":\"La chaleur des bons moments\",\"publisher\":{\"@id\":\"https:\/\/www.my-vulx.com\/#organization\"},\"potentialAction\":[{\"@type\":\"SearchAction\",\"target\":{\"@type\":\"EntryPoint\",\"urlTemplate\":\"https:\/\/www.my-vulx.com\/?s={search_term_string}\"},\"query-input\":{\"@type\":\"PropertyValueSpecification\",\"valueRequired\":true,\"valueName\":\"search_term_string\"}}],\"inLanguage\":\"en-GB\"},{\"@type\":\"Organization\",\"@id\":\"https:\/\/www.my-vulx.com\/#organization\",\"name\":\"Vulx\",\"url\":\"https:\/\/www.my-vulx.com\/\",\"logo\":{\"@type\":\"ImageObject\",\"inLanguage\":\"en-GB\",\"@id\":\"https:\/\/www.my-vulx.com\/#\/schema\/logo\/image\/\",\"url\":\"https:\/\/www.my-vulx.com\/wp-content\/uploads\/2024\/03\/cropped-cropped-cropped-logo-v2.png\",\"contentUrl\":\"https:\/\/www.my-vulx.com\/wp-content\/uploads\/2024\/03\/cropped-cropped-cropped-logo-v2.png\",\"width\":250,\"height\":78,\"caption\":\"Vulx\"},\"image\":{\"@id\":\"https:\/\/www.my-vulx.com\/#\/schema\/logo\/image\/\"}}]}<\/script>\n<!-- \/ Yoast SEO plugin. -->","yoast_head_json":{"title":"D\u00e9couvrez notre catalogue - Vulx","description":"D\u00e9couvrez notre catalogue de produit outdoor vulx. N'h\u00e9sitez pas \u00e0 remplir notre formulaire pour le t\u00e9l\u00e9charger.","robots":{"index":"index","follow":"follow","max-snippet":"max-snippet:-1","max-image-preview":"max-image-preview:large","max-video-preview":"max-video-preview:-1"},"canonical":"https:\/\/www.my-vulx.com\/en\/decouvrez-nos-catalogues\/","og_locale":"en_GB","og_type":"article","og_title":"D\u00e9couvrez notre catalogue - Vulx","og_description":"D\u00e9couvrez notre catalogue de produit outdoor vulx. N'h\u00e9sitez pas \u00e0 remplir notre formulaire pour le t\u00e9l\u00e9charger.","og_url":"https:\/\/www.my-vulx.com\/en\/decouvrez-nos-catalogues\/","og_site_name":"Vulx","article_modified_time":"2025-05-27T08:22:31+00:00","twitter_card":"summary_large_image","schema":{"@context":"https:\/\/schema.org","@graph":[{"@type":"WebPage","@id":"https:\/\/www.my-vulx.com\/decouvrez-nos-catalogues\/","url":"https:\/\/www.my-vulx.com\/decouvrez-nos-catalogues\/","name":"D\u00e9couvrez notre catalogue - Vulx","isPartOf":{"@id":"https:\/\/www.my-vulx.com\/#website"},"datePublished":"2023-06-14T11:57:49+00:00","dateModified":"2025-05-27T08:22:31+00:00","description":"D\u00e9couvrez notre catalogue de produit outdoor vulx. N'h\u00e9sitez pas \u00e0 remplir notre formulaire pour le t\u00e9l\u00e9charger.","breadcrumb":{"@id":"https:\/\/www.my-vulx.com\/decouvrez-nos-catalogues\/#breadcrumb"},"inLanguage":"en-GB","potentialAction":[{"@type":"ReadAction","target":["https:\/\/www.my-vulx.com\/decouvrez-nos-catalogues\/"]}]},{"@type":"BreadcrumbList","@id":"https:\/\/www.my-vulx.com\/decouvrez-nos-catalogues\/#breadcrumb","itemListElement":[{"@type":"ListItem","position":1,"name":"Accueil","item":"https:\/\/www.my-vulx.com\/"},{"@type":"ListItem","position":2,"name":"D\u00e9couvrez notre catalogue"}]},{"@type":"WebSite","@id":"https:\/\/www.my-vulx.com\/#website","url":"https:\/\/www.my-vulx.com\/","name":"Vulx","description":"La chaleur des bons moments","publisher":{"@id":"https:\/\/www.my-vulx.com\/#organization"},"potentialAction":[{"@type":"SearchAction","target":{"@type":"EntryPoint","urlTemplate":"https:\/\/www.my-vulx.com\/?s={search_term_string}"},"query-input":{"@type":"PropertyValueSpecification","valueRequired":true,"valueName":"search_term_string"}}],"inLanguage":"en-GB"},{"@type":"Organization","@id":"https:\/\/www.my-vulx.com\/#organization","name":"Vulx","url":"https:\/\/www.my-vulx.com\/","logo":{"@type":"ImageObject","inLanguage":"en-GB","@id":"https:\/\/www.my-vulx.com\/#\/schema\/logo\/image\/","url":"https:\/\/www.my-vulx.com\/wp-content\/uploads\/2024\/03\/cropped-cropped-cropped-logo-v2.png","contentUrl":"https:\/\/www.my-vulx.com\/wp-content\/uploads\/2024\/03\/cropped-cropped-cropped-logo-v2.png","width":250,"height":78,"caption":"Vulx"},"image":{"@id":"https:\/\/www.my-vulx.com\/#\/schema\/logo\/image\/"}}]}},"_links":{"self":[{"href":"https:\/\/www.my-vulx.com\/en\/wp-json\/wp\/v2\/pages\/3630"}],"collection":[{"href":"https:\/\/www.my-vulx.com\/en\/wp-json\/wp\/v2\/pages"}],"about":[{"href":"https:\/\/www.my-vulx.com\/en\/wp-json\/wp\/v2\/types\/page"}],"author":[{"embeddable":true,"href":"https:\/\/www.my-vulx.com\/en\/wp-json\/wp\/v2\/users\/1"}],"replies":[{"embeddable":true,"href":"https:\/\/www.my-vulx.com\/en\/wp-json\/wp\/v2\/comments?post=3630"}],"version-history":[{"count":6,"href":"https:\/\/www.my-vulx.com\/en\/wp-json\/wp\/v2\/pages\/3630\/revisions"}],"predecessor-version":[{"id":5868,"href":"https:\/\/www.my-vulx.com\/en\/wp-json\/wp\/v2\/pages\/3630\/revisions\/5868"}],"wp:attachment":[{"href":"https:\/\/www.my-vulx.com\/en\/wp-json\/wp\/v2\/media?parent=3630"}],"curies":[{"name":"wp","href":"https:\/\/api.w.org\/{rel}","templated":true}]}}