{"id":4785,"date":"2024-03-29T15:24:50","date_gmt":"2024-03-29T14:24:50","guid":{"rendered":"https:\/\/preprod.my-vulx.com\/?page_id=4785"},"modified":"2024-04-30T15:46:08","modified_gmt":"2024-04-30T13:46:08","slug":"livraison-installation","status":"publish","type":"page","link":"https:\/\/www.my-vulx.com\/en\/livraison-installation\/","title":{"rendered":"Delivery and installation"},"content":{"rendered":"<p>When you choose VULX, you're choosing an exceptional delivery experience, designed to meet all your needs and exceed your expectations.<\/p>\n<p>&nbsp;<\/p>\n<p>With our formula <strong>VULX&rsquo;PRESS<\/strong>, la livraison \u00e0 domicile devient un jeu d&rsquo;enfant. Une fois votre commande valid\u00e9e, notre partenaire de livraison prend contact avec vous pour convenir de la date, de l&rsquo;heure et du lieu de livraison de votre appareil VULX. Vous aurez \u00e9galement la possibilit\u00e9 de suivre en temps r\u00e9el les \u00e9tapes de votre livraison.<\/p>\n<p class=\"translation-block\">If you're looking for total peace of mind, our <strong>VULX'PERT<\/strong> package is for you. With this premium service, we take care of everything, from delivery to installation of your VULX directly in your garden ( metropolitan France only). Our experienced team will contact you to discuss delivery arrangements and plan the installation of your appliance. All you have to do is relax and enjoy your new equipment, with complete ease.<\/p>\n<table>\n<tbody>\n<tr>\n<td width=\"293\"><\/td>\n<td width=\"142\">Cooking range<\/td>\n<td width=\"170\">Heating range<\/td>\n<\/tr>\n<tr>\n<td width=\"293\">VULX'PRESS, home delivery<\/td>\n<td width=\"142\">97 \u20ac HT<\/td>\n<td width=\"170\">97 \u20ac HT<\/td>\n<\/tr>\n<tr>\n<td width=\"293\">VULX'PERT, home delivery &amp; installation<\/td>\n<td width=\"142\">230 \u20ac HT<\/td>\n<td width=\"170\">150 \u20ac HT<\/td>\n<\/tr>\n<\/tbody>\n<\/table>\n<p>&nbsp;<\/p>\n<p>Our premium home delivery and installation services are available exclusively in mainland France for VULX appliances purchased on my-vulx.com.<\/p>\n<p>&nbsp;<\/p>\n<p><strong>RECEIPT AND RETURN OF PRODUCTS<\/strong><\/p>\n<p><strong>Receipt of products :<\/strong> Customer complaints concerning apparent defects or non-conformity of the products delivered in relation to the order must be made in writing on collection or delivery of the products.<\/p>\n<p>Le client devra fournir toute justification quant \u00e0 la r\u00e9alit\u00e9 des anomalies constat\u00e9es, de m\u00eame que leur imputabilit\u00e9 \u00e0 CSD ; il devra laisser \u00e0 CSD toute facilit\u00e9 pour constater ces anomalies et y porter rem\u00e8de. Il s\u2019engage \u00e0 n\u2019effectuer aucune intervention lui-m\u00eame, ni \u00e0 faire intervenir un tiers sans l\u2019accord \u00e9crit pr\u00e9alable de CSD.<\/p>\n<p><strong>Back to products : <\/strong>No product may be returned without the prior written consent of CSD.<\/p>\n<p><strong>Follow-up on return:<\/strong> Subject to compliance by the customer with the above rules (\u00a75), CSD will, at its option, repair or replace the products for which it has recognized the apparent defect or non-conformity. Failing this, the replacement or repair of the products will be carried out at the customer's expense.<\/p>\n<p>&nbsp;<\/p>\n<p><strong>WITHDRAWAL PERIOD<\/strong><\/p>\n<p>In accordance with articles L.221-8 et seq. of the French Consumer Code, the 14-day right of withdrawal runs from the day of receipt of the products ordered by the customer; it may be exercised by returning the attached form (by e-mail or post).<\/p>\n<p>Products must be returned in their original packaging and condition (products, accessories, instructions, etc.) within 14 days of notification to CSD of the customer's decision to cancel.<\/p>\n<p>Any damaged, soiled, used or incomplete product will not be returned or exchanged. Only the purchase price and delivery charges will be reimbursed to the customer; the customer is responsible for return shipping costs. At the customer's request, CSD will provide the cost of return shipping, which varies according to the region concerned.<\/p>\n<p>Products will be exchanged or refunded within 30 days of receipt of the returned products by CSD.<\/p>\n<p>&nbsp;<\/p>\n<p>&nbsp;<\/p>","protected":false},"excerpt":{"rendered":"<p>Lorsque vous choisissez VULX, vous optez pour une exp\u00e9rience de livraison exceptionnelle, con\u00e7ue pour r\u00e9pondre \u00e0 tous vos besoins et d\u00e9passer vos attentes. &nbsp; Avec notre formule VULX&rsquo;PRESS, la livraison \u00e0 domicile devient un jeu d&rsquo;enfant. Une fois votre commande valid\u00e9e, notre partenaire de livraison prend contact avec vous pour [&hellip;]<\/p>","protected":false},"author":1,"featured_media":4973,"parent":0,"menu_order":0,"comment_status":"closed","ping_status":"closed","template":"","meta":{"footnotes":""},"yoast_head":"<!-- This site is optimized with the Yoast SEO plugin v23.5 - https:\/\/yoast.com\/wordpress\/plugins\/seo\/ -->\n<title>Livraison et installation - Vulx<\/title>\n<meta name=\"description\" content=\"D\u00e9couvrez nos solutions de livraison et d&#039;installation de nos produits VULX. Livraison dans toute la France. Montage possible\" \/>\n<meta name=\"robots\" content=\"index, follow, max-snippet:-1, max-image-preview:large, max-video-preview:-1\" \/>\n<link rel=\"canonical\" href=\"https:\/\/www.my-vulx.com\/en\/livraison-installation\/\" \/>\n<meta property=\"og:locale\" content=\"en_GB\" \/>\n<meta property=\"og:type\" content=\"article\" \/>\n<meta property=\"og:title\" content=\"Livraison et installation - Vulx\" \/>\n<meta property=\"og:description\" content=\"D\u00e9couvrez nos solutions de livraison et d&#039;installation de nos produits VULX. Livraison dans toute la France. Montage possible\" \/>\n<meta property=\"og:url\" content=\"https:\/\/www.my-vulx.com\/en\/livraison-installation\/\" \/>\n<meta property=\"og:site_name\" content=\"Vulx\" \/>\n<meta property=\"article:modified_time\" content=\"2024-04-30T13:46:08+00:00\" \/>\n<meta property=\"og:image\" content=\"https:\/\/www.my-vulx.com\/wp-content\/uploads\/2024\/04\/Livraison-1.jpg\" \/>\n\t<meta property=\"og:image:width\" content=\"1903\" \/>\n\t<meta property=\"og:image:height\" content=\"400\" \/>\n\t<meta property=\"og:image:type\" content=\"image\/jpeg\" \/>\n<meta name=\"twitter:card\" content=\"summary_large_image\" \/>\n<meta name=\"twitter:label1\" content=\"Estimated reading time\" \/>\n\t<meta name=\"twitter:data1\" content=\"3 minutes\" \/>\n<script type=\"application\/ld+json\" class=\"yoast-schema-graph\">{\"@context\":\"https:\/\/schema.org\",\"@graph\":[{\"@type\":\"WebPage\",\"@id\":\"https:\/\/www.my-vulx.com\/livraison-installation\/\",\"url\":\"https:\/\/www.my-vulx.com\/livraison-installation\/\",\"name\":\"Livraison et installation - Vulx\",\"isPartOf\":{\"@id\":\"https:\/\/www.my-vulx.com\/#website\"},\"primaryImageOfPage\":{\"@id\":\"https:\/\/www.my-vulx.com\/livraison-installation\/#primaryimage\"},\"image\":{\"@id\":\"https:\/\/www.my-vulx.com\/livraison-installation\/#primaryimage\"},\"thumbnailUrl\":\"https:\/\/www.my-vulx.com\/wp-content\/uploads\/2024\/04\/Livraison-1.jpg\",\"datePublished\":\"2024-03-29T14:24:50+00:00\",\"dateModified\":\"2024-04-30T13:46:08+00:00\",\"description\":\"D\u00e9couvrez nos solutions de livraison et d'installation de nos produits VULX. Livraison dans toute la France. Montage possible\",\"breadcrumb\":{\"@id\":\"https:\/\/www.my-vulx.com\/livraison-installation\/#breadcrumb\"},\"inLanguage\":\"en-GB\",\"potentialAction\":[{\"@type\":\"ReadAction\",\"target\":[\"https:\/\/www.my-vulx.com\/livraison-installation\/\"]}]},{\"@type\":\"ImageObject\",\"inLanguage\":\"en-GB\",\"@id\":\"https:\/\/www.my-vulx.com\/livraison-installation\/#primaryimage\",\"url\":\"https:\/\/www.my-vulx.com\/wp-content\/uploads\/2024\/04\/Livraison-1.jpg\",\"contentUrl\":\"https:\/\/www.my-vulx.com\/wp-content\/uploads\/2024\/04\/Livraison-1.jpg\",\"width\":1903,\"height\":400,\"caption\":\"Livraison et installation\"},{\"@type\":\"BreadcrumbList\",\"@id\":\"https:\/\/www.my-vulx.com\/livraison-installation\/#breadcrumb\",\"itemListElement\":[{\"@type\":\"ListItem\",\"position\":1,\"name\":\"Accueil\",\"item\":\"https:\/\/www.my-vulx.com\/\"},{\"@type\":\"ListItem\",\"position\":2,\"name\":\"Livraison et installation\"}]},{\"@type\":\"WebSite\",\"@id\":\"https:\/\/www.my-vulx.com\/#website\",\"url\":\"https:\/\/www.my-vulx.com\/\",\"name\":\"Vulx\",\"description\":\"La chaleur des bons moments\",\"publisher\":{\"@id\":\"https:\/\/www.my-vulx.com\/#organization\"},\"potentialAction\":[{\"@type\":\"SearchAction\",\"target\":{\"@type\":\"EntryPoint\",\"urlTemplate\":\"https:\/\/www.my-vulx.com\/?s={search_term_string}\"},\"query-input\":{\"@type\":\"PropertyValueSpecification\",\"valueRequired\":true,\"valueName\":\"search_term_string\"}}],\"inLanguage\":\"en-GB\"},{\"@type\":\"Organization\",\"@id\":\"https:\/\/www.my-vulx.com\/#organization\",\"name\":\"Vulx\",\"url\":\"https:\/\/www.my-vulx.com\/\",\"logo\":{\"@type\":\"ImageObject\",\"inLanguage\":\"en-GB\",\"@id\":\"https:\/\/www.my-vulx.com\/#\/schema\/logo\/image\/\",\"url\":\"https:\/\/www.my-vulx.com\/wp-content\/uploads\/2024\/03\/cropped-cropped-cropped-logo-v2.png\",\"contentUrl\":\"https:\/\/www.my-vulx.com\/wp-content\/uploads\/2024\/03\/cropped-cropped-cropped-logo-v2.png\",\"width\":250,\"height\":78,\"caption\":\"Vulx\"},\"image\":{\"@id\":\"https:\/\/www.my-vulx.com\/#\/schema\/logo\/image\/\"}}]}<\/script>\n<!-- \/ Yoast SEO plugin. -->","yoast_head_json":{"title":"Livraison et installation - Vulx","description":"D\u00e9couvrez nos solutions de livraison et d'installation de nos produits VULX. Livraison dans toute la France. Montage possible","robots":{"index":"index","follow":"follow","max-snippet":"max-snippet:-1","max-image-preview":"max-image-preview:large","max-video-preview":"max-video-preview:-1"},"canonical":"https:\/\/www.my-vulx.com\/en\/livraison-installation\/","og_locale":"en_GB","og_type":"article","og_title":"Livraison et installation - Vulx","og_description":"D\u00e9couvrez nos solutions de livraison et d'installation de nos produits VULX. Livraison dans toute la France. Montage possible","og_url":"https:\/\/www.my-vulx.com\/en\/livraison-installation\/","og_site_name":"Vulx","article_modified_time":"2024-04-30T13:46:08+00:00","og_image":[{"width":1903,"height":400,"url":"https:\/\/www.my-vulx.com\/wp-content\/uploads\/2024\/04\/Livraison-1.jpg","type":"image\/jpeg"}],"twitter_card":"summary_large_image","twitter_misc":{"Estimated reading time":"3 minutes"},"schema":{"@context":"https:\/\/schema.org","@graph":[{"@type":"WebPage","@id":"https:\/\/www.my-vulx.com\/livraison-installation\/","url":"https:\/\/www.my-vulx.com\/livraison-installation\/","name":"Livraison et installation - Vulx","isPartOf":{"@id":"https:\/\/www.my-vulx.com\/#website"},"primaryImageOfPage":{"@id":"https:\/\/www.my-vulx.com\/livraison-installation\/#primaryimage"},"image":{"@id":"https:\/\/www.my-vulx.com\/livraison-installation\/#primaryimage"},"thumbnailUrl":"https:\/\/www.my-vulx.com\/wp-content\/uploads\/2024\/04\/Livraison-1.jpg","datePublished":"2024-03-29T14:24:50+00:00","dateModified":"2024-04-30T13:46:08+00:00","description":"D\u00e9couvrez nos solutions de livraison et d'installation de nos produits VULX. Livraison dans toute la France. Montage possible","breadcrumb":{"@id":"https:\/\/www.my-vulx.com\/livraison-installation\/#breadcrumb"},"inLanguage":"en-GB","potentialAction":[{"@type":"ReadAction","target":["https:\/\/www.my-vulx.com\/livraison-installation\/"]}]},{"@type":"ImageObject","inLanguage":"en-GB","@id":"https:\/\/www.my-vulx.com\/livraison-installation\/#primaryimage","url":"https:\/\/www.my-vulx.com\/wp-content\/uploads\/2024\/04\/Livraison-1.jpg","contentUrl":"https:\/\/www.my-vulx.com\/wp-content\/uploads\/2024\/04\/Livraison-1.jpg","width":1903,"height":400,"caption":"Livraison et installation"},{"@type":"BreadcrumbList","@id":"https:\/\/www.my-vulx.com\/livraison-installation\/#breadcrumb","itemListElement":[{"@type":"ListItem","position":1,"name":"Accueil","item":"https:\/\/www.my-vulx.com\/"},{"@type":"ListItem","position":2,"name":"Livraison et installation"}]},{"@type":"WebSite","@id":"https:\/\/www.my-vulx.com\/#website","url":"https:\/\/www.my-vulx.com\/","name":"Vulx","description":"La chaleur des bons moments","publisher":{"@id":"https:\/\/www.my-vulx.com\/#organization"},"potentialAction":[{"@type":"SearchAction","target":{"@type":"EntryPoint","urlTemplate":"https:\/\/www.my-vulx.com\/?s={search_term_string}"},"query-input":{"@type":"PropertyValueSpecification","valueRequired":true,"valueName":"search_term_string"}}],"inLanguage":"en-GB"},{"@type":"Organization","@id":"https:\/\/www.my-vulx.com\/#organization","name":"Vulx","url":"https:\/\/www.my-vulx.com\/","logo":{"@type":"ImageObject","inLanguage":"en-GB","@id":"https:\/\/www.my-vulx.com\/#\/schema\/logo\/image\/","url":"https:\/\/www.my-vulx.com\/wp-content\/uploads\/2024\/03\/cropped-cropped-cropped-logo-v2.png","contentUrl":"https:\/\/www.my-vulx.com\/wp-content\/uploads\/2024\/03\/cropped-cropped-cropped-logo-v2.png","width":250,"height":78,"caption":"Vulx"},"image":{"@id":"https:\/\/www.my-vulx.com\/#\/schema\/logo\/image\/"}}]}},"_links":{"self":[{"href":"https:\/\/www.my-vulx.com\/en\/wp-json\/wp\/v2\/pages\/4785"}],"collection":[{"href":"https:\/\/www.my-vulx.com\/en\/wp-json\/wp\/v2\/pages"}],"about":[{"href":"https:\/\/www.my-vulx.com\/en\/wp-json\/wp\/v2\/types\/page"}],"author":[{"embeddable":true,"href":"https:\/\/www.my-vulx.com\/en\/wp-json\/wp\/v2\/users\/1"}],"replies":[{"embeddable":true,"href":"https:\/\/www.my-vulx.com\/en\/wp-json\/wp\/v2\/comments?post=4785"}],"version-history":[{"count":8,"href":"https:\/\/www.my-vulx.com\/en\/wp-json\/wp\/v2\/pages\/4785\/revisions"}],"predecessor-version":[{"id":5276,"href":"https:\/\/www.my-vulx.com\/en\/wp-json\/wp\/v2\/pages\/4785\/revisions\/5276"}],"wp:featuredmedia":[{"embeddable":true,"href":"https:\/\/www.my-vulx.com\/en\/wp-json\/wp\/v2\/media\/4973"}],"wp:attachment":[{"href":"https:\/\/www.my-vulx.com\/en\/wp-json\/wp\/v2\/media?parent=4785"}],"curies":[{"name":"wp","href":"https:\/\/api.w.org\/{rel}","templated":true}]}}