{"id":4797,"date":"2024-04-02T12:16:08","date_gmt":"2024-04-02T10:16:08","guid":{"rendered":"https:\/\/preprod.my-vulx.com\/?page_id=4797"},"modified":"2024-10-10T17:03:46","modified_gmt":"2024-10-10T15:03:46","slug":"nos-services","status":"publish","type":"page","link":"https:\/\/www.my-vulx.com\/en\/nos-services\/","title":{"rendered":"Nos services"},"content":{"rendered":"<p class=\"translation-block\">At VULX, our passion is to be with you every step of the way, so that you can experience the warmth of good times around a VULX appliance.<\/p>\n<p>That's why we offer a wide range of services to enhance your experience and help you buy your outdoor cooking or heating appliance.<\/p>\n<h2>Delivery and installation<\/h2>\n<p>Our premium home delivery and installation services are available exclusively in mainland France for VULX appliances purchased on my-vulx.com.<\/p>\n<p class=\"translation-block\">Discover our two delivery formulas<strong>VULX'PRESS<\/strong> and <strong>VULX'PERT.<\/strong><\/p>\n<p style=\"text-align: right;\"><a href=\"\/en\/livraison-installation\/\" title=\"LEARN MORE\" class=\"btn btn-primary\">LEARN MORE <\/a><\/p>\n<p>&nbsp;<\/p>\n<h2>Guarantee<\/h2>\n<p>When you choose a VULX product, you can be sure of its quality and durability. Each item undergoes strict quality testing to ensure that it meets the highest standards and provides an optimum user experience over the long term.<\/p>\n<p>We offer an extensive range of warranties for all our products, ensuring full protection against manufacturing defects and hidden faults.<\/p>\n<p style=\"text-align: right;\"><a href=\"\/en\/garantie\/\" title=\"LEARN MORE\" class=\"btn btn-primary\">LEARN MORE <\/a><\/p>","protected":false},"excerpt":{"rendered":"<p>Chez VULX, notre passion est de vous accompagner \u00e0 chaque instant, pour que vous puissiez vivre la chaleur des bons moments autour d&rsquo;un appareil VULX. C&rsquo;est pourquoi, nous vous proposons une gamme vari\u00e9e de services pour enrichir votre exp\u00e9rience et vous aider dans l&rsquo;achat de votre appareil de cuisson ou [&hellip;]<\/p>","protected":false},"author":1,"featured_media":4828,"parent":0,"menu_order":0,"comment_status":"closed","ping_status":"closed","template":"","meta":{"footnotes":""},"yoast_head":"<!-- This site is optimized with the Yoast SEO plugin v23.5 - https:\/\/yoast.com\/wordpress\/plugins\/seo\/ -->\n<title>Nos services - Vulx<\/title>\n<meta name=\"description\" content=\"D\u00e9couvrez les services VULX : service de livraison et paiement en 4x sans. L&#039;ensemble de ces services sont r\u00e9serv\u00e9s \u00e0 la France m\u00e9tropolitaine\" \/>\n<meta name=\"robots\" content=\"index, follow, max-snippet:-1, max-image-preview:large, max-video-preview:-1\" \/>\n<link rel=\"canonical\" href=\"https:\/\/www.my-vulx.com\/en\/nos-services\/\" \/>\n<meta property=\"og:locale\" content=\"en_GB\" \/>\n<meta property=\"og:type\" content=\"article\" \/>\n<meta property=\"og:title\" content=\"Nos services - Vulx\" \/>\n<meta property=\"og:description\" content=\"D\u00e9couvrez les services VULX : service de livraison et paiement en 4x sans. L&#039;ensemble de ces services sont r\u00e9serv\u00e9s \u00e0 la France m\u00e9tropolitaine\" \/>\n<meta property=\"og:url\" content=\"https:\/\/www.my-vulx.com\/en\/nos-services\/\" \/>\n<meta property=\"og:site_name\" content=\"Vulx\" \/>\n<meta property=\"article:modified_time\" content=\"2024-10-10T15:03:46+00:00\" \/>\n<meta property=\"og:image\" content=\"https:\/\/www.my-vulx.com\/wp-content\/uploads\/2024\/04\/GAMME-CUISSON-MAGMA-1903x300-1.jpg\" \/>\n\t<meta property=\"og:image:width\" content=\"1903\" \/>\n\t<meta property=\"og:image:height\" content=\"400\" \/>\n\t<meta property=\"og:image:type\" content=\"image\/jpeg\" \/>\n<meta name=\"twitter:card\" content=\"summary_large_image\" \/>\n<meta name=\"twitter:label1\" content=\"Estimated reading time\" \/>\n\t<meta name=\"twitter:data1\" content=\"2 minutes\" \/>\n<script type=\"application\/ld+json\" class=\"yoast-schema-graph\">{\"@context\":\"https:\/\/schema.org\",\"@graph\":[{\"@type\":\"WebPage\",\"@id\":\"https:\/\/www.my-vulx.com\/nos-services\/\",\"url\":\"https:\/\/www.my-vulx.com\/nos-services\/\",\"name\":\"Nos services - Vulx\",\"isPartOf\":{\"@id\":\"https:\/\/www.my-vulx.com\/#website\"},\"primaryImageOfPage\":{\"@id\":\"https:\/\/www.my-vulx.com\/nos-services\/#primaryimage\"},\"image\":{\"@id\":\"https:\/\/www.my-vulx.com\/nos-services\/#primaryimage\"},\"thumbnailUrl\":\"https:\/\/www.my-vulx.com\/wp-content\/uploads\/2024\/04\/GAMME-CUISSON-MAGMA-1903x300-1.jpg\",\"datePublished\":\"2024-04-02T10:16:08+00:00\",\"dateModified\":\"2024-10-10T15:03:46+00:00\",\"description\":\"D\u00e9couvrez les services VULX : service de livraison et paiement en 4x sans. L'ensemble de ces services sont r\u00e9serv\u00e9s \u00e0 la France m\u00e9tropolitaine\",\"breadcrumb\":{\"@id\":\"https:\/\/www.my-vulx.com\/nos-services\/#breadcrumb\"},\"inLanguage\":\"en-GB\",\"potentialAction\":[{\"@type\":\"ReadAction\",\"target\":[\"https:\/\/www.my-vulx.com\/nos-services\/\"]}]},{\"@type\":\"ImageObject\",\"inLanguage\":\"en-GB\",\"@id\":\"https:\/\/www.my-vulx.com\/nos-services\/#primaryimage\",\"url\":\"https:\/\/www.my-vulx.com\/wp-content\/uploads\/2024\/04\/GAMME-CUISSON-MAGMA-1903x300-1.jpg\",\"contentUrl\":\"https:\/\/www.my-vulx.com\/wp-content\/uploads\/2024\/04\/GAMME-CUISSON-MAGMA-1903x300-1.jpg\",\"width\":1903,\"height\":400,\"caption\":\"table plancha barbecue VULX\"},{\"@type\":\"BreadcrumbList\",\"@id\":\"https:\/\/www.my-vulx.com\/nos-services\/#breadcrumb\",\"itemListElement\":[{\"@type\":\"ListItem\",\"position\":1,\"name\":\"Accueil\",\"item\":\"https:\/\/www.my-vulx.com\/\"},{\"@type\":\"ListItem\",\"position\":2,\"name\":\"Nos services\"}]},{\"@type\":\"WebSite\",\"@id\":\"https:\/\/www.my-vulx.com\/#website\",\"url\":\"https:\/\/www.my-vulx.com\/\",\"name\":\"Vulx\",\"description\":\"La chaleur des bons moments\",\"publisher\":{\"@id\":\"https:\/\/www.my-vulx.com\/#organization\"},\"potentialAction\":[{\"@type\":\"SearchAction\",\"target\":{\"@type\":\"EntryPoint\",\"urlTemplate\":\"https:\/\/www.my-vulx.com\/?s={search_term_string}\"},\"query-input\":{\"@type\":\"PropertyValueSpecification\",\"valueRequired\":true,\"valueName\":\"search_term_string\"}}],\"inLanguage\":\"en-GB\"},{\"@type\":\"Organization\",\"@id\":\"https:\/\/www.my-vulx.com\/#organization\",\"name\":\"Vulx\",\"url\":\"https:\/\/www.my-vulx.com\/\",\"logo\":{\"@type\":\"ImageObject\",\"inLanguage\":\"en-GB\",\"@id\":\"https:\/\/www.my-vulx.com\/#\/schema\/logo\/image\/\",\"url\":\"https:\/\/www.my-vulx.com\/wp-content\/uploads\/2024\/03\/cropped-cropped-cropped-logo-v2.png\",\"contentUrl\":\"https:\/\/www.my-vulx.com\/wp-content\/uploads\/2024\/03\/cropped-cropped-cropped-logo-v2.png\",\"width\":250,\"height\":78,\"caption\":\"Vulx\"},\"image\":{\"@id\":\"https:\/\/www.my-vulx.com\/#\/schema\/logo\/image\/\"}}]}<\/script>\n<!-- \/ Yoast SEO plugin. -->","yoast_head_json":{"title":"Nos services - Vulx","description":"D\u00e9couvrez les services VULX : service de livraison et paiement en 4x sans. L'ensemble de ces services sont r\u00e9serv\u00e9s \u00e0 la France m\u00e9tropolitaine","robots":{"index":"index","follow":"follow","max-snippet":"max-snippet:-1","max-image-preview":"max-image-preview:large","max-video-preview":"max-video-preview:-1"},"canonical":"https:\/\/www.my-vulx.com\/en\/nos-services\/","og_locale":"en_GB","og_type":"article","og_title":"Nos services - Vulx","og_description":"D\u00e9couvrez les services VULX : service de livraison et paiement en 4x sans. L'ensemble de ces services sont r\u00e9serv\u00e9s \u00e0 la France m\u00e9tropolitaine","og_url":"https:\/\/www.my-vulx.com\/en\/nos-services\/","og_site_name":"Vulx","article_modified_time":"2024-10-10T15:03:46+00:00","og_image":[{"width":1903,"height":400,"url":"https:\/\/www.my-vulx.com\/wp-content\/uploads\/2024\/04\/GAMME-CUISSON-MAGMA-1903x300-1.jpg","type":"image\/jpeg"}],"twitter_card":"summary_large_image","twitter_misc":{"Estimated reading time":"2 minutes"},"schema":{"@context":"https:\/\/schema.org","@graph":[{"@type":"WebPage","@id":"https:\/\/www.my-vulx.com\/nos-services\/","url":"https:\/\/www.my-vulx.com\/nos-services\/","name":"Nos services - Vulx","isPartOf":{"@id":"https:\/\/www.my-vulx.com\/#website"},"primaryImageOfPage":{"@id":"https:\/\/www.my-vulx.com\/nos-services\/#primaryimage"},"image":{"@id":"https:\/\/www.my-vulx.com\/nos-services\/#primaryimage"},"thumbnailUrl":"https:\/\/www.my-vulx.com\/wp-content\/uploads\/2024\/04\/GAMME-CUISSON-MAGMA-1903x300-1.jpg","datePublished":"2024-04-02T10:16:08+00:00","dateModified":"2024-10-10T15:03:46+00:00","description":"D\u00e9couvrez les services VULX : service de livraison et paiement en 4x sans. L'ensemble de ces services sont r\u00e9serv\u00e9s \u00e0 la France m\u00e9tropolitaine","breadcrumb":{"@id":"https:\/\/www.my-vulx.com\/nos-services\/#breadcrumb"},"inLanguage":"en-GB","potentialAction":[{"@type":"ReadAction","target":["https:\/\/www.my-vulx.com\/nos-services\/"]}]},{"@type":"ImageObject","inLanguage":"en-GB","@id":"https:\/\/www.my-vulx.com\/nos-services\/#primaryimage","url":"https:\/\/www.my-vulx.com\/wp-content\/uploads\/2024\/04\/GAMME-CUISSON-MAGMA-1903x300-1.jpg","contentUrl":"https:\/\/www.my-vulx.com\/wp-content\/uploads\/2024\/04\/GAMME-CUISSON-MAGMA-1903x300-1.jpg","width":1903,"height":400,"caption":"table plancha barbecue VULX"},{"@type":"BreadcrumbList","@id":"https:\/\/www.my-vulx.com\/nos-services\/#breadcrumb","itemListElement":[{"@type":"ListItem","position":1,"name":"Accueil","item":"https:\/\/www.my-vulx.com\/"},{"@type":"ListItem","position":2,"name":"Nos services"}]},{"@type":"WebSite","@id":"https:\/\/www.my-vulx.com\/#website","url":"https:\/\/www.my-vulx.com\/","name":"Vulx","description":"La chaleur des bons moments","publisher":{"@id":"https:\/\/www.my-vulx.com\/#organization"},"potentialAction":[{"@type":"SearchAction","target":{"@type":"EntryPoint","urlTemplate":"https:\/\/www.my-vulx.com\/?s={search_term_string}"},"query-input":{"@type":"PropertyValueSpecification","valueRequired":true,"valueName":"search_term_string"}}],"inLanguage":"en-GB"},{"@type":"Organization","@id":"https:\/\/www.my-vulx.com\/#organization","name":"Vulx","url":"https:\/\/www.my-vulx.com\/","logo":{"@type":"ImageObject","inLanguage":"en-GB","@id":"https:\/\/www.my-vulx.com\/#\/schema\/logo\/image\/","url":"https:\/\/www.my-vulx.com\/wp-content\/uploads\/2024\/03\/cropped-cropped-cropped-logo-v2.png","contentUrl":"https:\/\/www.my-vulx.com\/wp-content\/uploads\/2024\/03\/cropped-cropped-cropped-logo-v2.png","width":250,"height":78,"caption":"Vulx"},"image":{"@id":"https:\/\/www.my-vulx.com\/#\/schema\/logo\/image\/"}}]}},"_links":{"self":[{"href":"https:\/\/www.my-vulx.com\/en\/wp-json\/wp\/v2\/pages\/4797"}],"collection":[{"href":"https:\/\/www.my-vulx.com\/en\/wp-json\/wp\/v2\/pages"}],"about":[{"href":"https:\/\/www.my-vulx.com\/en\/wp-json\/wp\/v2\/types\/page"}],"author":[{"embeddable":true,"href":"https:\/\/www.my-vulx.com\/en\/wp-json\/wp\/v2\/users\/1"}],"replies":[{"embeddable":true,"href":"https:\/\/www.my-vulx.com\/en\/wp-json\/wp\/v2\/comments?post=4797"}],"version-history":[{"count":83,"href":"https:\/\/www.my-vulx.com\/en\/wp-json\/wp\/v2\/pages\/4797\/revisions"}],"predecessor-version":[{"id":5465,"href":"https:\/\/www.my-vulx.com\/en\/wp-json\/wp\/v2\/pages\/4797\/revisions\/5465"}],"wp:featuredmedia":[{"embeddable":true,"href":"https:\/\/www.my-vulx.com\/en\/wp-json\/wp\/v2\/media\/4828"}],"wp:attachment":[{"href":"https:\/\/www.my-vulx.com\/en\/wp-json\/wp\/v2\/media?parent=4797"}],"curies":[{"name":"wp","href":"https:\/\/api.w.org\/{rel}","templated":true}]}}