{"id":5332,"date":"2024-05-27T10:48:10","date_gmt":"2024-05-27T08:48:10","guid":{"rendered":"https:\/\/www.my-vulx.com\/?page_id=5332"},"modified":"2024-05-27T10:48:26","modified_gmt":"2024-05-27T08:48:26","slug":"conditions-particulieres-offre-de-lancement-vulx-2","status":"publish","type":"page","link":"https:\/\/www.my-vulx.com\/en\/conditions-particulieres-offre-de-lancement-vulx-2\/","title":{"rendered":"Special terms: VULX introductory offer"},"content":{"rendered":"<p>&nbsp;<\/p>\n<p style=\"margin-bottom: 0cm; text-align: justify;\"><b><u>Article 1: General provisions<o:p><\/o:p><\/u><\/b><\/p>\n<p style=\"margin-bottom: 0cm; text-align: justify;\">Les pr\u00e9sentes conditions particuli\u00e8res s\u2019appliquent, sans restrictions ni r\u00e9serves \u00e0 l\u2019ensemble des ventes conclues par les magasins partenaires, membres du r\u00e9seau SEGUIN, participant \u00e0 l\u2019op\u00e9ration (<i>cf. Article 4\u00a0<\/i>;<br \/>\nci-apr\u00e8s d\u00e9sign\u00e9s le \u00ab\u00a0<b>Vendeur<\/b> \u00bb), aupr\u00e8s de clients d\u00e9sirant acqu\u00e9rir les produits soumis \u00e0 l\u2019 \u00ab Offre de lancement\u00a0\u00bb (<i>cf.\u00a0Article 3<\/i>).<o:p><\/o:p>Les pr\u00e9sentes conditions particuli\u00e8res viennent pr\u00e9ciser les conditions g\u00e9n\u00e9rales de vente du Vendeur pour la p\u00e9riode de l\u2019Offre de lancement (<i>cf. Article 2<\/i>). <o:p><\/o:p>En cas de nullit\u00e9 d\u2019une clause des<br \/>\npr\u00e9sentes conditions particuli\u00e8res, les autres clauses restent valables.\u00a0 <o:p><\/o:p>En cas de nullit\u00e9 des conditions g\u00e9n\u00e9rales de vente du Vendeur,\u00a0 les pr\u00e9sentes conditions particuli\u00e8res demeurent applicables.<\/p>\n<p>&nbsp;<\/p>\n<p style=\"margin-bottom: 0cm; text-align: justify;\"><b><u>Article 2\u00a0: Dur\u00e9e de l\u2019Offre de lancement<o:p><\/o:p><\/u><\/b><\/p>\n<p style=\"margin-bottom: 0cm; text-align: justify;\">L\u2019Offre de lancement est valable du 3 au 30 juin 2024 inclus jusqu\u2019\u00e0 \u00e9puisement des stocks.<o:p><\/o:p><\/p>\n<p>&nbsp;<\/p>\n<p style=\"margin-bottom: 0cm; text-align: justify;\"><b><u>Article 3\u00a0: D\u00e9tail de l\u2019Offre de lancement<o:p><\/o:p><\/u><\/b><\/p>\n<p style=\"margin-bottom: 0cm; text-align: justify;\"><b>3.1<\/b> Pour l\u2019achat d\u2019un barbecue BBQUBE ou BBQUBE BOX : une cocotte VULX rouge de diam\u00e8tre 18 cm offerte, d\u2019une valeur de 179 \u20ac TTC.<o:p><\/o:p><\/p>\n<p style=\"margin-bottom: 0cm; text-align: justify;\"><b>3.2<\/b> Pour l\u2019achat d\u2019un brasero IGNIS : un sac de granul\u00e9s offert d\u2019une valeur de 6.60 \u20ac\u00a0\u00a0\u00a0\u00a0\u00a0\u00a0\u00a0 .<o:p><\/o:p><\/p>\n<p style=\"margin-bottom: 0cm; text-align: justify;\"><b>3.3 <\/b>Ces offres ne sont pas cumulables avec toute autre op\u00e9ration commerciale en cours.<\/p>\n<p>&nbsp;<\/p>\n<p style=\"margin-bottom: 0cm; text-align: justify;\"><b><u>Article 4\u00a0: Les espaces de vente <o:p><\/o:p><\/u><\/b><\/p>\n<p style=\"margin-bottom: 0cm; text-align: justify;\">L\u2019Offre de lancement est applicable sur le site <i>my-vulx.com<\/i> et chez les vendeurs partenaires\u00a0(liste des points de vente sur <i>www.cheminees-seguin.com<\/i>).<o:p><\/o:p><\/p>\n<p>&nbsp;<\/p>\n<p style=\"margin-bottom: 0cm; text-align: justify;\"><b><u>Article 5\u00a0: Donn\u00e9es personnelles<o:p><\/o:p><\/u><\/b><\/p>\n<p style=\"margin-bottom: 0cm; text-align: justify;\">Durant la campagne de l\u2019Offre de lancement, les clients seront amen\u00e9s \u00e0 transmettre des donn\u00e9es personnelles dans le but de r\u00e9aliser la vente des produits soumis \u00e0 l\u2019Offre de lancement. \u00a0Le Vendeur est susceptible de transmettre des donn\u00e9es personnelles relatives aux clients \u00e0 la Soci\u00e9t\u00e9 Chemin\u00e9es Seguin Duteriez, fournisseur exclusif, \u00e0 des fins de gestion des garanties l\u00e9gales et commerciales, selon la politique de confidentialit\u00e9 d\u00e9finie sur <a href=\"http:\/\/www.cheminees-seguin.com\/\"><i>www.cheminees-seguin.com<\/i><\/a>, ainsi qu\u2019\u00e0 des fins de promotions commerciales relatives au Groupe Seguin.<\/p>\n<p style=\"margin-bottom: 0cm; text-align: justify;\"><o:p><\/o:p>Le client, personne physique, dispose d&rsquo;un droit d&rsquo;acc\u00e8s, de rectification, de limitation, d\u2019opposition, d\u2019effacement et de portabilit\u00e9 sur les Donn\u00e9es le concernant dans les conditions pos\u00e9es par les lois et r\u00e8glements en vigueur en France. <o:p><\/o:p>Le contact, personne physique, pourra saisir en cas de r\u00e9clamation la Commission Nationale Informatique et Libert\u00e9s (CNIL) sur son site internet <i>www.cnil.fr <\/i>ou par voie postale.<o:p><\/o:p><\/p>\n<p>&nbsp;<\/p>\n<p style=\"margin-bottom: 0cm; text-align: justify;\"><b><u>Article 6\u00a0: Force Majeure<o:p><\/o:p><\/u><\/b><\/p>\n<p style=\"margin-bottom: 0cm; text-align: justify;\">En cas de survenance d\u2019un cas de force majeure, les obligations du Vendeur \u00e0 l\u2019\u00e9gard du client sont suspendues. <o:p><\/o:p>Sont consid\u00e9r\u00e9s notamment, mais non exhaustivement, comme cas de force majeure : les gr\u00e8ves internes ou externes, les intemp\u00e9ries, les catastrophes naturelles, les incendies, accidents et pannes affectant des \u00e9l\u00e9ments essentiels de production, la guerre, la guerre civile, l\u2019\u00e9meute, l\u2019embargo, la p\u00e9nurie et\/ou la difficult\u00e9 d\u2019approvisionnement en mati\u00e8res premi\u00e8res, l\u2019acte de gouvernement. En pareilles circonstances, le Vendeur informera dans les meilleurs d\u00e9lais son client par lettre recommand\u00e9e avec avis de r\u00e9ception, de la survenance comme de la fin d\u2019un cas de force majeure.<\/p>\n<p>&nbsp;<\/p>\n<p><strong><u>Article 7\u00a0: Droit applicable et juridiction comp\u00e9tente<\/u><\/strong><\/p>\n<p>Les pr\u00e9sentes conditions particuli\u00e8res et les op\u00e9rations qui en d\u00e9coulent sont r\u00e9gies par le droit fran\u00e7ais.<\/p>\n<p>A d\u00e9faut d\u2019accord amiable, tout diff\u00e9rend au sujet de l\u2019application des pr\u00e9sentes conditions particuli\u00e8res et de leur interpr\u00e9tation, de leur ex\u00e9cution et des contrats de vente conclus par le Vendeur sera port\u00e9 devant le tribunal comp\u00e9tent, tel que d\u00e9termin\u00e9 en application des articles 46 et suivants du Code de proc\u00e9dure civile.<\/p>","protected":false},"excerpt":{"rendered":"<p>&nbsp; Article 1\u00a0: Dispositions g\u00e9n\u00e9rales Les pr\u00e9sentes conditions particuli\u00e8res s\u2019appliquent, sans restrictions ni r\u00e9serves \u00e0 l\u2019ensemble des ventes conclues par les magasins partenaires, membres du r\u00e9seau SEGUIN, participant \u00e0 l\u2019op\u00e9ration (cf. Article 4\u00a0; ci-apr\u00e8s d\u00e9sign\u00e9s le \u00ab\u00a0Vendeur \u00bb), aupr\u00e8s de clients d\u00e9sirant acqu\u00e9rir les produits soumis \u00e0 l\u2019 \u00ab Offre [&hellip;]<\/p>","protected":false},"author":1,"featured_media":5333,"parent":0,"menu_order":0,"comment_status":"closed","ping_status":"closed","template":"","meta":{"footnotes":""},"yoast_head":"<!-- This site is optimized with the Yoast SEO plugin v23.5 - https:\/\/yoast.com\/wordpress\/plugins\/seo\/ -->\n<title>Conditions particuli\u00e8res : Offre de lancement VULX - Vulx<\/title>\n<meta name=\"robots\" content=\"index, follow, max-snippet:-1, max-image-preview:large, max-video-preview:-1\" \/>\n<link rel=\"canonical\" href=\"https:\/\/www.my-vulx.com\/en\/conditions-particulieres-offre-de-lancement-vulx-2\/\" \/>\n<meta property=\"og:locale\" content=\"en_GB\" \/>\n<meta property=\"og:type\" content=\"article\" \/>\n<meta property=\"og:title\" content=\"Conditions particuli\u00e8res : Offre de lancement VULX - Vulx\" \/>\n<meta property=\"og:description\" content=\"&nbsp; Article 1\u00a0: Dispositions g\u00e9n\u00e9rales Les pr\u00e9sentes conditions particuli\u00e8res s\u2019appliquent, sans restrictions ni r\u00e9serves \u00e0 l\u2019ensemble des ventes conclues par les magasins partenaires, membres du r\u00e9seau SEGUIN, participant \u00e0 l\u2019op\u00e9ration (cf. Article 4\u00a0; ci-apr\u00e8s d\u00e9sign\u00e9s le \u00ab\u00a0Vendeur \u00bb), aupr\u00e8s de clients d\u00e9sirant acqu\u00e9rir les produits soumis \u00e0 l\u2019 \u00ab Offre [&hellip;]\" \/>\n<meta property=\"og:url\" content=\"https:\/\/www.my-vulx.com\/en\/conditions-particulieres-offre-de-lancement-vulx-2\/\" \/>\n<meta property=\"og:site_name\" content=\"Vulx\" \/>\n<meta property=\"article:modified_time\" content=\"2024-05-27T08:48:26+00:00\" \/>\n<meta property=\"og:image\" content=\"https:\/\/www.my-vulx.com\/wp-content\/uploads\/2024\/05\/visuel-offre-de-lancement-V2.jpg\" \/>\n\t<meta property=\"og:image:width\" content=\"2362\" \/>\n\t<meta property=\"og:image:height\" content=\"521\" \/>\n\t<meta property=\"og:image:type\" content=\"image\/jpeg\" \/>\n<meta name=\"twitter:card\" content=\"summary_large_image\" \/>\n<meta name=\"twitter:label1\" content=\"Estimated reading time\" \/>\n\t<meta name=\"twitter:data1\" content=\"3 minutes\" \/>\n<script type=\"application\/ld+json\" class=\"yoast-schema-graph\">{\"@context\":\"https:\/\/schema.org\",\"@graph\":[{\"@type\":\"WebPage\",\"@id\":\"https:\/\/www.my-vulx.com\/conditions-particulieres-offre-de-lancement-vulx-2\/\",\"url\":\"https:\/\/www.my-vulx.com\/conditions-particulieres-offre-de-lancement-vulx-2\/\",\"name\":\"Conditions particuli\u00e8res : Offre de lancement VULX - Vulx\",\"isPartOf\":{\"@id\":\"https:\/\/www.my-vulx.com\/#website\"},\"primaryImageOfPage\":{\"@id\":\"https:\/\/www.my-vulx.com\/conditions-particulieres-offre-de-lancement-vulx-2\/#primaryimage\"},\"image\":{\"@id\":\"https:\/\/www.my-vulx.com\/conditions-particulieres-offre-de-lancement-vulx-2\/#primaryimage\"},\"thumbnailUrl\":\"https:\/\/www.my-vulx.com\/wp-content\/uploads\/2024\/05\/visuel-offre-de-lancement-V2.jpg\",\"datePublished\":\"2024-05-27T08:48:10+00:00\",\"dateModified\":\"2024-05-27T08:48:26+00:00\",\"breadcrumb\":{\"@id\":\"https:\/\/www.my-vulx.com\/conditions-particulieres-offre-de-lancement-vulx-2\/#breadcrumb\"},\"inLanguage\":\"en-GB\",\"potentialAction\":[{\"@type\":\"ReadAction\",\"target\":[\"https:\/\/www.my-vulx.com\/conditions-particulieres-offre-de-lancement-vulx-2\/\"]}]},{\"@type\":\"ImageObject\",\"inLanguage\":\"en-GB\",\"@id\":\"https:\/\/www.my-vulx.com\/conditions-particulieres-offre-de-lancement-vulx-2\/#primaryimage\",\"url\":\"https:\/\/www.my-vulx.com\/wp-content\/uploads\/2024\/05\/visuel-offre-de-lancement-V2.jpg\",\"contentUrl\":\"https:\/\/www.my-vulx.com\/wp-content\/uploads\/2024\/05\/visuel-offre-de-lancement-V2.jpg\",\"width\":2362,\"height\":521,\"caption\":\"Offre de lancement VULX 2024\"},{\"@type\":\"BreadcrumbList\",\"@id\":\"https:\/\/www.my-vulx.com\/conditions-particulieres-offre-de-lancement-vulx-2\/#breadcrumb\",\"itemListElement\":[{\"@type\":\"ListItem\",\"position\":1,\"name\":\"Accueil\",\"item\":\"https:\/\/www.my-vulx.com\/\"},{\"@type\":\"ListItem\",\"position\":2,\"name\":\"Conditions particuli\u00e8res : Offre de lancement VULX\"}]},{\"@type\":\"WebSite\",\"@id\":\"https:\/\/www.my-vulx.com\/#website\",\"url\":\"https:\/\/www.my-vulx.com\/\",\"name\":\"Vulx\",\"description\":\"La chaleur des bons moments\",\"publisher\":{\"@id\":\"https:\/\/www.my-vulx.com\/#organization\"},\"potentialAction\":[{\"@type\":\"SearchAction\",\"target\":{\"@type\":\"EntryPoint\",\"urlTemplate\":\"https:\/\/www.my-vulx.com\/?s={search_term_string}\"},\"query-input\":{\"@type\":\"PropertyValueSpecification\",\"valueRequired\":true,\"valueName\":\"search_term_string\"}}],\"inLanguage\":\"en-GB\"},{\"@type\":\"Organization\",\"@id\":\"https:\/\/www.my-vulx.com\/#organization\",\"name\":\"Vulx\",\"url\":\"https:\/\/www.my-vulx.com\/\",\"logo\":{\"@type\":\"ImageObject\",\"inLanguage\":\"en-GB\",\"@id\":\"https:\/\/www.my-vulx.com\/#\/schema\/logo\/image\/\",\"url\":\"https:\/\/www.my-vulx.com\/wp-content\/uploads\/2024\/03\/cropped-cropped-cropped-logo-v2.png\",\"contentUrl\":\"https:\/\/www.my-vulx.com\/wp-content\/uploads\/2024\/03\/cropped-cropped-cropped-logo-v2.png\",\"width\":250,\"height\":78,\"caption\":\"Vulx\"},\"image\":{\"@id\":\"https:\/\/www.my-vulx.com\/#\/schema\/logo\/image\/\"}}]}<\/script>\n<!-- \/ Yoast SEO plugin. -->","yoast_head_json":{"title":"Conditions particuli\u00e8res : Offre de lancement VULX - Vulx","robots":{"index":"index","follow":"follow","max-snippet":"max-snippet:-1","max-image-preview":"max-image-preview:large","max-video-preview":"max-video-preview:-1"},"canonical":"https:\/\/www.my-vulx.com\/en\/conditions-particulieres-offre-de-lancement-vulx-2\/","og_locale":"en_GB","og_type":"article","og_title":"Conditions particuli\u00e8res : Offre de lancement VULX - Vulx","og_description":"&nbsp; Article 1\u00a0: Dispositions g\u00e9n\u00e9rales Les pr\u00e9sentes conditions particuli\u00e8res s\u2019appliquent, sans restrictions ni r\u00e9serves \u00e0 l\u2019ensemble des ventes conclues par les magasins partenaires, membres du r\u00e9seau SEGUIN, participant \u00e0 l\u2019op\u00e9ration (cf. Article 4\u00a0; ci-apr\u00e8s d\u00e9sign\u00e9s le \u00ab\u00a0Vendeur \u00bb), aupr\u00e8s de clients d\u00e9sirant acqu\u00e9rir les produits soumis \u00e0 l\u2019 \u00ab Offre [&hellip;]","og_url":"https:\/\/www.my-vulx.com\/en\/conditions-particulieres-offre-de-lancement-vulx-2\/","og_site_name":"Vulx","article_modified_time":"2024-05-27T08:48:26+00:00","og_image":[{"width":2362,"height":521,"url":"https:\/\/www.my-vulx.com\/wp-content\/uploads\/2024\/05\/visuel-offre-de-lancement-V2.jpg","type":"image\/jpeg"}],"twitter_card":"summary_large_image","twitter_misc":{"Estimated reading time":"3 minutes"},"schema":{"@context":"https:\/\/schema.org","@graph":[{"@type":"WebPage","@id":"https:\/\/www.my-vulx.com\/conditions-particulieres-offre-de-lancement-vulx-2\/","url":"https:\/\/www.my-vulx.com\/conditions-particulieres-offre-de-lancement-vulx-2\/","name":"Conditions particuli\u00e8res : Offre de lancement VULX - Vulx","isPartOf":{"@id":"https:\/\/www.my-vulx.com\/#website"},"primaryImageOfPage":{"@id":"https:\/\/www.my-vulx.com\/conditions-particulieres-offre-de-lancement-vulx-2\/#primaryimage"},"image":{"@id":"https:\/\/www.my-vulx.com\/conditions-particulieres-offre-de-lancement-vulx-2\/#primaryimage"},"thumbnailUrl":"https:\/\/www.my-vulx.com\/wp-content\/uploads\/2024\/05\/visuel-offre-de-lancement-V2.jpg","datePublished":"2024-05-27T08:48:10+00:00","dateModified":"2024-05-27T08:48:26+00:00","breadcrumb":{"@id":"https:\/\/www.my-vulx.com\/conditions-particulieres-offre-de-lancement-vulx-2\/#breadcrumb"},"inLanguage":"en-GB","potentialAction":[{"@type":"ReadAction","target":["https:\/\/www.my-vulx.com\/conditions-particulieres-offre-de-lancement-vulx-2\/"]}]},{"@type":"ImageObject","inLanguage":"en-GB","@id":"https:\/\/www.my-vulx.com\/conditions-particulieres-offre-de-lancement-vulx-2\/#primaryimage","url":"https:\/\/www.my-vulx.com\/wp-content\/uploads\/2024\/05\/visuel-offre-de-lancement-V2.jpg","contentUrl":"https:\/\/www.my-vulx.com\/wp-content\/uploads\/2024\/05\/visuel-offre-de-lancement-V2.jpg","width":2362,"height":521,"caption":"Offre de lancement VULX 2024"},{"@type":"BreadcrumbList","@id":"https:\/\/www.my-vulx.com\/conditions-particulieres-offre-de-lancement-vulx-2\/#breadcrumb","itemListElement":[{"@type":"ListItem","position":1,"name":"Accueil","item":"https:\/\/www.my-vulx.com\/"},{"@type":"ListItem","position":2,"name":"Conditions particuli\u00e8res : Offre de lancement VULX"}]},{"@type":"WebSite","@id":"https:\/\/www.my-vulx.com\/#website","url":"https:\/\/www.my-vulx.com\/","name":"Vulx","description":"La chaleur des bons moments","publisher":{"@id":"https:\/\/www.my-vulx.com\/#organization"},"potentialAction":[{"@type":"SearchAction","target":{"@type":"EntryPoint","urlTemplate":"https:\/\/www.my-vulx.com\/?s={search_term_string}"},"query-input":{"@type":"PropertyValueSpecification","valueRequired":true,"valueName":"search_term_string"}}],"inLanguage":"en-GB"},{"@type":"Organization","@id":"https:\/\/www.my-vulx.com\/#organization","name":"Vulx","url":"https:\/\/www.my-vulx.com\/","logo":{"@type":"ImageObject","inLanguage":"en-GB","@id":"https:\/\/www.my-vulx.com\/#\/schema\/logo\/image\/","url":"https:\/\/www.my-vulx.com\/wp-content\/uploads\/2024\/03\/cropped-cropped-cropped-logo-v2.png","contentUrl":"https:\/\/www.my-vulx.com\/wp-content\/uploads\/2024\/03\/cropped-cropped-cropped-logo-v2.png","width":250,"height":78,"caption":"Vulx"},"image":{"@id":"https:\/\/www.my-vulx.com\/#\/schema\/logo\/image\/"}}]}},"_links":{"self":[{"href":"https:\/\/www.my-vulx.com\/en\/wp-json\/wp\/v2\/pages\/5332"}],"collection":[{"href":"https:\/\/www.my-vulx.com\/en\/wp-json\/wp\/v2\/pages"}],"about":[{"href":"https:\/\/www.my-vulx.com\/en\/wp-json\/wp\/v2\/types\/page"}],"author":[{"embeddable":true,"href":"https:\/\/www.my-vulx.com\/en\/wp-json\/wp\/v2\/users\/1"}],"replies":[{"embeddable":true,"href":"https:\/\/www.my-vulx.com\/en\/wp-json\/wp\/v2\/comments?post=5332"}],"version-history":[{"count":8,"href":"https:\/\/www.my-vulx.com\/en\/wp-json\/wp\/v2\/pages\/5332\/revisions"}],"predecessor-version":[{"id":5342,"href":"https:\/\/www.my-vulx.com\/en\/wp-json\/wp\/v2\/pages\/5332\/revisions\/5342"}],"wp:featuredmedia":[{"embeddable":true,"href":"https:\/\/www.my-vulx.com\/en\/wp-json\/wp\/v2\/media\/5333"}],"wp:attachment":[{"href":"https:\/\/www.my-vulx.com\/en\/wp-json\/wp\/v2\/media?parent=5332"}],"curies":[{"name":"wp","href":"https:\/\/api.w.org\/{rel}","templated":true}]}}