{"id":122,"date":"2020-01-09T16:42:58","date_gmt":"2020-01-09T15:42:58","guid":{"rendered":"https:\/\/www.my-vulx.com\/?post_type=product&#038;p=122"},"modified":"2026-04-17T10:00:50","modified_gmt":"2026-04-17T08:00:50","slug":"table-barbecue-plancha-magma","status":"publish","type":"product","link":"https:\/\/www.my-vulx.com\/en\/product\/table-barbecue-plancha-magma\/","title":{"rendered":"Brazier Plancha Table MAGMA"},"content":{"rendered":"<div data-elementor-type=\"wp-post\" data-elementor-id=\"122\" class=\"elementor elementor-122\">\n\t\t\t\t\t\t<section class=\"elementor-section elementor-top-section elementor-element elementor-element-397661a elementor-section-boxed elementor-section-height-default elementor-section-height-default\" data-id=\"397661a\" data-element_type=\"section\">\n\t\t\t\t\t\t<div class=\"elementor-container elementor-column-gap-default\">\n\t\t\t\t\t<div class=\"elementor-column elementor-col-33 elementor-top-column elementor-element elementor-element-c86a34b\" data-id=\"c86a34b\" data-element_type=\"column\">\n\t\t\t<div class=\"elementor-widget-wrap elementor-element-populated\">\n\t\t\t\t\t\t<div class=\"elementor-element elementor-element-e9070e3 elementor-widget elementor-widget-image\" data-id=\"e9070e3\" data-element_type=\"widget\" data-widget_type=\"image.default\">\n\t\t\t\t<div class=\"elementor-widget-container\">\n\t\t\t\t\t\t\t\t\t\t\t\t\t\t\t<img fetchpriority=\"high\" decoding=\"async\" width=\"693\" height=\"1024\" src=\"https:\/\/www.my-vulx.com\/wp-content\/uploads\/2020\/01\/Polyvalence-1-693x1024.jpg\" class=\"attachment-large size-large wp-image-4993\" alt=\"Table barbecue plancha MAGMA polyvalente\" srcset=\"https:\/\/www.my-vulx.com\/wp-content\/uploads\/2020\/01\/Polyvalence-1-693x1024.jpg 693w, https:\/\/www.my-vulx.com\/wp-content\/uploads\/2020\/01\/Polyvalence-1-203x300.jpg 203w, https:\/\/www.my-vulx.com\/wp-content\/uploads\/2020\/01\/Polyvalence-1-768x1135.jpg 768w, https:\/\/www.my-vulx.com\/wp-content\/uploads\/2020\/01\/Polyvalence-1-1039x1536.jpg 1039w, https:\/\/www.my-vulx.com\/wp-content\/uploads\/2020\/01\/Polyvalence-1-1386x2048.jpg 1386w, https:\/\/www.my-vulx.com\/wp-content\/uploads\/2020\/01\/Polyvalence-1-8x12.jpg 8w, https:\/\/www.my-vulx.com\/wp-content\/uploads\/2020\/01\/Polyvalence-1-600x887.jpg 600w, https:\/\/www.my-vulx.com\/wp-content\/uploads\/2020\/01\/Polyvalence-1-scaled.jpg 1732w\" sizes=\"(max-width: 693px) 100vw, 693px\" \/>\t\t\t\t\t\t\t\t\t\t\t\t\t\t\t<\/div>\n\t\t\t\t<\/div>\n\t\t\t\t<div class=\"elementor-element elementor-element-6829b69 elementor-widget elementor-widget-heading\" data-id=\"6829b69\" data-element_type=\"widget\" data-widget_type=\"heading.default\">\n\t\t\t\t<div class=\"elementor-widget-container\">\n\t\t\t\t\t<h3 class=\"elementor-heading-title elementor-size-default\"><b>Unequalled versatility<\/b><\/h3>\t\t\t\t<\/div>\n\t\t\t\t<\/div>\n\t\t\t\t<div class=\"elementor-element elementor-element-85eeba0 elementor-widget elementor-widget-text-editor\" data-id=\"85eeba0\" data-element_type=\"widget\" data-widget_type=\"text-editor.default\">\n\t\t\t\t<div class=\"elementor-widget-container\">\n\t\t\t\t\t\t\t\t\t<p>With its 3-in-1 design, MAGMA plays an original and creative role in cocktails, brunches, barbecues and other get-togethers. The pleasure of cooking combined with a design inspiring joyful conviviality. Its unrivalled versatility also promises ease of use. A barbecue, plancha and table in one, MAGMA is a talented player of many roles. A VULX lifestyle with mouth-watering appeal!<\/p>\t\t\t\t\t\t\t\t<\/div>\n\t\t\t\t<\/div>\n\t\t\t\t\t<\/div>\n\t\t<\/div>\n\t\t\t\t<div class=\"elementor-column elementor-col-33 elementor-top-column elementor-element elementor-element-000165d\" data-id=\"000165d\" data-element_type=\"column\">\n\t\t\t<div class=\"elementor-widget-wrap elementor-element-populated\">\n\t\t\t\t\t\t<div class=\"elementor-element elementor-element-20fd254 elementor-widget elementor-widget-image\" data-id=\"20fd254\" data-element_type=\"widget\" data-widget_type=\"image.default\">\n\t\t\t\t<div class=\"elementor-widget-container\">\n\t\t\t\t\t\t\t\t\t\t\t\t\t\t\t<img decoding=\"async\" width=\"693\" height=\"1024\" src=\"https:\/\/www.my-vulx.com\/wp-content\/uploads\/2020\/01\/Creativite-1-693x1024.jpg\" class=\"attachment-large size-large wp-image-4994\" alt=\"Cuisiner sur une table barbecue plancha\" srcset=\"https:\/\/www.my-vulx.com\/wp-content\/uploads\/2020\/01\/Creativite-1-693x1024.jpg 693w, https:\/\/www.my-vulx.com\/wp-content\/uploads\/2020\/01\/Creativite-1-203x300.jpg 203w, https:\/\/www.my-vulx.com\/wp-content\/uploads\/2020\/01\/Creativite-1-768x1135.jpg 768w, https:\/\/www.my-vulx.com\/wp-content\/uploads\/2020\/01\/Creativite-1-1039x1536.jpg 1039w, https:\/\/www.my-vulx.com\/wp-content\/uploads\/2020\/01\/Creativite-1-1386x2048.jpg 1386w, https:\/\/www.my-vulx.com\/wp-content\/uploads\/2020\/01\/Creativite-1-8x12.jpg 8w, https:\/\/www.my-vulx.com\/wp-content\/uploads\/2020\/01\/Creativite-1-600x887.jpg 600w, https:\/\/www.my-vulx.com\/wp-content\/uploads\/2020\/01\/Creativite-1-scaled.jpg 1732w\" sizes=\"(max-width: 693px) 100vw, 693px\" \/>\t\t\t\t\t\t\t\t\t\t\t\t\t\t\t<\/div>\n\t\t\t\t<\/div>\n\t\t\t\t<div class=\"elementor-element elementor-element-069daa4 elementor-widget elementor-widget-heading\" data-id=\"069daa4\" data-element_type=\"widget\" data-widget_type=\"heading.default\">\n\t\t\t\t<div class=\"elementor-widget-container\">\n\t\t\t\t\t<h3 class=\"elementor-heading-title elementor-size-default\"><b>Give free rein to your creativity<\/b><\/h3>\t\t\t\t<\/div>\n\t\t\t\t<\/div>\n\t\t\t\t<div class=\"elementor-element elementor-element-1a98a67 elementor-widget elementor-widget-text-editor\" data-id=\"1a98a67\" data-element_type=\"widget\" data-widget_type=\"text-editor.default\">\n\t\t\t\t<div class=\"elementor-widget-container\">\n\t\t\t\t\t\t\t\t\t<p class=\"MsoNormal\"><span style=\"color: black;\">While enjoying the company, each guest can take charge of cooking their meal according to their tastes and preferences. On the barbecue grill or the stainless steel plancha, unleash your culinary creativity and delight your taste buds. MAGMA allows everyone to participate in the preparation of their meal and to try out their best recipes, while basking in the warmth and glow of the hearth.\u00a0<o:p><\/o:p><\/span><\/p>\t\t\t\t\t\t\t\t<\/div>\n\t\t\t\t<\/div>\n\t\t\t\t\t<\/div>\n\t\t<\/div>\n\t\t\t\t<div class=\"elementor-column elementor-col-33 elementor-top-column elementor-element elementor-element-33475a5\" data-id=\"33475a5\" data-element_type=\"column\">\n\t\t\t<div class=\"elementor-widget-wrap elementor-element-populated\">\n\t\t\t\t\t\t<div class=\"elementor-element elementor-element-7486d0b elementor-widget elementor-widget-image\" data-id=\"7486d0b\" data-element_type=\"widget\" data-widget_type=\"image.default\">\n\t\t\t\t<div class=\"elementor-widget-container\">\n\t\t\t\t\t\t\t\t\t\t\t\t\t\t\t<img decoding=\"async\" width=\"693\" height=\"1024\" src=\"https:\/\/www.my-vulx.com\/wp-content\/uploads\/2020\/01\/Soiree-1-693x1024.jpg\" class=\"attachment-large size-large wp-image-4995\" alt=\"Soir\u00e9e au coin d&#039;une table barbecue plancha VULX\" srcset=\"https:\/\/www.my-vulx.com\/wp-content\/uploads\/2020\/01\/Soiree-1-693x1024.jpg 693w, https:\/\/www.my-vulx.com\/wp-content\/uploads\/2020\/01\/Soiree-1-203x300.jpg 203w, https:\/\/www.my-vulx.com\/wp-content\/uploads\/2020\/01\/Soiree-1-768x1135.jpg 768w, https:\/\/www.my-vulx.com\/wp-content\/uploads\/2020\/01\/Soiree-1-1039x1536.jpg 1039w, https:\/\/www.my-vulx.com\/wp-content\/uploads\/2020\/01\/Soiree-1-1386x2048.jpg 1386w, https:\/\/www.my-vulx.com\/wp-content\/uploads\/2020\/01\/Soiree-1-8x12.jpg 8w, https:\/\/www.my-vulx.com\/wp-content\/uploads\/2020\/01\/Soiree-1-600x887.jpg 600w, https:\/\/www.my-vulx.com\/wp-content\/uploads\/2020\/01\/Soiree-1-scaled.jpg 1732w\" sizes=\"(max-width: 693px) 100vw, 693px\" \/>\t\t\t\t\t\t\t\t\t\t\t\t\t\t\t<\/div>\n\t\t\t\t<\/div>\n\t\t\t\t<div class=\"elementor-element elementor-element-f04dd56 elementor-widget elementor-widget-heading\" data-id=\"f04dd56\" data-element_type=\"widget\" data-widget_type=\"heading.default\">\n\t\t\t\t<div class=\"elementor-widget-container\">\n\t\t\t\t\t<h3 class=\"elementor-heading-title elementor-size-default\"><b>Extend your evenings<\/b><\/h3>\t\t\t\t<\/div>\n\t\t\t\t<\/div>\n\t\t\t\t<div class=\"elementor-element elementor-element-936c9a2 elementor-widget elementor-widget-text-editor\" data-id=\"936c9a2\" data-element_type=\"widget\" data-widget_type=\"text-editor.default\">\n\t\t\t\t<div class=\"elementor-widget-container\">\n\t\t\t\t\t\t\t\t\t<p>And when the evening starts to lengthen, MAGMA transforms into a brazier, kindling the joy of sharing and warming the atmosphere with its gentle flame.<\/p>\t\t\t\t\t\t\t\t<\/div>\n\t\t\t\t<\/div>\n\t\t\t\t\t<\/div>\n\t\t<\/div>\n\t\t\t\t\t<\/div>\n\t\t<\/section>\n\t\t\t\t<section class=\"elementor-section elementor-top-section elementor-element elementor-element-198441a elementor-section-boxed elementor-section-height-default elementor-section-height-default\" data-id=\"198441a\" data-element_type=\"section\">\n\t\t\t\t\t\t<div class=\"elementor-container elementor-column-gap-default\">\n\t\t\t\t\t<div class=\"elementor-column elementor-col-100 elementor-top-column elementor-element elementor-element-2208077\" data-id=\"2208077\" data-element_type=\"column\">\n\t\t\t<div class=\"elementor-widget-wrap elementor-element-populated\">\n\t\t\t\t\t\t<div class=\"elementor-element elementor-element-9c5f328 elementor-widget elementor-widget-heading\" data-id=\"9c5f328\" data-element_type=\"widget\" data-widget_type=\"heading.default\">\n\t\t\t\t<div class=\"elementor-widget-container\">\n\t\t\t\t\t<h3 class=\"elementor-heading-title elementor-size-default\"><b>Discover our MAGMA barbecue plancha table in video!<\/b><\/h3>\t\t\t\t<\/div>\n\t\t\t\t<\/div>\n\t\t\t\t<div class=\"elementor-element elementor-element-061d9d4 elementor-widget elementor-widget-video\" data-id=\"061d9d4\" data-element_type=\"widget\" data-settings=\"{&quot;youtube_url&quot;:&quot;https:\\\/\\\/youtu.be\\\/89D2HdgzXk8&quot;,&quot;end&quot;:20,&quot;lazy_load&quot;:&quot;yes&quot;,&quot;video_type&quot;:&quot;youtube&quot;}\" data-widget_type=\"video.default\">\n\t\t\t\t<div class=\"elementor-widget-container\">\n\t\t\t\t\t\t\t<div class=\"elementor-wrapper elementor-open-inline\">\n\t\t\t<div class=\"elementor-video\"><\/div>\t\t<\/div>\n\t\t\t\t\t\t<\/div>\n\t\t\t\t<\/div>\n\t\t\t\t\t<\/div>\n\t\t<\/div>\n\t\t\t\t\t<\/div>\n\t\t<\/section>\n\t\t\t\t<\/div>","protected":false},"excerpt":{"rendered":"<p><a href=\"https:\/\/www.my-vulx.com\/index.php\/devis\/\" title=\"Personalising my VULX\" class=\"btn btn-primary\">Personalising my VULX<\/a><\/p>\n<p>Colours available :<\/p>\n<p><img loading=\"lazy\" decoding=\"async\" src=\"\/wp-content\/uploads\/2020\/01\/ACIER_CORTEN-mini.png\" title=\"Corten Steel\" alt=\"couleur acier corten VULX\" width=\"54\" height=\"54\" class=\"alignleft wp-image-4556\" srcset=\"https:\/\/www.my-vulx.com\/wp-content\/uploads\/2020\/01\/ACIER_CORTEN-mini.png 64w, https:\/\/www.my-vulx.com\/wp-content\/uploads\/2020\/01\/ACIER_CORTEN-mini-12x12.png 12w\" sizes=\"(max-width: 54px) 100vw, 54px\" \/><\/p>\n<p><img loading=\"lazy\" decoding=\"async\" src=\"\/wp-content\/uploads\/2020\/01\/CERAMIQUE_NOIRE-mini.png\" title=\"Black epoxy paint\" alt=\"couleur ceramique noire\" width=\"54\" height=\"52\" class=\"alignleft wp-image-4557\" srcset=\"https:\/\/www.my-vulx.com\/wp-content\/uploads\/2020\/01\/CERAMIQUE_NOIRE-mini.png 67w, https:\/\/www.my-vulx.com\/wp-content\/uploads\/2020\/01\/CERAMIQUE_NOIRE-mini-13x12.png 13w\" sizes=\"(max-width: 54px) 100vw, 54px\" \/><\/p>\n<p><img loading=\"lazy\" decoding=\"async\" src=\"\/wp-content\/uploads\/2020\/01\/Rouge-VULX.jpg\" title=\"Red-black epoxy paint\" alt=\"rouge noir VULX\" width=\"54\" height=\"54\" class=\"size-full wp-image-4948 alignnone\" srcset=\"https:\/\/www.my-vulx.com\/wp-content\/uploads\/2020\/01\/Rouge-VULX.jpg 54w, https:\/\/www.my-vulx.com\/wp-content\/uploads\/2020\/01\/Rouge-VULX-12x12.jpg 12w\" sizes=\"(max-width: 54px) 100vw, 54px\" \/><\/p>\n<p>&nbsp;<\/p>\n<p>Imagine yourself on your terrace, surrounded by loved ones, friends or family, enjoying warm and memorable moments, moving effortlessly from indulgence to laughter, from mealtime to relaxation\u2026 Gathered around MAGMA, the VULX signature plancha brazier table, you share with them the ingenuity and efficiency of an installation perfectly designed to adapt to the highlights of your leisure time.<\/p>\n<p>True to its generous spirit, MAGMA is also customisable. You can choose your MAGMA to blend seamlessly with your personal decor, by selecting the colour, table height, diameter or shape of the table top, and even your preferred cooking mode.  Made in the heart of the Auvergne Rh\u00f4ne-Alpes region in France, your MAGMA will be delivered and installed by our team. Season after season, it will free you to take care of what\u2019s important: inviting, inventing, innovating...and always enjoying!<\/p>\n<p>Its enchanting design and \u2018fiery\u2019 talents will make MAGMA your loyal and creative partner in writing unforgettable memories. Who will your first guests be? And your first menus? It\u2019s your turn to play!<\/p>","protected":false},"featured_media":4987,"comment_status":"open","ping_status":"closed","template":"","meta":[],"product_cat":[205,206],"product_tag":[],"yoast_head":"<!-- This site is optimized with the Yoast SEO plugin v23.5 - https:\/\/yoast.com\/wordpress\/plugins\/seo\/ -->\n<title>Table Brasero Plancha MAGMA VULX<\/title>\n<meta name=\"description\" content=\"Table Brasero Plancha MAGMA | Convertible Bois ou Gaz | Jusqu&#039;\u00e0 6 personnes \u00e0 table | Made in France | Prim\u00e9 au Concours L\u00e9pine International\" \/>\n<meta name=\"robots\" content=\"index, follow, max-snippet:-1, max-image-preview:large, max-video-preview:-1\" \/>\n<link rel=\"canonical\" href=\"https:\/\/www.my-vulx.com\/en\/product\/table-barbecue-plancha-magma\/\" \/>\n<meta property=\"og:locale\" content=\"en_GB\" \/>\n<meta property=\"og:type\" content=\"article\" \/>\n<meta property=\"og:title\" content=\"Table Brasero Plancha MAGMA VULX\" \/>\n<meta property=\"og:description\" content=\"Table Brasero Plancha MAGMA | Convertible Bois ou Gaz | Jusqu&#039;\u00e0 6 personnes \u00e0 table | Made in France | Prim\u00e9 au Concours L\u00e9pine International\" \/>\n<meta property=\"og:url\" content=\"https:\/\/www.my-vulx.com\/en\/product\/table-barbecue-plancha-magma\/\" \/>\n<meta property=\"og:site_name\" content=\"Vulx\" \/>\n<meta property=\"article:modified_time\" content=\"2026-04-17T08:00:50+00:00\" \/>\n<meta property=\"og:image\" content=\"https:\/\/www.my-vulx.com\/wp-content\/uploads\/2020\/01\/Table-barbecue-plancha-MAGMA-2.jpg\" \/>\n\t<meta property=\"og:image:width\" content=\"500\" \/>\n\t<meta property=\"og:image:height\" content=\"500\" \/>\n\t<meta property=\"og:image:type\" content=\"image\/jpeg\" \/>\n<meta name=\"twitter:card\" content=\"summary_large_image\" \/>\n<meta name=\"twitter:label1\" content=\"Estimated reading time\" \/>\n\t<meta name=\"twitter:data1\" content=\"2 minutes\" \/>\n<script type=\"application\/ld+json\" class=\"yoast-schema-graph\">{\"@context\":\"https:\/\/schema.org\",\"@graph\":[{\"@type\":\"WebPage\",\"@id\":\"https:\/\/www.my-vulx.com\/produit\/table-barbecue-plancha-magma\/\",\"url\":\"https:\/\/www.my-vulx.com\/produit\/table-barbecue-plancha-magma\/\",\"name\":\"Table Brasero Plancha MAGMA VULX\",\"isPartOf\":{\"@id\":\"https:\/\/www.my-vulx.com\/#website\"},\"primaryImageOfPage\":{\"@id\":\"https:\/\/www.my-vulx.com\/produit\/table-barbecue-plancha-magma\/#primaryimage\"},\"image\":{\"@id\":\"https:\/\/www.my-vulx.com\/produit\/table-barbecue-plancha-magma\/#primaryimage\"},\"thumbnailUrl\":\"https:\/\/www.my-vulx.com\/wp-content\/uploads\/2020\/01\/Table-barbecue-plancha-MAGMA-2.jpg\",\"datePublished\":\"2020-01-09T15:42:58+00:00\",\"dateModified\":\"2026-04-17T08:00:50+00:00\",\"description\":\"Table Brasero Plancha MAGMA | Convertible Bois ou Gaz | Jusqu'\u00e0 6 personnes \u00e0 table | Made in France | Prim\u00e9 au Concours L\u00e9pine International\",\"breadcrumb\":{\"@id\":\"https:\/\/www.my-vulx.com\/produit\/table-barbecue-plancha-magma\/#breadcrumb\"},\"inLanguage\":\"en-GB\",\"potentialAction\":[{\"@type\":\"ReadAction\",\"target\":[\"https:\/\/www.my-vulx.com\/produit\/table-barbecue-plancha-magma\/\"]}]},{\"@type\":\"ImageObject\",\"inLanguage\":\"en-GB\",\"@id\":\"https:\/\/www.my-vulx.com\/produit\/table-barbecue-plancha-magma\/#primaryimage\",\"url\":\"https:\/\/www.my-vulx.com\/wp-content\/uploads\/2020\/01\/Table-barbecue-plancha-MAGMA-2.jpg\",\"contentUrl\":\"https:\/\/www.my-vulx.com\/wp-content\/uploads\/2020\/01\/Table-barbecue-plancha-MAGMA-2.jpg\",\"width\":500,\"height\":500,\"caption\":\"Table barbecue plancha MAGMA\"},{\"@type\":\"BreadcrumbList\",\"@id\":\"https:\/\/www.my-vulx.com\/produit\/table-barbecue-plancha-magma\/#breadcrumb\",\"itemListElement\":[{\"@type\":\"ListItem\",\"position\":1,\"name\":\"Accueil\",\"item\":\"https:\/\/www.my-vulx.com\/\"},{\"@type\":\"ListItem\",\"position\":2,\"name\":\"Products\",\"item\":\"https:\/\/www.my-vulx.com\/en\/shop\/\"},{\"@type\":\"ListItem\",\"position\":3,\"name\":\"Table Brasero Plancha MAGMA\"}]},{\"@type\":\"WebSite\",\"@id\":\"https:\/\/www.my-vulx.com\/#website\",\"url\":\"https:\/\/www.my-vulx.com\/\",\"name\":\"Vulx\",\"description\":\"La chaleur des bons moments\",\"publisher\":{\"@id\":\"https:\/\/www.my-vulx.com\/#organization\"},\"potentialAction\":[{\"@type\":\"SearchAction\",\"target\":{\"@type\":\"EntryPoint\",\"urlTemplate\":\"https:\/\/www.my-vulx.com\/?s={search_term_string}\"},\"query-input\":{\"@type\":\"PropertyValueSpecification\",\"valueRequired\":true,\"valueName\":\"search_term_string\"}}],\"inLanguage\":\"en-GB\"},{\"@type\":\"Organization\",\"@id\":\"https:\/\/www.my-vulx.com\/#organization\",\"name\":\"Vulx\",\"url\":\"https:\/\/www.my-vulx.com\/\",\"logo\":{\"@type\":\"ImageObject\",\"inLanguage\":\"en-GB\",\"@id\":\"https:\/\/www.my-vulx.com\/#\/schema\/logo\/image\/\",\"url\":\"https:\/\/www.my-vulx.com\/wp-content\/uploads\/2024\/03\/cropped-cropped-cropped-logo-v2.png\",\"contentUrl\":\"https:\/\/www.my-vulx.com\/wp-content\/uploads\/2024\/03\/cropped-cropped-cropped-logo-v2.png\",\"width\":250,\"height\":78,\"caption\":\"Vulx\"},\"image\":{\"@id\":\"https:\/\/www.my-vulx.com\/#\/schema\/logo\/image\/\"}}]}<\/script>\n<!-- \/ Yoast SEO plugin. -->","yoast_head_json":{"title":"Table Brasero Plancha MAGMA VULX","description":"Table Brasero Plancha MAGMA | Convertible Bois ou Gaz | Jusqu'\u00e0 6 personnes \u00e0 table | Made in France | Prim\u00e9 au Concours L\u00e9pine International","robots":{"index":"index","follow":"follow","max-snippet":"max-snippet:-1","max-image-preview":"max-image-preview:large","max-video-preview":"max-video-preview:-1"},"canonical":"https:\/\/www.my-vulx.com\/en\/product\/table-barbecue-plancha-magma\/","og_locale":"en_GB","og_type":"article","og_title":"Table Brasero Plancha MAGMA VULX","og_description":"Table Brasero Plancha MAGMA | Convertible Bois ou Gaz | Jusqu'\u00e0 6 personnes \u00e0 table | Made in France | Prim\u00e9 au Concours L\u00e9pine International","og_url":"https:\/\/www.my-vulx.com\/en\/product\/table-barbecue-plancha-magma\/","og_site_name":"Vulx","article_modified_time":"2026-04-17T08:00:50+00:00","og_image":[{"width":500,"height":500,"url":"https:\/\/www.my-vulx.com\/wp-content\/uploads\/2020\/01\/Table-barbecue-plancha-MAGMA-2.jpg","type":"image\/jpeg"}],"twitter_card":"summary_large_image","twitter_misc":{"Estimated reading time":"2 minutes"},"schema":{"@context":"https:\/\/schema.org","@graph":[{"@type":"WebPage","@id":"https:\/\/www.my-vulx.com\/produit\/table-barbecue-plancha-magma\/","url":"https:\/\/www.my-vulx.com\/produit\/table-barbecue-plancha-magma\/","name":"Table Brasero Plancha MAGMA VULX","isPartOf":{"@id":"https:\/\/www.my-vulx.com\/#website"},"primaryImageOfPage":{"@id":"https:\/\/www.my-vulx.com\/produit\/table-barbecue-plancha-magma\/#primaryimage"},"image":{"@id":"https:\/\/www.my-vulx.com\/produit\/table-barbecue-plancha-magma\/#primaryimage"},"thumbnailUrl":"https:\/\/www.my-vulx.com\/wp-content\/uploads\/2020\/01\/Table-barbecue-plancha-MAGMA-2.jpg","datePublished":"2020-01-09T15:42:58+00:00","dateModified":"2026-04-17T08:00:50+00:00","description":"Table Brasero Plancha MAGMA | Convertible Bois ou Gaz | Jusqu'\u00e0 6 personnes \u00e0 table | Made in France | Prim\u00e9 au Concours L\u00e9pine International","breadcrumb":{"@id":"https:\/\/www.my-vulx.com\/produit\/table-barbecue-plancha-magma\/#breadcrumb"},"inLanguage":"en-GB","potentialAction":[{"@type":"ReadAction","target":["https:\/\/www.my-vulx.com\/produit\/table-barbecue-plancha-magma\/"]}]},{"@type":"ImageObject","inLanguage":"en-GB","@id":"https:\/\/www.my-vulx.com\/produit\/table-barbecue-plancha-magma\/#primaryimage","url":"https:\/\/www.my-vulx.com\/wp-content\/uploads\/2020\/01\/Table-barbecue-plancha-MAGMA-2.jpg","contentUrl":"https:\/\/www.my-vulx.com\/wp-content\/uploads\/2020\/01\/Table-barbecue-plancha-MAGMA-2.jpg","width":500,"height":500,"caption":"Table barbecue plancha MAGMA"},{"@type":"BreadcrumbList","@id":"https:\/\/www.my-vulx.com\/produit\/table-barbecue-plancha-magma\/#breadcrumb","itemListElement":[{"@type":"ListItem","position":1,"name":"Accueil","item":"https:\/\/www.my-vulx.com\/"},{"@type":"ListItem","position":2,"name":"Products","item":"https:\/\/www.my-vulx.com\/en\/shop\/"},{"@type":"ListItem","position":3,"name":"Table Brasero Plancha MAGMA"}]},{"@type":"WebSite","@id":"https:\/\/www.my-vulx.com\/#website","url":"https:\/\/www.my-vulx.com\/","name":"Vulx","description":"La chaleur des bons moments","publisher":{"@id":"https:\/\/www.my-vulx.com\/#organization"},"potentialAction":[{"@type":"SearchAction","target":{"@type":"EntryPoint","urlTemplate":"https:\/\/www.my-vulx.com\/?s={search_term_string}"},"query-input":{"@type":"PropertyValueSpecification","valueRequired":true,"valueName":"search_term_string"}}],"inLanguage":"en-GB"},{"@type":"Organization","@id":"https:\/\/www.my-vulx.com\/#organization","name":"Vulx","url":"https:\/\/www.my-vulx.com\/","logo":{"@type":"ImageObject","inLanguage":"en-GB","@id":"https:\/\/www.my-vulx.com\/#\/schema\/logo\/image\/","url":"https:\/\/www.my-vulx.com\/wp-content\/uploads\/2024\/03\/cropped-cropped-cropped-logo-v2.png","contentUrl":"https:\/\/www.my-vulx.com\/wp-content\/uploads\/2024\/03\/cropped-cropped-cropped-logo-v2.png","width":250,"height":78,"caption":"Vulx"},"image":{"@id":"https:\/\/www.my-vulx.com\/#\/schema\/logo\/image\/"}}]}},"_links":{"self":[{"href":"https:\/\/www.my-vulx.com\/en\/wp-json\/wp\/v2\/product\/122"}],"collection":[{"href":"https:\/\/www.my-vulx.com\/en\/wp-json\/wp\/v2\/product"}],"about":[{"href":"https:\/\/www.my-vulx.com\/en\/wp-json\/wp\/v2\/types\/product"}],"replies":[{"embeddable":true,"href":"https:\/\/www.my-vulx.com\/en\/wp-json\/wp\/v2\/comments?post=122"}],"version-history":[{"count":105,"href":"https:\/\/www.my-vulx.com\/en\/wp-json\/wp\/v2\/product\/122\/revisions"}],"predecessor-version":[{"id":5908,"href":"https:\/\/www.my-vulx.com\/en\/wp-json\/wp\/v2\/product\/122\/revisions\/5908"}],"wp:featuredmedia":[{"embeddable":true,"href":"https:\/\/www.my-vulx.com\/en\/wp-json\/wp\/v2\/media\/4987"}],"wp:attachment":[{"href":"https:\/\/www.my-vulx.com\/en\/wp-json\/wp\/v2\/media?parent=122"}],"wp:term":[{"taxonomy":"product_cat","embeddable":true,"href":"https:\/\/www.my-vulx.com\/en\/wp-json\/wp\/v2\/product_cat?post=122"},{"taxonomy":"product_tag","embeddable":true,"href":"https:\/\/www.my-vulx.com\/en\/wp-json\/wp\/v2\/product_tag?post=122"}],"curies":[{"name":"wp","href":"https:\/\/api.w.org\/{rel}","templated":true}]}}