{"id":2203,"date":"2021-03-30T13:51:23","date_gmt":"2021-03-30T11:51:23","guid":{"rendered":"https:\/\/www.my-vulx.com\/?post_type=product&#038;p=2203"},"modified":"2026-04-04T00:57:47","modified_gmt":"2026-04-03T22:57:47","slug":"brasero-once-instinct","status":"publish","type":"product","link":"https:\/\/www.my-vulx.com\/en\/product\/brasero-once-instinct\/","title":{"rendered":"Outdoor brazier ONCE Instinct"},"content":{"rendered":"<div data-elementor-type=\"wp-post\" data-elementor-id=\"2203\" class=\"elementor elementor-2203\">\n\t\t\t\t\t\t<section class=\"elementor-section elementor-top-section elementor-element elementor-element-1ff2196 elementor-section-boxed elementor-section-height-default elementor-section-height-default\" data-id=\"1ff2196\" data-element_type=\"section\">\n\t\t\t\t\t\t<div class=\"elementor-container elementor-column-gap-default\">\n\t\t\t\t\t<div class=\"elementor-column elementor-col-33 elementor-top-column elementor-element elementor-element-e74f569\" data-id=\"e74f569\" data-element_type=\"column\">\n\t\t\t<div class=\"elementor-widget-wrap elementor-element-populated\">\n\t\t\t\t\t\t<div class=\"elementor-element elementor-element-26f67fb elementor-widget elementor-widget-heading\" data-id=\"26f67fb\" data-element_type=\"widget\" data-widget_type=\"heading.default\">\n\t\t\t\t<div class=\"elementor-widget-container\">\n\t\t\t\t\t<h3 class=\"elementor-heading-title elementor-size-default\"><b>Create warm memories<\/b><\/h3>\t\t\t\t<\/div>\n\t\t\t\t<\/div>\n\t\t\t\t<div class=\"elementor-element elementor-element-0a8bbd9 elementor-widget elementor-widget-text-editor\" data-id=\"0a8bbd9\" data-element_type=\"widget\" data-widget_type=\"text-editor.default\">\n\t\t\t\t<div class=\"elementor-widget-container\">\n\t\t\t\t\t\t\t\t\t<p><span>Imagine yourself, surrounded by loved ones, in a garden lit by the golden glow of the ONCE Instinct brazier. The flames dance with hypnotic grace, spreading a comforting warmth that envelops and reassures you. Around our ON CE Instinct brazier, laughter erupts, stories are told, and time seems suspended in an enchanted interlude.<\/span><\/p>\t\t\t\t\t\t\t\t<\/div>\n\t\t\t\t<\/div>\n\t\t\t\t\t<\/div>\n\t\t<\/div>\n\t\t\t\t<div class=\"elementor-column elementor-col-66 elementor-top-column elementor-element elementor-element-0b0ede4\" data-id=\"0b0ede4\" data-element_type=\"column\">\n\t\t\t<div class=\"elementor-widget-wrap elementor-element-populated\">\n\t\t\t\t\t\t<div class=\"elementor-element elementor-element-6d9280d elementor-widget elementor-widget-image\" data-id=\"6d9280d\" data-element_type=\"widget\" data-widget_type=\"image.default\">\n\t\t\t\t<div class=\"elementor-widget-container\">\n\t\t\t\t\t\t\t\t\t\t\t\t\t\t\t<img fetchpriority=\"high\" decoding=\"async\" width=\"1024\" height=\"500\" src=\"https:\/\/www.my-vulx.com\/wp-content\/uploads\/2021\/03\/ONCE-INSTINCT.webp\" class=\"attachment-full size-full wp-image-4668\" alt=\"Brasero ONCE INSTINCT\" srcset=\"https:\/\/www.my-vulx.com\/wp-content\/uploads\/2021\/03\/ONCE-INSTINCT.webp 1024w, https:\/\/www.my-vulx.com\/wp-content\/uploads\/2021\/03\/ONCE-INSTINCT-600x293.webp 600w, https:\/\/www.my-vulx.com\/wp-content\/uploads\/2021\/03\/ONCE-INSTINCT-300x146.webp 300w, https:\/\/www.my-vulx.com\/wp-content\/uploads\/2021\/03\/ONCE-INSTINCT-768x375.webp 768w, https:\/\/www.my-vulx.com\/wp-content\/uploads\/2021\/03\/ONCE-INSTINCT-18x9.webp 18w\" sizes=\"(max-width: 1024px) 100vw, 1024px\" \/>\t\t\t\t\t\t\t\t\t\t\t\t\t\t\t<\/div>\n\t\t\t\t<\/div>\n\t\t\t\t\t<\/div>\n\t\t<\/div>\n\t\t\t\t\t<\/div>\n\t\t<\/section>\n\t\t\t\t<\/div>","protected":false},"excerpt":{"rendered":"<p><a href=\"https:\/\/www.my-vulx.com\/index.php\/devis\/\" title=\"Personalising my VULX\" class=\"btn btn-primary\">Personalising my VULX\u00a0<\/a><\/p>\n<p>Available colour :<\/p>\n<p><img decoding=\"async\" src=\"\/wp-content\/uploads\/2020\/01\/CERAMIQUE_NOIRE-mini.png\" title=\"Black epoxy paint\" alt=\"couleur ceramique noire\" width=\"54\" height=\"52\" class=\"alignleft wp-image-4557\" srcset=\"https:\/\/www.my-vulx.com\/wp-content\/uploads\/2020\/01\/CERAMIQUE_NOIRE-mini.png 67w, https:\/\/www.my-vulx.com\/wp-content\/uploads\/2020\/01\/CERAMIQUE_NOIRE-mini-13x12.png 13w\" sizes=\"(max-width: 54px) 100vw, 54px\" \/><\/p>\n<p>&nbsp;<\/p>\n<p>&nbsp;<\/p>\n<p>In the enchanting circle of your outdoor evenings, ONCE INSTINCT lights the fire of conviviality and warmth.<\/p>\n<p>Petit fr\u00e8re de ONCE Evolution, ce brasero ext\u00e9rieur sign\u00e9 VULX sait tout autant que lui s\u2019affirmer comme le c\u0153ur battant de vos \u00e9v\u00e9nements. Bien plus qu&rsquo;un point de chaleur, il est invitation \u00e0 la cr\u00e9ation spontan\u00e9e de joyeux souvenirs entre amis.<\/p>\n<p>Con\u00e7u selon le m\u00eame design que son a\u00een\u00e9, ce brasero ext\u00e9rieur est un hymne \u00e0 la simplicit\u00e9 \u00e9l\u00e9gante, un trait d&rsquo;union entre fonctionnalit\u00e9 et esth\u00e9tique.<\/p>\n<p>Made in the Auvergne region, the cradle of VULX know-how, Once Instinct embodies tradition and innovation.<\/p>\n<p>Autour de lui, amis ou familles auront \u00e0 c\u0153ur, chacun \u00e0 leur mani\u00e8re, de griller, mitonner, fricasser ou mijoter avec astuce, pour relever le d\u00e9fi des saveurs nouvelles \u00e0 partager. Votre brasero ext\u00e9rieur a pour pr\u00e9f\u00e9rences alimentaires celles de vos convives et s\u2019accorde \u00e0 tous les go\u00fbts culinaires.<\/p>\n<p>The choice is all yours! Alone or as a group, this is the place to be! Once Instinct\u2019s flames tell your story, your stories, illuminating the present moment in its welcoming glow.<\/p>","protected":false},"featured_media":4674,"comment_status":"open","ping_status":"closed","template":"","meta":[],"product_cat":[200,208],"product_tag":[],"yoast_head":"<!-- This site is optimized with the Yoast SEO plugin v23.5 - https:\/\/yoast.com\/wordpress\/plugins\/seo\/ -->\n<title>Brasero ext\u00e9rieur ONCE Instinct - Vulx<\/title>\n<meta name=\"description\" content=\"Brasero ext\u00e9rieur ONCE Instinct | Table-basse R\u00e9versible et Design | Une nouvelle fa\u00e7on de cuisiner et de vous chauffer toute l&#039;ann\u00e9e.\" \/>\n<meta name=\"robots\" content=\"index, follow, max-snippet:-1, max-image-preview:large, max-video-preview:-1\" \/>\n<link rel=\"canonical\" href=\"https:\/\/www.my-vulx.com\/en\/product\/brasero-once-instinct\/\" \/>\n<meta property=\"og:locale\" content=\"en_GB\" \/>\n<meta property=\"og:type\" content=\"article\" \/>\n<meta property=\"og:title\" content=\"Brasero ext\u00e9rieur ONCE Instinct - Vulx\" \/>\n<meta property=\"og:description\" content=\"Brasero ext\u00e9rieur ONCE Instinct | Table-basse R\u00e9versible et Design | Une nouvelle fa\u00e7on de cuisiner et de vous chauffer toute l&#039;ann\u00e9e.\" \/>\n<meta property=\"og:url\" content=\"https:\/\/www.my-vulx.com\/en\/product\/brasero-once-instinct\/\" \/>\n<meta property=\"og:site_name\" content=\"Vulx\" \/>\n<meta property=\"article:modified_time\" content=\"2026-04-03T22:57:47+00:00\" \/>\n<meta property=\"og:image\" content=\"https:\/\/www.my-vulx.com\/wp-content\/uploads\/2021\/03\/Once-instinct-3.webp\" \/>\n\t<meta property=\"og:image:width\" content=\"500\" \/>\n\t<meta property=\"og:image:height\" content=\"500\" \/>\n\t<meta property=\"og:image:type\" content=\"image\/webp\" \/>\n<meta name=\"twitter:card\" content=\"summary_large_image\" \/>\n<meta name=\"twitter:label1\" content=\"Estimated reading time\" \/>\n\t<meta name=\"twitter:data1\" content=\"2 minutes\" \/>\n<script type=\"application\/ld+json\" class=\"yoast-schema-graph\">{\"@context\":\"https:\/\/schema.org\",\"@graph\":[{\"@type\":\"WebPage\",\"@id\":\"https:\/\/www.my-vulx.com\/produit\/brasero-once-instinct\/\",\"url\":\"https:\/\/www.my-vulx.com\/produit\/brasero-once-instinct\/\",\"name\":\"Brasero ext\u00e9rieur ONCE Instinct - Vulx\",\"isPartOf\":{\"@id\":\"https:\/\/www.my-vulx.com\/#website\"},\"primaryImageOfPage\":{\"@id\":\"https:\/\/www.my-vulx.com\/produit\/brasero-once-instinct\/#primaryimage\"},\"image\":{\"@id\":\"https:\/\/www.my-vulx.com\/produit\/brasero-once-instinct\/#primaryimage\"},\"thumbnailUrl\":\"https:\/\/www.my-vulx.com\/wp-content\/uploads\/2021\/03\/Once-instinct-3.webp\",\"datePublished\":\"2021-03-30T11:51:23+00:00\",\"dateModified\":\"2026-04-03T22:57:47+00:00\",\"description\":\"Brasero ext\u00e9rieur ONCE Instinct | Table-basse R\u00e9versible et Design | Une nouvelle fa\u00e7on de cuisiner et de vous chauffer toute l'ann\u00e9e.\",\"breadcrumb\":{\"@id\":\"https:\/\/www.my-vulx.com\/produit\/brasero-once-instinct\/#breadcrumb\"},\"inLanguage\":\"en-GB\",\"potentialAction\":[{\"@type\":\"ReadAction\",\"target\":[\"https:\/\/www.my-vulx.com\/produit\/brasero-once-instinct\/\"]}]},{\"@type\":\"ImageObject\",\"inLanguage\":\"en-GB\",\"@id\":\"https:\/\/www.my-vulx.com\/produit\/brasero-once-instinct\/#primaryimage\",\"url\":\"https:\/\/www.my-vulx.com\/wp-content\/uploads\/2021\/03\/Once-instinct-3.webp\",\"contentUrl\":\"https:\/\/www.my-vulx.com\/wp-content\/uploads\/2021\/03\/Once-instinct-3.webp\",\"width\":500,\"height\":500,\"caption\":\"brasero ONCE Instinct\"},{\"@type\":\"BreadcrumbList\",\"@id\":\"https:\/\/www.my-vulx.com\/produit\/brasero-once-instinct\/#breadcrumb\",\"itemListElement\":[{\"@type\":\"ListItem\",\"position\":1,\"name\":\"Accueil\",\"item\":\"https:\/\/www.my-vulx.com\/\"},{\"@type\":\"ListItem\",\"position\":2,\"name\":\"Products\",\"item\":\"https:\/\/www.my-vulx.com\/en\/shop\/\"},{\"@type\":\"ListItem\",\"position\":3,\"name\":\"Brasero ext\u00e9rieur ONCE Instinct\"}]},{\"@type\":\"WebSite\",\"@id\":\"https:\/\/www.my-vulx.com\/#website\",\"url\":\"https:\/\/www.my-vulx.com\/\",\"name\":\"Vulx\",\"description\":\"La chaleur des bons moments\",\"publisher\":{\"@id\":\"https:\/\/www.my-vulx.com\/#organization\"},\"potentialAction\":[{\"@type\":\"SearchAction\",\"target\":{\"@type\":\"EntryPoint\",\"urlTemplate\":\"https:\/\/www.my-vulx.com\/?s={search_term_string}\"},\"query-input\":{\"@type\":\"PropertyValueSpecification\",\"valueRequired\":true,\"valueName\":\"search_term_string\"}}],\"inLanguage\":\"en-GB\"},{\"@type\":\"Organization\",\"@id\":\"https:\/\/www.my-vulx.com\/#organization\",\"name\":\"Vulx\",\"url\":\"https:\/\/www.my-vulx.com\/\",\"logo\":{\"@type\":\"ImageObject\",\"inLanguage\":\"en-GB\",\"@id\":\"https:\/\/www.my-vulx.com\/#\/schema\/logo\/image\/\",\"url\":\"https:\/\/www.my-vulx.com\/wp-content\/uploads\/2024\/03\/cropped-cropped-cropped-logo-v2.png\",\"contentUrl\":\"https:\/\/www.my-vulx.com\/wp-content\/uploads\/2024\/03\/cropped-cropped-cropped-logo-v2.png\",\"width\":250,\"height\":78,\"caption\":\"Vulx\"},\"image\":{\"@id\":\"https:\/\/www.my-vulx.com\/#\/schema\/logo\/image\/\"}}]}<\/script>\n<!-- \/ Yoast SEO plugin. -->","yoast_head_json":{"title":"Brasero ext\u00e9rieur ONCE Instinct - Vulx","description":"Brasero ext\u00e9rieur ONCE Instinct | Table-basse R\u00e9versible et Design | Une nouvelle fa\u00e7on de cuisiner et de vous chauffer toute l'ann\u00e9e.","robots":{"index":"index","follow":"follow","max-snippet":"max-snippet:-1","max-image-preview":"max-image-preview:large","max-video-preview":"max-video-preview:-1"},"canonical":"https:\/\/www.my-vulx.com\/en\/product\/brasero-once-instinct\/","og_locale":"en_GB","og_type":"article","og_title":"Brasero ext\u00e9rieur ONCE Instinct - Vulx","og_description":"Brasero ext\u00e9rieur ONCE Instinct | Table-basse R\u00e9versible et Design | Une nouvelle fa\u00e7on de cuisiner et de vous chauffer toute l'ann\u00e9e.","og_url":"https:\/\/www.my-vulx.com\/en\/product\/brasero-once-instinct\/","og_site_name":"Vulx","article_modified_time":"2026-04-03T22:57:47+00:00","og_image":[{"width":500,"height":500,"url":"https:\/\/www.my-vulx.com\/wp-content\/uploads\/2021\/03\/Once-instinct-3.webp","type":"image\/webp"}],"twitter_card":"summary_large_image","twitter_misc":{"Estimated reading time":"2 minutes"},"schema":{"@context":"https:\/\/schema.org","@graph":[{"@type":"WebPage","@id":"https:\/\/www.my-vulx.com\/produit\/brasero-once-instinct\/","url":"https:\/\/www.my-vulx.com\/produit\/brasero-once-instinct\/","name":"Brasero ext\u00e9rieur ONCE Instinct - Vulx","isPartOf":{"@id":"https:\/\/www.my-vulx.com\/#website"},"primaryImageOfPage":{"@id":"https:\/\/www.my-vulx.com\/produit\/brasero-once-instinct\/#primaryimage"},"image":{"@id":"https:\/\/www.my-vulx.com\/produit\/brasero-once-instinct\/#primaryimage"},"thumbnailUrl":"https:\/\/www.my-vulx.com\/wp-content\/uploads\/2021\/03\/Once-instinct-3.webp","datePublished":"2021-03-30T11:51:23+00:00","dateModified":"2026-04-03T22:57:47+00:00","description":"Brasero ext\u00e9rieur ONCE Instinct | Table-basse R\u00e9versible et Design | Une nouvelle fa\u00e7on de cuisiner et de vous chauffer toute l'ann\u00e9e.","breadcrumb":{"@id":"https:\/\/www.my-vulx.com\/produit\/brasero-once-instinct\/#breadcrumb"},"inLanguage":"en-GB","potentialAction":[{"@type":"ReadAction","target":["https:\/\/www.my-vulx.com\/produit\/brasero-once-instinct\/"]}]},{"@type":"ImageObject","inLanguage":"en-GB","@id":"https:\/\/www.my-vulx.com\/produit\/brasero-once-instinct\/#primaryimage","url":"https:\/\/www.my-vulx.com\/wp-content\/uploads\/2021\/03\/Once-instinct-3.webp","contentUrl":"https:\/\/www.my-vulx.com\/wp-content\/uploads\/2021\/03\/Once-instinct-3.webp","width":500,"height":500,"caption":"brasero ONCE Instinct"},{"@type":"BreadcrumbList","@id":"https:\/\/www.my-vulx.com\/produit\/brasero-once-instinct\/#breadcrumb","itemListElement":[{"@type":"ListItem","position":1,"name":"Accueil","item":"https:\/\/www.my-vulx.com\/"},{"@type":"ListItem","position":2,"name":"Products","item":"https:\/\/www.my-vulx.com\/en\/shop\/"},{"@type":"ListItem","position":3,"name":"Brasero ext\u00e9rieur ONCE Instinct"}]},{"@type":"WebSite","@id":"https:\/\/www.my-vulx.com\/#website","url":"https:\/\/www.my-vulx.com\/","name":"Vulx","description":"La chaleur des bons moments","publisher":{"@id":"https:\/\/www.my-vulx.com\/#organization"},"potentialAction":[{"@type":"SearchAction","target":{"@type":"EntryPoint","urlTemplate":"https:\/\/www.my-vulx.com\/?s={search_term_string}"},"query-input":{"@type":"PropertyValueSpecification","valueRequired":true,"valueName":"search_term_string"}}],"inLanguage":"en-GB"},{"@type":"Organization","@id":"https:\/\/www.my-vulx.com\/#organization","name":"Vulx","url":"https:\/\/www.my-vulx.com\/","logo":{"@type":"ImageObject","inLanguage":"en-GB","@id":"https:\/\/www.my-vulx.com\/#\/schema\/logo\/image\/","url":"https:\/\/www.my-vulx.com\/wp-content\/uploads\/2024\/03\/cropped-cropped-cropped-logo-v2.png","contentUrl":"https:\/\/www.my-vulx.com\/wp-content\/uploads\/2024\/03\/cropped-cropped-cropped-logo-v2.png","width":250,"height":78,"caption":"Vulx"},"image":{"@id":"https:\/\/www.my-vulx.com\/#\/schema\/logo\/image\/"}}]}},"_links":{"self":[{"href":"https:\/\/www.my-vulx.com\/en\/wp-json\/wp\/v2\/product\/2203"}],"collection":[{"href":"https:\/\/www.my-vulx.com\/en\/wp-json\/wp\/v2\/product"}],"about":[{"href":"https:\/\/www.my-vulx.com\/en\/wp-json\/wp\/v2\/types\/product"}],"replies":[{"embeddable":true,"href":"https:\/\/www.my-vulx.com\/en\/wp-json\/wp\/v2\/comments?post=2203"}],"version-history":[{"count":35,"href":"https:\/\/www.my-vulx.com\/en\/wp-json\/wp\/v2\/product\/2203\/revisions"}],"predecessor-version":[{"id":5912,"href":"https:\/\/www.my-vulx.com\/en\/wp-json\/wp\/v2\/product\/2203\/revisions\/5912"}],"wp:featuredmedia":[{"embeddable":true,"href":"https:\/\/www.my-vulx.com\/en\/wp-json\/wp\/v2\/media\/4674"}],"wp:attachment":[{"href":"https:\/\/www.my-vulx.com\/en\/wp-json\/wp\/v2\/media?parent=2203"}],"wp:term":[{"taxonomy":"product_cat","embeddable":true,"href":"https:\/\/www.my-vulx.com\/en\/wp-json\/wp\/v2\/product_cat?post=2203"},{"taxonomy":"product_tag","embeddable":true,"href":"https:\/\/www.my-vulx.com\/en\/wp-json\/wp\/v2\/product_tag?post=2203"}],"curies":[{"name":"wp","href":"https:\/\/api.w.org\/{rel}","templated":true}]}}