{"id":2230,"date":"2021-05-18T13:34:01","date_gmt":"2021-05-18T11:34:01","guid":{"rendered":"https:\/\/www.my-vulx.com\/?post_type=product&#038;p=2230"},"modified":"2026-04-04T00:58:39","modified_gmt":"2026-04-03T22:58:39","slug":"cheminee-exterieur-cubis","status":"publish","type":"product","link":"https:\/\/www.my-vulx.com\/en\/product\/cheminee-exterieur-cubis\/","title":{"rendered":"Outdoor fireplace CUBIS"},"content":{"rendered":"<div data-elementor-type=\"wp-post\" data-elementor-id=\"2230\" class=\"elementor elementor-2230\">\n\t\t\t\t\t\t<section class=\"elementor-section elementor-top-section elementor-element elementor-element-bfc33ca elementor-section-boxed elementor-section-height-default elementor-section-height-default\" data-id=\"bfc33ca\" data-element_type=\"section\">\n\t\t\t\t\t\t<div class=\"elementor-container elementor-column-gap-default\">\n\t\t\t\t\t<div class=\"elementor-column elementor-col-33 elementor-top-column elementor-element elementor-element-2843c31\" data-id=\"2843c31\" data-element_type=\"column\">\n\t\t\t<div class=\"elementor-widget-wrap elementor-element-populated\">\n\t\t\t\t\t\t<div class=\"elementor-element elementor-element-e487c85 elementor-widget elementor-widget-heading\" data-id=\"e487c85\" data-element_type=\"widget\" data-widget_type=\"heading.default\">\n\t\t\t\t<div class=\"elementor-widget-container\">\n\t\t\t\t\t<h3 class=\"elementor-heading-title elementor-size-default\"><b>Transport your fireplace wherever you want<\/b><\/h3>\t\t\t\t<\/div>\n\t\t\t\t<\/div>\n\t\t\t\t<div class=\"elementor-element elementor-element-fcfeb7f elementor-widget elementor-widget-text-editor\" data-id=\"fcfeb7f\" data-element_type=\"widget\" data-widget_type=\"text-editor.default\">\n\t\t\t\t<div class=\"elementor-widget-container\">\n\t\t\t\t\t\t\t\t\t<p class=\"translation-block\">CUBIS revives the art of stylish lazing, all year round. Its modernity and robustness will blend perfectly into your garden, while adding an original stylish touch. You can move CUBIS around to vary the pleasure, and bring a new feature to any area you want to enjoy. Place it wherever you like: close to the vegetable patch, sheltered from the light breeze; at the entrance of the warmer, more intimate patio, or under the climbing roses as they release their delicate scent in the setting sun.<\/p>\t\t\t\t\t\t\t\t<\/div>\n\t\t\t\t<\/div>\n\t\t\t\t\t<\/div>\n\t\t<\/div>\n\t\t\t\t<div class=\"elementor-column elementor-col-66 elementor-top-column elementor-element elementor-element-dd2a383\" data-id=\"dd2a383\" data-element_type=\"column\">\n\t\t\t<div class=\"elementor-widget-wrap elementor-element-populated\">\n\t\t\t\t\t\t<div class=\"elementor-element elementor-element-57f0df8 elementor-widget elementor-widget-image\" data-id=\"57f0df8\" data-element_type=\"widget\" data-widget_type=\"image.default\">\n\t\t\t\t<div class=\"elementor-widget-container\">\n\t\t\t\t\t\t\t\t\t\t\t\t\t\t\t<img fetchpriority=\"high\" decoding=\"async\" width=\"1024\" height=\"500\" src=\"https:\/\/www.my-vulx.com\/wp-content\/uploads\/2021\/05\/Visuel-description-2.webp\" class=\"attachment-full size-full wp-image-4651\" alt=\"Chemin\u00e9e d&#039;ext\u00e9rieur CUBIS\" srcset=\"https:\/\/www.my-vulx.com\/wp-content\/uploads\/2021\/05\/Visuel-description-2.webp 1024w, https:\/\/www.my-vulx.com\/wp-content\/uploads\/2021\/05\/Visuel-description-2-600x293.webp 600w, https:\/\/www.my-vulx.com\/wp-content\/uploads\/2021\/05\/Visuel-description-2-300x146.webp 300w, https:\/\/www.my-vulx.com\/wp-content\/uploads\/2021\/05\/Visuel-description-2-768x375.webp 768w, https:\/\/www.my-vulx.com\/wp-content\/uploads\/2021\/05\/Visuel-description-2-18x9.webp 18w\" sizes=\"(max-width: 1024px) 100vw, 1024px\" \/>\t\t\t\t\t\t\t\t\t\t\t\t\t\t\t<\/div>\n\t\t\t\t<\/div>\n\t\t\t\t\t<\/div>\n\t\t<\/div>\n\t\t\t\t\t<\/div>\n\t\t<\/section>\n\t\t\t\t<section class=\"elementor-section elementor-top-section elementor-element elementor-element-8945350 elementor-section-boxed elementor-section-height-default elementor-section-height-default\" data-id=\"8945350\" data-element_type=\"section\">\n\t\t\t\t\t\t<div class=\"elementor-container elementor-column-gap-default\">\n\t\t\t\t\t<div class=\"elementor-column elementor-col-100 elementor-top-column elementor-element elementor-element-feff9a7\" data-id=\"feff9a7\" data-element_type=\"column\">\n\t\t\t<div class=\"elementor-widget-wrap elementor-element-populated\">\n\t\t\t\t\t\t<div class=\"elementor-element elementor-element-ec79bf1 elementor-widget elementor-widget-heading\" data-id=\"ec79bf1\" data-element_type=\"widget\" data-widget_type=\"heading.default\">\n\t\t\t\t<div class=\"elementor-widget-container\">\n\t\t\t\t\t<h3 class=\"elementor-heading-title elementor-size-default\"><b>Discover our outdoor fireplace CUBIS on video!<\/b><\/h3>\t\t\t\t<\/div>\n\t\t\t\t<\/div>\n\t\t\t\t<div class=\"elementor-element elementor-element-ee37753 elementor-widget elementor-widget-video\" data-id=\"ee37753\" data-element_type=\"widget\" data-settings=\"{&quot;youtube_url&quot;:&quot;https:\\\/\\\/youtu.be\\\/k4rGr4pxU7E&quot;,&quot;end&quot;:20,&quot;lazy_load&quot;:&quot;yes&quot;,&quot;video_type&quot;:&quot;youtube&quot;}\" data-widget_type=\"video.default\">\n\t\t\t\t<div class=\"elementor-widget-container\">\n\t\t\t\t\t\t\t<div class=\"elementor-wrapper elementor-open-inline\">\n\t\t\t<div class=\"elementor-video\"><\/div>\t\t<\/div>\n\t\t\t\t\t\t<\/div>\n\t\t\t\t<\/div>\n\t\t\t\t\t<\/div>\n\t\t<\/div>\n\t\t\t\t\t<\/div>\n\t\t<\/section>\n\t\t\t\t<\/div>","protected":false},"excerpt":{"rendered":"<p><a href=\"https:\/\/www.my-vulx.com\/index.php\/devis\/\" title=\"Personalising my VULX\" class=\"btn btn-primary\">Personalising my VULX\u00a0<\/a><\/p>\n<p>Available colour :<\/p>\n<p><img decoding=\"async\" src=\"\/wp-content\/uploads\/2020\/01\/ACIER_CORTEN-mini.png\" title=\"Corten Steel\" alt=\"couleur acier corten VULX\" width=\"54\" height=\"54\" class=\"alignleft wp-image-4556\" srcset=\"https:\/\/www.my-vulx.com\/wp-content\/uploads\/2020\/01\/ACIER_CORTEN-mini.png 64w, https:\/\/www.my-vulx.com\/wp-content\/uploads\/2020\/01\/ACIER_CORTEN-mini-12x12.png 12w\" sizes=\"(max-width: 54px) 100vw, 54px\" \/><\/p>\n<p>&nbsp;<\/p>\n<p>&nbsp;<\/p>\n<p>Bring a Scandinavian touch to your patio! The result of an artful combination of Danish expertise and natural design in Corten steel, the CUBIS outdoor fireplace awaits you.<\/p>\n<p>The essential companion of your outdoor living, this stove will create the warm atmosphere of an outside lounge! Picture yourself with a group of friends or loved ones of all generations. Young and old alike will be drawn instinctively to the comfort and pleasure of this inviting fire. They will sit, relax and bask in the reassuring warmth of its flames.<\/p>\n<p>The portable CUBIS is also a safety expert! 4 closed windows protect the flames and prevent sparks and embers from escaping. Its reassuring safety means you can focus on your festive plans.<\/p>\n<p>What\u2019s more, maintaining this outdoor fireplace is child\u2019s play. Here at VULX, where we design and manufacture the CUBIS, we strive for simplicity and efficiency right down to the cleaning requirements. Our aim is to take care of what matters most: the freedom to enjoy your moments of relaxation and create future memories.<\/p>","protected":false},"featured_media":5014,"comment_status":"open","ping_status":"closed","template":"","meta":[],"product_cat":[209,208],"product_tag":[],"yoast_head":"<!-- This site is optimized with the Yoast SEO plugin v23.5 - https:\/\/yoast.com\/wordpress\/plugins\/seo\/ -->\n<title>Chemin\u00e9e d&#039;ext\u00e9rieur CUBIS - Vulx<\/title>\n<meta name=\"description\" content=\"Chemin\u00e9e d&#039;ext\u00e9rieur CUBIS | Petit Appareil de Chauffage \u00e0 Bois pour Terrasse | Con\u00e7u dans le Savoir-faire Scandinave | Acier Corten et Style Authentique\" \/>\n<meta name=\"robots\" content=\"index, follow, max-snippet:-1, max-image-preview:large, max-video-preview:-1\" \/>\n<link rel=\"canonical\" href=\"https:\/\/www.my-vulx.com\/en\/product\/cheminee-exterieur-cubis\/\" \/>\n<meta property=\"og:locale\" content=\"en_GB\" \/>\n<meta property=\"og:type\" content=\"article\" \/>\n<meta property=\"og:title\" content=\"Chemin\u00e9e d&#039;ext\u00e9rieur CUBIS - Vulx\" \/>\n<meta property=\"og:description\" content=\"Chemin\u00e9e d&#039;ext\u00e9rieur CUBIS | Petit Appareil de Chauffage \u00e0 Bois pour Terrasse | Con\u00e7u dans le Savoir-faire Scandinave | Acier Corten et Style Authentique\" \/>\n<meta property=\"og:url\" content=\"https:\/\/www.my-vulx.com\/en\/product\/cheminee-exterieur-cubis\/\" \/>\n<meta property=\"og:site_name\" content=\"Vulx\" \/>\n<meta property=\"article:modified_time\" content=\"2026-04-03T22:58:39+00:00\" \/>\n<meta property=\"og:image\" content=\"https:\/\/www.my-vulx.com\/wp-content\/uploads\/2021\/05\/Cheminee-dexterieur-CUBIS-4.webp\" \/>\n\t<meta property=\"og:image:width\" content=\"500\" \/>\n\t<meta property=\"og:image:height\" content=\"500\" \/>\n\t<meta property=\"og:image:type\" content=\"image\/webp\" \/>\n<meta name=\"twitter:card\" content=\"summary_large_image\" \/>\n<meta name=\"twitter:label1\" content=\"Estimated reading time\" \/>\n\t<meta name=\"twitter:data1\" content=\"1 minute\" \/>\n<script type=\"application\/ld+json\" class=\"yoast-schema-graph\">{\"@context\":\"https:\/\/schema.org\",\"@graph\":[{\"@type\":\"WebPage\",\"@id\":\"https:\/\/www.my-vulx.com\/produit\/cheminee-exterieur-cubis\/\",\"url\":\"https:\/\/www.my-vulx.com\/produit\/cheminee-exterieur-cubis\/\",\"name\":\"Chemin\u00e9e d'ext\u00e9rieur CUBIS - Vulx\",\"isPartOf\":{\"@id\":\"https:\/\/www.my-vulx.com\/#website\"},\"primaryImageOfPage\":{\"@id\":\"https:\/\/www.my-vulx.com\/produit\/cheminee-exterieur-cubis\/#primaryimage\"},\"image\":{\"@id\":\"https:\/\/www.my-vulx.com\/produit\/cheminee-exterieur-cubis\/#primaryimage\"},\"thumbnailUrl\":\"https:\/\/www.my-vulx.com\/wp-content\/uploads\/2021\/05\/Cheminee-dexterieur-CUBIS-4.webp\",\"datePublished\":\"2021-05-18T11:34:01+00:00\",\"dateModified\":\"2026-04-03T22:58:39+00:00\",\"description\":\"Chemin\u00e9e d'ext\u00e9rieur CUBIS | Petit Appareil de Chauffage \u00e0 Bois pour Terrasse | Con\u00e7u dans le Savoir-faire Scandinave | Acier Corten et Style Authentique\",\"breadcrumb\":{\"@id\":\"https:\/\/www.my-vulx.com\/produit\/cheminee-exterieur-cubis\/#breadcrumb\"},\"inLanguage\":\"en-GB\",\"potentialAction\":[{\"@type\":\"ReadAction\",\"target\":[\"https:\/\/www.my-vulx.com\/produit\/cheminee-exterieur-cubis\/\"]}]},{\"@type\":\"ImageObject\",\"inLanguage\":\"en-GB\",\"@id\":\"https:\/\/www.my-vulx.com\/produit\/cheminee-exterieur-cubis\/#primaryimage\",\"url\":\"https:\/\/www.my-vulx.com\/wp-content\/uploads\/2021\/05\/Cheminee-dexterieur-CUBIS-4.webp\",\"contentUrl\":\"https:\/\/www.my-vulx.com\/wp-content\/uploads\/2021\/05\/Cheminee-dexterieur-CUBIS-4.webp\",\"width\":500,\"height\":500,\"caption\":\"Chemin\u00e9e d'ext\u00e9rieur CUBIS sign\u00e9e VULX\"},{\"@type\":\"BreadcrumbList\",\"@id\":\"https:\/\/www.my-vulx.com\/produit\/cheminee-exterieur-cubis\/#breadcrumb\",\"itemListElement\":[{\"@type\":\"ListItem\",\"position\":1,\"name\":\"Accueil\",\"item\":\"https:\/\/www.my-vulx.com\/\"},{\"@type\":\"ListItem\",\"position\":2,\"name\":\"Products\",\"item\":\"https:\/\/www.my-vulx.com\/en\/shop\/\"},{\"@type\":\"ListItem\",\"position\":3,\"name\":\"Chemin\u00e9e d&rsquo;ext\u00e9rieur CUBIS\"}]},{\"@type\":\"WebSite\",\"@id\":\"https:\/\/www.my-vulx.com\/#website\",\"url\":\"https:\/\/www.my-vulx.com\/\",\"name\":\"Vulx\",\"description\":\"La chaleur des bons moments\",\"publisher\":{\"@id\":\"https:\/\/www.my-vulx.com\/#organization\"},\"potentialAction\":[{\"@type\":\"SearchAction\",\"target\":{\"@type\":\"EntryPoint\",\"urlTemplate\":\"https:\/\/www.my-vulx.com\/?s={search_term_string}\"},\"query-input\":{\"@type\":\"PropertyValueSpecification\",\"valueRequired\":true,\"valueName\":\"search_term_string\"}}],\"inLanguage\":\"en-GB\"},{\"@type\":\"Organization\",\"@id\":\"https:\/\/www.my-vulx.com\/#organization\",\"name\":\"Vulx\",\"url\":\"https:\/\/www.my-vulx.com\/\",\"logo\":{\"@type\":\"ImageObject\",\"inLanguage\":\"en-GB\",\"@id\":\"https:\/\/www.my-vulx.com\/#\/schema\/logo\/image\/\",\"url\":\"https:\/\/www.my-vulx.com\/wp-content\/uploads\/2024\/03\/cropped-cropped-cropped-logo-v2.png\",\"contentUrl\":\"https:\/\/www.my-vulx.com\/wp-content\/uploads\/2024\/03\/cropped-cropped-cropped-logo-v2.png\",\"width\":250,\"height\":78,\"caption\":\"Vulx\"},\"image\":{\"@id\":\"https:\/\/www.my-vulx.com\/#\/schema\/logo\/image\/\"}}]}<\/script>\n<!-- \/ Yoast SEO plugin. -->","yoast_head_json":{"title":"Chemin\u00e9e d'ext\u00e9rieur CUBIS - Vulx","description":"Chemin\u00e9e d'ext\u00e9rieur CUBIS | Petit Appareil de Chauffage \u00e0 Bois pour Terrasse | Con\u00e7u dans le Savoir-faire Scandinave | Acier Corten et Style Authentique","robots":{"index":"index","follow":"follow","max-snippet":"max-snippet:-1","max-image-preview":"max-image-preview:large","max-video-preview":"max-video-preview:-1"},"canonical":"https:\/\/www.my-vulx.com\/en\/product\/cheminee-exterieur-cubis\/","og_locale":"en_GB","og_type":"article","og_title":"Chemin\u00e9e d'ext\u00e9rieur CUBIS - Vulx","og_description":"Chemin\u00e9e d'ext\u00e9rieur CUBIS | Petit Appareil de Chauffage \u00e0 Bois pour Terrasse | Con\u00e7u dans le Savoir-faire Scandinave | Acier Corten et Style Authentique","og_url":"https:\/\/www.my-vulx.com\/en\/product\/cheminee-exterieur-cubis\/","og_site_name":"Vulx","article_modified_time":"2026-04-03T22:58:39+00:00","og_image":[{"width":500,"height":500,"url":"https:\/\/www.my-vulx.com\/wp-content\/uploads\/2021\/05\/Cheminee-dexterieur-CUBIS-4.webp","type":"image\/webp"}],"twitter_card":"summary_large_image","twitter_misc":{"Estimated reading time":"1 minute"},"schema":{"@context":"https:\/\/schema.org","@graph":[{"@type":"WebPage","@id":"https:\/\/www.my-vulx.com\/produit\/cheminee-exterieur-cubis\/","url":"https:\/\/www.my-vulx.com\/produit\/cheminee-exterieur-cubis\/","name":"Chemin\u00e9e d'ext\u00e9rieur CUBIS - Vulx","isPartOf":{"@id":"https:\/\/www.my-vulx.com\/#website"},"primaryImageOfPage":{"@id":"https:\/\/www.my-vulx.com\/produit\/cheminee-exterieur-cubis\/#primaryimage"},"image":{"@id":"https:\/\/www.my-vulx.com\/produit\/cheminee-exterieur-cubis\/#primaryimage"},"thumbnailUrl":"https:\/\/www.my-vulx.com\/wp-content\/uploads\/2021\/05\/Cheminee-dexterieur-CUBIS-4.webp","datePublished":"2021-05-18T11:34:01+00:00","dateModified":"2026-04-03T22:58:39+00:00","description":"Chemin\u00e9e d'ext\u00e9rieur CUBIS | Petit Appareil de Chauffage \u00e0 Bois pour Terrasse | Con\u00e7u dans le Savoir-faire Scandinave | Acier Corten et Style Authentique","breadcrumb":{"@id":"https:\/\/www.my-vulx.com\/produit\/cheminee-exterieur-cubis\/#breadcrumb"},"inLanguage":"en-GB","potentialAction":[{"@type":"ReadAction","target":["https:\/\/www.my-vulx.com\/produit\/cheminee-exterieur-cubis\/"]}]},{"@type":"ImageObject","inLanguage":"en-GB","@id":"https:\/\/www.my-vulx.com\/produit\/cheminee-exterieur-cubis\/#primaryimage","url":"https:\/\/www.my-vulx.com\/wp-content\/uploads\/2021\/05\/Cheminee-dexterieur-CUBIS-4.webp","contentUrl":"https:\/\/www.my-vulx.com\/wp-content\/uploads\/2021\/05\/Cheminee-dexterieur-CUBIS-4.webp","width":500,"height":500,"caption":"Chemin\u00e9e d'ext\u00e9rieur CUBIS sign\u00e9e VULX"},{"@type":"BreadcrumbList","@id":"https:\/\/www.my-vulx.com\/produit\/cheminee-exterieur-cubis\/#breadcrumb","itemListElement":[{"@type":"ListItem","position":1,"name":"Accueil","item":"https:\/\/www.my-vulx.com\/"},{"@type":"ListItem","position":2,"name":"Products","item":"https:\/\/www.my-vulx.com\/en\/shop\/"},{"@type":"ListItem","position":3,"name":"Chemin\u00e9e d&rsquo;ext\u00e9rieur CUBIS"}]},{"@type":"WebSite","@id":"https:\/\/www.my-vulx.com\/#website","url":"https:\/\/www.my-vulx.com\/","name":"Vulx","description":"La chaleur des bons moments","publisher":{"@id":"https:\/\/www.my-vulx.com\/#organization"},"potentialAction":[{"@type":"SearchAction","target":{"@type":"EntryPoint","urlTemplate":"https:\/\/www.my-vulx.com\/?s={search_term_string}"},"query-input":{"@type":"PropertyValueSpecification","valueRequired":true,"valueName":"search_term_string"}}],"inLanguage":"en-GB"},{"@type":"Organization","@id":"https:\/\/www.my-vulx.com\/#organization","name":"Vulx","url":"https:\/\/www.my-vulx.com\/","logo":{"@type":"ImageObject","inLanguage":"en-GB","@id":"https:\/\/www.my-vulx.com\/#\/schema\/logo\/image\/","url":"https:\/\/www.my-vulx.com\/wp-content\/uploads\/2024\/03\/cropped-cropped-cropped-logo-v2.png","contentUrl":"https:\/\/www.my-vulx.com\/wp-content\/uploads\/2024\/03\/cropped-cropped-cropped-logo-v2.png","width":250,"height":78,"caption":"Vulx"},"image":{"@id":"https:\/\/www.my-vulx.com\/#\/schema\/logo\/image\/"}}]}},"_links":{"self":[{"href":"https:\/\/www.my-vulx.com\/en\/wp-json\/wp\/v2\/product\/2230"}],"collection":[{"href":"https:\/\/www.my-vulx.com\/en\/wp-json\/wp\/v2\/product"}],"about":[{"href":"https:\/\/www.my-vulx.com\/en\/wp-json\/wp\/v2\/types\/product"}],"replies":[{"embeddable":true,"href":"https:\/\/www.my-vulx.com\/en\/wp-json\/wp\/v2\/comments?post=2230"}],"version-history":[{"count":38,"href":"https:\/\/www.my-vulx.com\/en\/wp-json\/wp\/v2\/product\/2230\/revisions"}],"predecessor-version":[{"id":5454,"href":"https:\/\/www.my-vulx.com\/en\/wp-json\/wp\/v2\/product\/2230\/revisions\/5454"}],"wp:featuredmedia":[{"embeddable":true,"href":"https:\/\/www.my-vulx.com\/en\/wp-json\/wp\/v2\/media\/5014"}],"wp:attachment":[{"href":"https:\/\/www.my-vulx.com\/en\/wp-json\/wp\/v2\/media?parent=2230"}],"wp:term":[{"taxonomy":"product_cat","embeddable":true,"href":"https:\/\/www.my-vulx.com\/en\/wp-json\/wp\/v2\/product_cat?post=2230"},{"taxonomy":"product_tag","embeddable":true,"href":"https:\/\/www.my-vulx.com\/en\/wp-json\/wp\/v2\/product_tag?post=2230"}],"curies":[{"name":"wp","href":"https:\/\/api.w.org\/{rel}","templated":true}]}}