{"id":4698,"date":"2024-03-29T10:06:44","date_gmt":"2024-03-29T09:06:44","guid":{"rendered":"https:\/\/preprod.my-vulx.com\/?post_type=product&#038;p=4698"},"modified":"2025-03-17T15:35:51","modified_gmt":"2025-03-17T14:35:51","slug":"mallette-cuisson","status":"publish","type":"product","link":"https:\/\/www.my-vulx.com\/en\/product\/mallette-cuisson\/","title":{"rendered":"Cooking utensil set"},"content":{"rendered":"","protected":false},"excerpt":{"rendered":"<p><a href=\"https:\/\/www.my-vulx.com\/index.php\/devis\/\" title=\"Personalising my VULX\" class=\"btn btn-primary\">Personalising my VULX\u00a0<\/a><\/p>\n<p>When it comes to the barbecue or plancha, you don\u2019t do things by half. Choosing our utensil set says it all; you\u2019re aiming to become the master chef of signature barbecue evenings.<\/p>\n<p>This set offers all the style and practicality of expert outdoor cooking:<br \/>\n-\tthe thin blade of the knife is perfect for safe and precise slicing of vegetables, meat or fish<br \/>\n-\tthe robust, reliable tongs will allow you to flip your ingredients easily<br \/>\n-\tthe fork will delicately spear all your preparations<br \/>\n-\twith your sleeves rolled up, handle your grilled ingredients with impressive agility using the spatula<\/p>\n<p>&nbsp;<\/p>\n<p>This robust stainless-steel set is designed to suit cooking on VULX appliances perfectly. All the pleasure of sharing an outdoor feast!<\/p>","protected":false},"featured_media":5197,"comment_status":"closed","ping_status":"closed","template":"","meta":[],"product_cat":[210,218],"product_tag":[],"yoast_head":"<!-- This site is optimized with the Yoast SEO plugin v23.5 - https:\/\/yoast.com\/wordpress\/plugins\/seo\/ -->\n<title>Mallette Cuisson - Vulx<\/title>\n<meta name=\"description\" content=\"D\u00e9couvrez notre malette barbecue VULX | Acier Inoxydable | Pens\u00e9e, con\u00e7ue pour cuisiner de mani\u00e8re id\u00e9ale et durable sur les foyers VULX,\" \/>\n<meta name=\"robots\" content=\"index, follow, max-snippet:-1, max-image-preview:large, max-video-preview:-1\" \/>\n<link rel=\"canonical\" href=\"https:\/\/www.my-vulx.com\/en\/product\/mallette-cuisson\/\" \/>\n<meta property=\"og:locale\" content=\"en_GB\" \/>\n<meta property=\"og:type\" content=\"article\" \/>\n<meta property=\"og:title\" content=\"Mallette Cuisson - Vulx\" \/>\n<meta property=\"og:description\" content=\"D\u00e9couvrez notre malette barbecue VULX | Acier Inoxydable | Pens\u00e9e, con\u00e7ue pour cuisiner de mani\u00e8re id\u00e9ale et durable sur les foyers VULX,\" \/>\n<meta property=\"og:url\" content=\"https:\/\/www.my-vulx.com\/en\/product\/mallette-cuisson\/\" \/>\n<meta property=\"og:site_name\" content=\"Vulx\" \/>\n<meta property=\"article:modified_time\" content=\"2025-03-17T14:35:51+00:00\" \/>\n<meta property=\"og:image\" content=\"https:\/\/www.my-vulx.com\/wp-content\/uploads\/2024\/03\/Mallette-Cuisson.webp\" \/>\n\t<meta property=\"og:image:width\" content=\"500\" \/>\n\t<meta property=\"og:image:height\" content=\"500\" \/>\n\t<meta property=\"og:image:type\" content=\"image\/webp\" \/>\n<meta name=\"twitter:card\" content=\"summary_large_image\" \/>\n<meta name=\"twitter:label1\" content=\"Estimated reading time\" \/>\n\t<meta name=\"twitter:data1\" content=\"1 minute\" \/>\n<script type=\"application\/ld+json\" class=\"yoast-schema-graph\">{\"@context\":\"https:\/\/schema.org\",\"@graph\":[{\"@type\":\"WebPage\",\"@id\":\"https:\/\/www.my-vulx.com\/produit\/mallette-cuisson\/\",\"url\":\"https:\/\/www.my-vulx.com\/produit\/mallette-cuisson\/\",\"name\":\"Mallette Cuisson - Vulx\",\"isPartOf\":{\"@id\":\"https:\/\/www.my-vulx.com\/#website\"},\"primaryImageOfPage\":{\"@id\":\"https:\/\/www.my-vulx.com\/produit\/mallette-cuisson\/#primaryimage\"},\"image\":{\"@id\":\"https:\/\/www.my-vulx.com\/produit\/mallette-cuisson\/#primaryimage\"},\"thumbnailUrl\":\"https:\/\/www.my-vulx.com\/wp-content\/uploads\/2024\/03\/Mallette-Cuisson.webp\",\"datePublished\":\"2024-03-29T09:06:44+00:00\",\"dateModified\":\"2025-03-17T14:35:51+00:00\",\"description\":\"D\u00e9couvrez notre malette barbecue VULX | Acier Inoxydable | Pens\u00e9e, con\u00e7ue pour cuisiner de mani\u00e8re id\u00e9ale et durable sur les foyers VULX,\",\"breadcrumb\":{\"@id\":\"https:\/\/www.my-vulx.com\/produit\/mallette-cuisson\/#breadcrumb\"},\"inLanguage\":\"en-GB\",\"potentialAction\":[{\"@type\":\"ReadAction\",\"target\":[\"https:\/\/www.my-vulx.com\/produit\/mallette-cuisson\/\"]}]},{\"@type\":\"ImageObject\",\"inLanguage\":\"en-GB\",\"@id\":\"https:\/\/www.my-vulx.com\/produit\/mallette-cuisson\/#primaryimage\",\"url\":\"https:\/\/www.my-vulx.com\/wp-content\/uploads\/2024\/03\/Mallette-Cuisson.webp\",\"contentUrl\":\"https:\/\/www.my-vulx.com\/wp-content\/uploads\/2024\/03\/Mallette-Cuisson.webp\",\"width\":500,\"height\":500,\"caption\":\"Mallette Cuisson\"},{\"@type\":\"BreadcrumbList\",\"@id\":\"https:\/\/www.my-vulx.com\/produit\/mallette-cuisson\/#breadcrumb\",\"itemListElement\":[{\"@type\":\"ListItem\",\"position\":1,\"name\":\"Accueil\",\"item\":\"https:\/\/www.my-vulx.com\/\"},{\"@type\":\"ListItem\",\"position\":2,\"name\":\"Products\",\"item\":\"https:\/\/www.my-vulx.com\/en\/shop\/\"},{\"@type\":\"ListItem\",\"position\":3,\"name\":\"Mallette Cuisson\"}]},{\"@type\":\"WebSite\",\"@id\":\"https:\/\/www.my-vulx.com\/#website\",\"url\":\"https:\/\/www.my-vulx.com\/\",\"name\":\"Vulx\",\"description\":\"La chaleur des bons moments\",\"publisher\":{\"@id\":\"https:\/\/www.my-vulx.com\/#organization\"},\"potentialAction\":[{\"@type\":\"SearchAction\",\"target\":{\"@type\":\"EntryPoint\",\"urlTemplate\":\"https:\/\/www.my-vulx.com\/?s={search_term_string}\"},\"query-input\":{\"@type\":\"PropertyValueSpecification\",\"valueRequired\":true,\"valueName\":\"search_term_string\"}}],\"inLanguage\":\"en-GB\"},{\"@type\":\"Organization\",\"@id\":\"https:\/\/www.my-vulx.com\/#organization\",\"name\":\"Vulx\",\"url\":\"https:\/\/www.my-vulx.com\/\",\"logo\":{\"@type\":\"ImageObject\",\"inLanguage\":\"en-GB\",\"@id\":\"https:\/\/www.my-vulx.com\/#\/schema\/logo\/image\/\",\"url\":\"https:\/\/www.my-vulx.com\/wp-content\/uploads\/2024\/03\/cropped-cropped-cropped-logo-v2.png\",\"contentUrl\":\"https:\/\/www.my-vulx.com\/wp-content\/uploads\/2024\/03\/cropped-cropped-cropped-logo-v2.png\",\"width\":250,\"height\":78,\"caption\":\"Vulx\"},\"image\":{\"@id\":\"https:\/\/www.my-vulx.com\/#\/schema\/logo\/image\/\"}}]}<\/script>\n<!-- \/ Yoast SEO plugin. -->","yoast_head_json":{"title":"Mallette Cuisson - Vulx","description":"D\u00e9couvrez notre malette barbecue VULX | Acier Inoxydable | Pens\u00e9e, con\u00e7ue pour cuisiner de mani\u00e8re id\u00e9ale et durable sur les foyers VULX,","robots":{"index":"index","follow":"follow","max-snippet":"max-snippet:-1","max-image-preview":"max-image-preview:large","max-video-preview":"max-video-preview:-1"},"canonical":"https:\/\/www.my-vulx.com\/en\/product\/mallette-cuisson\/","og_locale":"en_GB","og_type":"article","og_title":"Mallette Cuisson - Vulx","og_description":"D\u00e9couvrez notre malette barbecue VULX | Acier Inoxydable | Pens\u00e9e, con\u00e7ue pour cuisiner de mani\u00e8re id\u00e9ale et durable sur les foyers VULX,","og_url":"https:\/\/www.my-vulx.com\/en\/product\/mallette-cuisson\/","og_site_name":"Vulx","article_modified_time":"2025-03-17T14:35:51+00:00","og_image":[{"width":500,"height":500,"url":"https:\/\/www.my-vulx.com\/wp-content\/uploads\/2024\/03\/Mallette-Cuisson.webp","type":"image\/webp"}],"twitter_card":"summary_large_image","twitter_misc":{"Estimated reading time":"1 minute"},"schema":{"@context":"https:\/\/schema.org","@graph":[{"@type":"WebPage","@id":"https:\/\/www.my-vulx.com\/produit\/mallette-cuisson\/","url":"https:\/\/www.my-vulx.com\/produit\/mallette-cuisson\/","name":"Mallette Cuisson - Vulx","isPartOf":{"@id":"https:\/\/www.my-vulx.com\/#website"},"primaryImageOfPage":{"@id":"https:\/\/www.my-vulx.com\/produit\/mallette-cuisson\/#primaryimage"},"image":{"@id":"https:\/\/www.my-vulx.com\/produit\/mallette-cuisson\/#primaryimage"},"thumbnailUrl":"https:\/\/www.my-vulx.com\/wp-content\/uploads\/2024\/03\/Mallette-Cuisson.webp","datePublished":"2024-03-29T09:06:44+00:00","dateModified":"2025-03-17T14:35:51+00:00","description":"D\u00e9couvrez notre malette barbecue VULX | Acier Inoxydable | Pens\u00e9e, con\u00e7ue pour cuisiner de mani\u00e8re id\u00e9ale et durable sur les foyers VULX,","breadcrumb":{"@id":"https:\/\/www.my-vulx.com\/produit\/mallette-cuisson\/#breadcrumb"},"inLanguage":"en-GB","potentialAction":[{"@type":"ReadAction","target":["https:\/\/www.my-vulx.com\/produit\/mallette-cuisson\/"]}]},{"@type":"ImageObject","inLanguage":"en-GB","@id":"https:\/\/www.my-vulx.com\/produit\/mallette-cuisson\/#primaryimage","url":"https:\/\/www.my-vulx.com\/wp-content\/uploads\/2024\/03\/Mallette-Cuisson.webp","contentUrl":"https:\/\/www.my-vulx.com\/wp-content\/uploads\/2024\/03\/Mallette-Cuisson.webp","width":500,"height":500,"caption":"Mallette Cuisson"},{"@type":"BreadcrumbList","@id":"https:\/\/www.my-vulx.com\/produit\/mallette-cuisson\/#breadcrumb","itemListElement":[{"@type":"ListItem","position":1,"name":"Accueil","item":"https:\/\/www.my-vulx.com\/"},{"@type":"ListItem","position":2,"name":"Products","item":"https:\/\/www.my-vulx.com\/en\/shop\/"},{"@type":"ListItem","position":3,"name":"Mallette Cuisson"}]},{"@type":"WebSite","@id":"https:\/\/www.my-vulx.com\/#website","url":"https:\/\/www.my-vulx.com\/","name":"Vulx","description":"La chaleur des bons moments","publisher":{"@id":"https:\/\/www.my-vulx.com\/#organization"},"potentialAction":[{"@type":"SearchAction","target":{"@type":"EntryPoint","urlTemplate":"https:\/\/www.my-vulx.com\/?s={search_term_string}"},"query-input":{"@type":"PropertyValueSpecification","valueRequired":true,"valueName":"search_term_string"}}],"inLanguage":"en-GB"},{"@type":"Organization","@id":"https:\/\/www.my-vulx.com\/#organization","name":"Vulx","url":"https:\/\/www.my-vulx.com\/","logo":{"@type":"ImageObject","inLanguage":"en-GB","@id":"https:\/\/www.my-vulx.com\/#\/schema\/logo\/image\/","url":"https:\/\/www.my-vulx.com\/wp-content\/uploads\/2024\/03\/cropped-cropped-cropped-logo-v2.png","contentUrl":"https:\/\/www.my-vulx.com\/wp-content\/uploads\/2024\/03\/cropped-cropped-cropped-logo-v2.png","width":250,"height":78,"caption":"Vulx"},"image":{"@id":"https:\/\/www.my-vulx.com\/#\/schema\/logo\/image\/"}}]}},"_links":{"self":[{"href":"https:\/\/www.my-vulx.com\/en\/wp-json\/wp\/v2\/product\/4698"}],"collection":[{"href":"https:\/\/www.my-vulx.com\/en\/wp-json\/wp\/v2\/product"}],"about":[{"href":"https:\/\/www.my-vulx.com\/en\/wp-json\/wp\/v2\/types\/product"}],"replies":[{"embeddable":true,"href":"https:\/\/www.my-vulx.com\/en\/wp-json\/wp\/v2\/comments?post=4698"}],"version-history":[{"count":7,"href":"https:\/\/www.my-vulx.com\/en\/wp-json\/wp\/v2\/product\/4698\/revisions"}],"predecessor-version":[{"id":5449,"href":"https:\/\/www.my-vulx.com\/en\/wp-json\/wp\/v2\/product\/4698\/revisions\/5449"}],"wp:featuredmedia":[{"embeddable":true,"href":"https:\/\/www.my-vulx.com\/en\/wp-json\/wp\/v2\/media\/5197"}],"wp:attachment":[{"href":"https:\/\/www.my-vulx.com\/en\/wp-json\/wp\/v2\/media?parent=4698"}],"wp:term":[{"taxonomy":"product_cat","embeddable":true,"href":"https:\/\/www.my-vulx.com\/en\/wp-json\/wp\/v2\/product_cat?post=4698"},{"taxonomy":"product_tag","embeddable":true,"href":"https:\/\/www.my-vulx.com\/en\/wp-json\/wp\/v2\/product_tag?post=4698"}],"curies":[{"name":"wp","href":"https:\/\/api.w.org\/{rel}","templated":true}]}}