{"id":4732,"date":"2024-03-29T11:42:54","date_gmt":"2024-03-29T10:42:54","guid":{"rendered":"https:\/\/preprod.my-vulx.com\/?post_type=product&#038;p=4732"},"modified":"2025-03-17T15:37:09","modified_gmt":"2025-03-17T14:37:09","slug":"kit-seau-a-champagne","status":"publish","type":"product","link":"https:\/\/www.my-vulx.com\/en\/product\/kit-seau-a-champagne\/","title":{"rendered":"Champagne bucket kit"},"content":{"rendered":"","protected":false},"excerpt":{"rendered":"<p><a href=\"https:\/\/www.my-vulx.com\/index.php\/devis\/\" title=\"Personalising my VULX\" class=\"btn btn-primary\">Personalising my VULX\u00a0<\/a><\/p>\n<p>To accompany each moment of conviviality, VULX barbecue plancha tables, like an Icelandic volcano, can play with fire and ice. For your festive occasions, Fusion and Magma can also act as your cellar master, holding an elegant champagne bucket.<\/p>\n<p>The kit easily transforms your table to offer another service, the perfect companion for your stand-up receptions. This ingenious kit is compatible with Magma or Fusion tables in compact HPL or larch wood.  A refreshing touch to outdoor meals and toasts to your health!<\/p>","protected":false},"featured_media":5193,"comment_status":"closed","ping_status":"closed","template":"","meta":[],"product_cat":[210,218],"product_tag":[],"yoast_head":"<!-- This site is optimized with the Yoast SEO plugin v23.5 - https:\/\/yoast.com\/wordpress\/plugins\/seo\/ -->\n<title>Kit seau \u00e0 champagne - Vulx<\/title>\n<meta name=\"description\" content=\"D\u00e9couvrez notre kit seau \u00e0 champagne et transformez votre table barbecue plancha MAGMA ou FUSION en une table o\u00f9 il fait bon se rassembler\" \/>\n<meta name=\"robots\" content=\"index, follow, max-snippet:-1, max-image-preview:large, max-video-preview:-1\" \/>\n<link rel=\"canonical\" href=\"https:\/\/www.my-vulx.com\/en\/product\/kit-seau-a-champagne\/\" \/>\n<meta property=\"og:locale\" content=\"en_GB\" \/>\n<meta property=\"og:type\" content=\"article\" \/>\n<meta property=\"og:title\" content=\"Kit seau \u00e0 champagne - Vulx\" \/>\n<meta property=\"og:description\" content=\"D\u00e9couvrez notre kit seau \u00e0 champagne et transformez votre table barbecue plancha MAGMA ou FUSION en une table o\u00f9 il fait bon se rassembler\" \/>\n<meta property=\"og:url\" content=\"https:\/\/www.my-vulx.com\/en\/product\/kit-seau-a-champagne\/\" \/>\n<meta property=\"og:site_name\" content=\"Vulx\" \/>\n<meta property=\"article:modified_time\" content=\"2025-03-17T14:37:09+00:00\" \/>\n<meta property=\"og:image\" content=\"https:\/\/www.my-vulx.com\/wp-content\/uploads\/2024\/03\/SEAU-a-CHAMPAGNE.webp\" \/>\n\t<meta property=\"og:image:width\" content=\"500\" \/>\n\t<meta property=\"og:image:height\" content=\"500\" \/>\n\t<meta property=\"og:image:type\" content=\"image\/webp\" \/>\n<meta name=\"twitter:card\" content=\"summary_large_image\" \/>\n<meta name=\"twitter:label1\" content=\"Estimated reading time\" \/>\n\t<meta name=\"twitter:data1\" content=\"1 minute\" \/>\n<script type=\"application\/ld+json\" class=\"yoast-schema-graph\">{\"@context\":\"https:\/\/schema.org\",\"@graph\":[{\"@type\":\"WebPage\",\"@id\":\"https:\/\/www.my-vulx.com\/produit\/kit-seau-a-champagne\/\",\"url\":\"https:\/\/www.my-vulx.com\/produit\/kit-seau-a-champagne\/\",\"name\":\"Kit seau \u00e0 champagne - Vulx\",\"isPartOf\":{\"@id\":\"https:\/\/www.my-vulx.com\/#website\"},\"primaryImageOfPage\":{\"@id\":\"https:\/\/www.my-vulx.com\/produit\/kit-seau-a-champagne\/#primaryimage\"},\"image\":{\"@id\":\"https:\/\/www.my-vulx.com\/produit\/kit-seau-a-champagne\/#primaryimage\"},\"thumbnailUrl\":\"https:\/\/www.my-vulx.com\/wp-content\/uploads\/2024\/03\/SEAU-a-CHAMPAGNE.webp\",\"datePublished\":\"2024-03-29T10:42:54+00:00\",\"dateModified\":\"2025-03-17T14:37:09+00:00\",\"description\":\"D\u00e9couvrez notre kit seau \u00e0 champagne et transformez votre table barbecue plancha MAGMA ou FUSION en une table o\u00f9 il fait bon se rassembler\",\"breadcrumb\":{\"@id\":\"https:\/\/www.my-vulx.com\/produit\/kit-seau-a-champagne\/#breadcrumb\"},\"inLanguage\":\"en-GB\",\"potentialAction\":[{\"@type\":\"ReadAction\",\"target\":[\"https:\/\/www.my-vulx.com\/produit\/kit-seau-a-champagne\/\"]}]},{\"@type\":\"ImageObject\",\"inLanguage\":\"en-GB\",\"@id\":\"https:\/\/www.my-vulx.com\/produit\/kit-seau-a-champagne\/#primaryimage\",\"url\":\"https:\/\/www.my-vulx.com\/wp-content\/uploads\/2024\/03\/SEAU-a-CHAMPAGNE.webp\",\"contentUrl\":\"https:\/\/www.my-vulx.com\/wp-content\/uploads\/2024\/03\/SEAU-a-CHAMPAGNE.webp\",\"width\":500,\"height\":500,\"caption\":\"SEAU \u00e0 CHAMPAGNE pour table barbecue plancha FUSION et MAGMA\"},{\"@type\":\"BreadcrumbList\",\"@id\":\"https:\/\/www.my-vulx.com\/produit\/kit-seau-a-champagne\/#breadcrumb\",\"itemListElement\":[{\"@type\":\"ListItem\",\"position\":1,\"name\":\"Accueil\",\"item\":\"https:\/\/www.my-vulx.com\/\"},{\"@type\":\"ListItem\",\"position\":2,\"name\":\"Products\",\"item\":\"https:\/\/www.my-vulx.com\/en\/shop\/\"},{\"@type\":\"ListItem\",\"position\":3,\"name\":\"Kit seau \u00e0 champagne\"}]},{\"@type\":\"WebSite\",\"@id\":\"https:\/\/www.my-vulx.com\/#website\",\"url\":\"https:\/\/www.my-vulx.com\/\",\"name\":\"Vulx\",\"description\":\"La chaleur des bons moments\",\"publisher\":{\"@id\":\"https:\/\/www.my-vulx.com\/#organization\"},\"potentialAction\":[{\"@type\":\"SearchAction\",\"target\":{\"@type\":\"EntryPoint\",\"urlTemplate\":\"https:\/\/www.my-vulx.com\/?s={search_term_string}\"},\"query-input\":{\"@type\":\"PropertyValueSpecification\",\"valueRequired\":true,\"valueName\":\"search_term_string\"}}],\"inLanguage\":\"en-GB\"},{\"@type\":\"Organization\",\"@id\":\"https:\/\/www.my-vulx.com\/#organization\",\"name\":\"Vulx\",\"url\":\"https:\/\/www.my-vulx.com\/\",\"logo\":{\"@type\":\"ImageObject\",\"inLanguage\":\"en-GB\",\"@id\":\"https:\/\/www.my-vulx.com\/#\/schema\/logo\/image\/\",\"url\":\"https:\/\/www.my-vulx.com\/wp-content\/uploads\/2024\/03\/cropped-cropped-cropped-logo-v2.png\",\"contentUrl\":\"https:\/\/www.my-vulx.com\/wp-content\/uploads\/2024\/03\/cropped-cropped-cropped-logo-v2.png\",\"width\":250,\"height\":78,\"caption\":\"Vulx\"},\"image\":{\"@id\":\"https:\/\/www.my-vulx.com\/#\/schema\/logo\/image\/\"}}]}<\/script>\n<!-- \/ Yoast SEO plugin. -->","yoast_head_json":{"title":"Kit seau \u00e0 champagne - Vulx","description":"D\u00e9couvrez notre kit seau \u00e0 champagne et transformez votre table barbecue plancha MAGMA ou FUSION en une table o\u00f9 il fait bon se rassembler","robots":{"index":"index","follow":"follow","max-snippet":"max-snippet:-1","max-image-preview":"max-image-preview:large","max-video-preview":"max-video-preview:-1"},"canonical":"https:\/\/www.my-vulx.com\/en\/product\/kit-seau-a-champagne\/","og_locale":"en_GB","og_type":"article","og_title":"Kit seau \u00e0 champagne - Vulx","og_description":"D\u00e9couvrez notre kit seau \u00e0 champagne et transformez votre table barbecue plancha MAGMA ou FUSION en une table o\u00f9 il fait bon se rassembler","og_url":"https:\/\/www.my-vulx.com\/en\/product\/kit-seau-a-champagne\/","og_site_name":"Vulx","article_modified_time":"2025-03-17T14:37:09+00:00","og_image":[{"width":500,"height":500,"url":"https:\/\/www.my-vulx.com\/wp-content\/uploads\/2024\/03\/SEAU-a-CHAMPAGNE.webp","type":"image\/webp"}],"twitter_card":"summary_large_image","twitter_misc":{"Estimated reading time":"1 minute"},"schema":{"@context":"https:\/\/schema.org","@graph":[{"@type":"WebPage","@id":"https:\/\/www.my-vulx.com\/produit\/kit-seau-a-champagne\/","url":"https:\/\/www.my-vulx.com\/produit\/kit-seau-a-champagne\/","name":"Kit seau \u00e0 champagne - Vulx","isPartOf":{"@id":"https:\/\/www.my-vulx.com\/#website"},"primaryImageOfPage":{"@id":"https:\/\/www.my-vulx.com\/produit\/kit-seau-a-champagne\/#primaryimage"},"image":{"@id":"https:\/\/www.my-vulx.com\/produit\/kit-seau-a-champagne\/#primaryimage"},"thumbnailUrl":"https:\/\/www.my-vulx.com\/wp-content\/uploads\/2024\/03\/SEAU-a-CHAMPAGNE.webp","datePublished":"2024-03-29T10:42:54+00:00","dateModified":"2025-03-17T14:37:09+00:00","description":"D\u00e9couvrez notre kit seau \u00e0 champagne et transformez votre table barbecue plancha MAGMA ou FUSION en une table o\u00f9 il fait bon se rassembler","breadcrumb":{"@id":"https:\/\/www.my-vulx.com\/produit\/kit-seau-a-champagne\/#breadcrumb"},"inLanguage":"en-GB","potentialAction":[{"@type":"ReadAction","target":["https:\/\/www.my-vulx.com\/produit\/kit-seau-a-champagne\/"]}]},{"@type":"ImageObject","inLanguage":"en-GB","@id":"https:\/\/www.my-vulx.com\/produit\/kit-seau-a-champagne\/#primaryimage","url":"https:\/\/www.my-vulx.com\/wp-content\/uploads\/2024\/03\/SEAU-a-CHAMPAGNE.webp","contentUrl":"https:\/\/www.my-vulx.com\/wp-content\/uploads\/2024\/03\/SEAU-a-CHAMPAGNE.webp","width":500,"height":500,"caption":"SEAU \u00e0 CHAMPAGNE pour table barbecue plancha FUSION et MAGMA"},{"@type":"BreadcrumbList","@id":"https:\/\/www.my-vulx.com\/produit\/kit-seau-a-champagne\/#breadcrumb","itemListElement":[{"@type":"ListItem","position":1,"name":"Accueil","item":"https:\/\/www.my-vulx.com\/"},{"@type":"ListItem","position":2,"name":"Products","item":"https:\/\/www.my-vulx.com\/en\/shop\/"},{"@type":"ListItem","position":3,"name":"Kit seau \u00e0 champagne"}]},{"@type":"WebSite","@id":"https:\/\/www.my-vulx.com\/#website","url":"https:\/\/www.my-vulx.com\/","name":"Vulx","description":"La chaleur des bons moments","publisher":{"@id":"https:\/\/www.my-vulx.com\/#organization"},"potentialAction":[{"@type":"SearchAction","target":{"@type":"EntryPoint","urlTemplate":"https:\/\/www.my-vulx.com\/?s={search_term_string}"},"query-input":{"@type":"PropertyValueSpecification","valueRequired":true,"valueName":"search_term_string"}}],"inLanguage":"en-GB"},{"@type":"Organization","@id":"https:\/\/www.my-vulx.com\/#organization","name":"Vulx","url":"https:\/\/www.my-vulx.com\/","logo":{"@type":"ImageObject","inLanguage":"en-GB","@id":"https:\/\/www.my-vulx.com\/#\/schema\/logo\/image\/","url":"https:\/\/www.my-vulx.com\/wp-content\/uploads\/2024\/03\/cropped-cropped-cropped-logo-v2.png","contentUrl":"https:\/\/www.my-vulx.com\/wp-content\/uploads\/2024\/03\/cropped-cropped-cropped-logo-v2.png","width":250,"height":78,"caption":"Vulx"},"image":{"@id":"https:\/\/www.my-vulx.com\/#\/schema\/logo\/image\/"}}]}},"_links":{"self":[{"href":"https:\/\/www.my-vulx.com\/en\/wp-json\/wp\/v2\/product\/4732"}],"collection":[{"href":"https:\/\/www.my-vulx.com\/en\/wp-json\/wp\/v2\/product"}],"about":[{"href":"https:\/\/www.my-vulx.com\/en\/wp-json\/wp\/v2\/types\/product"}],"replies":[{"embeddable":true,"href":"https:\/\/www.my-vulx.com\/en\/wp-json\/wp\/v2\/comments?post=4732"}],"version-history":[{"count":5,"href":"https:\/\/www.my-vulx.com\/en\/wp-json\/wp\/v2\/product\/4732\/revisions"}],"predecessor-version":[{"id":5446,"href":"https:\/\/www.my-vulx.com\/en\/wp-json\/wp\/v2\/product\/4732\/revisions\/5446"}],"wp:featuredmedia":[{"embeddable":true,"href":"https:\/\/www.my-vulx.com\/en\/wp-json\/wp\/v2\/media\/5193"}],"wp:attachment":[{"href":"https:\/\/www.my-vulx.com\/en\/wp-json\/wp\/v2\/media?parent=4732"}],"wp:term":[{"taxonomy":"product_cat","embeddable":true,"href":"https:\/\/www.my-vulx.com\/en\/wp-json\/wp\/v2\/product_cat?post=4732"},{"taxonomy":"product_tag","embeddable":true,"href":"https:\/\/www.my-vulx.com\/en\/wp-json\/wp\/v2\/product_tag?post=4732"}],"curies":[{"name":"wp","href":"https:\/\/api.w.org\/{rel}","templated":true}]}}