{"id":4738,"date":"2024-03-29T12:04:51","date_gmt":"2024-03-29T11:04:51","guid":{"rendered":"https:\/\/preprod.my-vulx.com\/?post_type=product&#038;p=4738"},"modified":"2025-03-17T15:39:19","modified_gmt":"2025-03-17T14:39:19","slug":"range-buches-multiflex","status":"publish","type":"product","link":"https:\/\/www.my-vulx.com\/en\/product\/range-buches-multiflex\/","title":{"rendered":"Multiflex log box"},"content":{"rendered":"","protected":false},"excerpt":{"rendered":"<p><a href=\"https:\/\/www.my-vulx.com\/index.php\/devis\/\" title=\"Personalising my VULX\" class=\"btn btn-primary\">Personalising my VULX\u00a0<\/a><\/p>\n<p>A successful fire depends on the quality of the wood used. Dry, cut properly and stored carefully in a handy place, it will offer its best. We\u2019re well aware of this at VULX. That\u2019s why, in our quest to ensure optimal enjoyment of your fire, we designed Multiflex, the modular log box which will adapt to your garden or patio.<\/p>\n<p>Practical and stylish, it will blend easily into your surroundings, vertically, horizontally, against a wall, or separating a room, allowing you free rein to play with sizes and combinations. Free-standing or combined with other log holders, you can create unique and practical spaces with this versatile accessory. Add style to your fires!<\/p>\n<p>Available in six sizes to accommodate any space:<\/p>\n<ul>\n<li>60 x 120 cm<\/li>\n<li>60 x 160 cm<\/li>\n<li>60 x 200 cm<\/li>\n<li>80 x 120 cm<\/li>\n<li>80 x 160 cm<\/li>\n<li>80 x 200 cm<\/li>\n<\/ul>","protected":false},"featured_media":5191,"comment_status":"closed","ping_status":"closed","template":"","meta":[],"product_cat":[210,219],"product_tag":[],"yoast_head":"<!-- This site is optimized with the Yoast SEO plugin v23.5 - https:\/\/yoast.com\/wordpress\/plugins\/seo\/ -->\n<title>Range-b\u00fbches Multiflex - Vulx<\/title>\n<meta name=\"description\" content=\"Vous cherchez \u00e0 entreposer vos b\u00fbches ? D\u00e9couvrez notre range-b\u00fbche MULTIFLEX en acier corten permettant de stocker votre bois\" \/>\n<meta name=\"robots\" content=\"index, follow, max-snippet:-1, max-image-preview:large, max-video-preview:-1\" \/>\n<link rel=\"canonical\" href=\"https:\/\/www.my-vulx.com\/en\/product\/range-buches-multiflex\/\" \/>\n<meta property=\"og:locale\" content=\"en_GB\" \/>\n<meta property=\"og:type\" content=\"article\" \/>\n<meta property=\"og:title\" content=\"Range-b\u00fbches Multiflex - Vulx\" \/>\n<meta property=\"og:description\" content=\"Vous cherchez \u00e0 entreposer vos b\u00fbches ? D\u00e9couvrez notre range-b\u00fbche MULTIFLEX en acier corten permettant de stocker votre bois\" \/>\n<meta property=\"og:url\" content=\"https:\/\/www.my-vulx.com\/en\/product\/range-buches-multiflex\/\" \/>\n<meta property=\"og:site_name\" content=\"Vulx\" \/>\n<meta property=\"article:modified_time\" content=\"2025-03-17T14:39:19+00:00\" \/>\n<meta property=\"og:image\" content=\"https:\/\/www.my-vulx.com\/wp-content\/uploads\/2024\/03\/MULTIFLEX.webp\" \/>\n\t<meta property=\"og:image:width\" content=\"500\" \/>\n\t<meta property=\"og:image:height\" content=\"500\" \/>\n\t<meta property=\"og:image:type\" content=\"image\/webp\" \/>\n<meta name=\"twitter:card\" content=\"summary_large_image\" \/>\n<meta name=\"twitter:label1\" content=\"Estimated reading time\" \/>\n\t<meta name=\"twitter:data1\" content=\"1 minute\" \/>\n<script type=\"application\/ld+json\" class=\"yoast-schema-graph\">{\"@context\":\"https:\/\/schema.org\",\"@graph\":[{\"@type\":\"WebPage\",\"@id\":\"https:\/\/www.my-vulx.com\/produit\/range-buches-multiflex\/\",\"url\":\"https:\/\/www.my-vulx.com\/produit\/range-buches-multiflex\/\",\"name\":\"Range-b\u00fbches Multiflex - Vulx\",\"isPartOf\":{\"@id\":\"https:\/\/www.my-vulx.com\/#website\"},\"primaryImageOfPage\":{\"@id\":\"https:\/\/www.my-vulx.com\/produit\/range-buches-multiflex\/#primaryimage\"},\"image\":{\"@id\":\"https:\/\/www.my-vulx.com\/produit\/range-buches-multiflex\/#primaryimage\"},\"thumbnailUrl\":\"https:\/\/www.my-vulx.com\/wp-content\/uploads\/2024\/03\/MULTIFLEX.webp\",\"datePublished\":\"2024-03-29T11:04:51+00:00\",\"dateModified\":\"2025-03-17T14:39:19+00:00\",\"description\":\"Vous cherchez \u00e0 entreposer vos b\u00fbches ? D\u00e9couvrez notre range-b\u00fbche MULTIFLEX en acier corten permettant de stocker votre bois\",\"breadcrumb\":{\"@id\":\"https:\/\/www.my-vulx.com\/produit\/range-buches-multiflex\/#breadcrumb\"},\"inLanguage\":\"en-GB\",\"potentialAction\":[{\"@type\":\"ReadAction\",\"target\":[\"https:\/\/www.my-vulx.com\/produit\/range-buches-multiflex\/\"]}]},{\"@type\":\"ImageObject\",\"inLanguage\":\"en-GB\",\"@id\":\"https:\/\/www.my-vulx.com\/produit\/range-buches-multiflex\/#primaryimage\",\"url\":\"https:\/\/www.my-vulx.com\/wp-content\/uploads\/2024\/03\/MULTIFLEX.webp\",\"contentUrl\":\"https:\/\/www.my-vulx.com\/wp-content\/uploads\/2024\/03\/MULTIFLEX.webp\",\"width\":500,\"height\":500,\"caption\":\"range-b\u00fbches MULTIFLEX\"},{\"@type\":\"BreadcrumbList\",\"@id\":\"https:\/\/www.my-vulx.com\/produit\/range-buches-multiflex\/#breadcrumb\",\"itemListElement\":[{\"@type\":\"ListItem\",\"position\":1,\"name\":\"Accueil\",\"item\":\"https:\/\/www.my-vulx.com\/\"},{\"@type\":\"ListItem\",\"position\":2,\"name\":\"Products\",\"item\":\"https:\/\/www.my-vulx.com\/en\/shop\/\"},{\"@type\":\"ListItem\",\"position\":3,\"name\":\"Range-b\u00fbches Multiflex\"}]},{\"@type\":\"WebSite\",\"@id\":\"https:\/\/www.my-vulx.com\/#website\",\"url\":\"https:\/\/www.my-vulx.com\/\",\"name\":\"Vulx\",\"description\":\"La chaleur des bons moments\",\"publisher\":{\"@id\":\"https:\/\/www.my-vulx.com\/#organization\"},\"potentialAction\":[{\"@type\":\"SearchAction\",\"target\":{\"@type\":\"EntryPoint\",\"urlTemplate\":\"https:\/\/www.my-vulx.com\/?s={search_term_string}\"},\"query-input\":{\"@type\":\"PropertyValueSpecification\",\"valueRequired\":true,\"valueName\":\"search_term_string\"}}],\"inLanguage\":\"en-GB\"},{\"@type\":\"Organization\",\"@id\":\"https:\/\/www.my-vulx.com\/#organization\",\"name\":\"Vulx\",\"url\":\"https:\/\/www.my-vulx.com\/\",\"logo\":{\"@type\":\"ImageObject\",\"inLanguage\":\"en-GB\",\"@id\":\"https:\/\/www.my-vulx.com\/#\/schema\/logo\/image\/\",\"url\":\"https:\/\/www.my-vulx.com\/wp-content\/uploads\/2024\/03\/cropped-cropped-cropped-logo-v2.png\",\"contentUrl\":\"https:\/\/www.my-vulx.com\/wp-content\/uploads\/2024\/03\/cropped-cropped-cropped-logo-v2.png\",\"width\":250,\"height\":78,\"caption\":\"Vulx\"},\"image\":{\"@id\":\"https:\/\/www.my-vulx.com\/#\/schema\/logo\/image\/\"}}]}<\/script>\n<!-- \/ Yoast SEO plugin. -->","yoast_head_json":{"title":"Range-b\u00fbches Multiflex - Vulx","description":"Vous cherchez \u00e0 entreposer vos b\u00fbches ? D\u00e9couvrez notre range-b\u00fbche MULTIFLEX en acier corten permettant de stocker votre bois","robots":{"index":"index","follow":"follow","max-snippet":"max-snippet:-1","max-image-preview":"max-image-preview:large","max-video-preview":"max-video-preview:-1"},"canonical":"https:\/\/www.my-vulx.com\/en\/product\/range-buches-multiflex\/","og_locale":"en_GB","og_type":"article","og_title":"Range-b\u00fbches Multiflex - Vulx","og_description":"Vous cherchez \u00e0 entreposer vos b\u00fbches ? D\u00e9couvrez notre range-b\u00fbche MULTIFLEX en acier corten permettant de stocker votre bois","og_url":"https:\/\/www.my-vulx.com\/en\/product\/range-buches-multiflex\/","og_site_name":"Vulx","article_modified_time":"2025-03-17T14:39:19+00:00","og_image":[{"width":500,"height":500,"url":"https:\/\/www.my-vulx.com\/wp-content\/uploads\/2024\/03\/MULTIFLEX.webp","type":"image\/webp"}],"twitter_card":"summary_large_image","twitter_misc":{"Estimated reading time":"1 minute"},"schema":{"@context":"https:\/\/schema.org","@graph":[{"@type":"WebPage","@id":"https:\/\/www.my-vulx.com\/produit\/range-buches-multiflex\/","url":"https:\/\/www.my-vulx.com\/produit\/range-buches-multiflex\/","name":"Range-b\u00fbches Multiflex - Vulx","isPartOf":{"@id":"https:\/\/www.my-vulx.com\/#website"},"primaryImageOfPage":{"@id":"https:\/\/www.my-vulx.com\/produit\/range-buches-multiflex\/#primaryimage"},"image":{"@id":"https:\/\/www.my-vulx.com\/produit\/range-buches-multiflex\/#primaryimage"},"thumbnailUrl":"https:\/\/www.my-vulx.com\/wp-content\/uploads\/2024\/03\/MULTIFLEX.webp","datePublished":"2024-03-29T11:04:51+00:00","dateModified":"2025-03-17T14:39:19+00:00","description":"Vous cherchez \u00e0 entreposer vos b\u00fbches ? D\u00e9couvrez notre range-b\u00fbche MULTIFLEX en acier corten permettant de stocker votre bois","breadcrumb":{"@id":"https:\/\/www.my-vulx.com\/produit\/range-buches-multiflex\/#breadcrumb"},"inLanguage":"en-GB","potentialAction":[{"@type":"ReadAction","target":["https:\/\/www.my-vulx.com\/produit\/range-buches-multiflex\/"]}]},{"@type":"ImageObject","inLanguage":"en-GB","@id":"https:\/\/www.my-vulx.com\/produit\/range-buches-multiflex\/#primaryimage","url":"https:\/\/www.my-vulx.com\/wp-content\/uploads\/2024\/03\/MULTIFLEX.webp","contentUrl":"https:\/\/www.my-vulx.com\/wp-content\/uploads\/2024\/03\/MULTIFLEX.webp","width":500,"height":500,"caption":"range-b\u00fbches MULTIFLEX"},{"@type":"BreadcrumbList","@id":"https:\/\/www.my-vulx.com\/produit\/range-buches-multiflex\/#breadcrumb","itemListElement":[{"@type":"ListItem","position":1,"name":"Accueil","item":"https:\/\/www.my-vulx.com\/"},{"@type":"ListItem","position":2,"name":"Products","item":"https:\/\/www.my-vulx.com\/en\/shop\/"},{"@type":"ListItem","position":3,"name":"Range-b\u00fbches Multiflex"}]},{"@type":"WebSite","@id":"https:\/\/www.my-vulx.com\/#website","url":"https:\/\/www.my-vulx.com\/","name":"Vulx","description":"La chaleur des bons moments","publisher":{"@id":"https:\/\/www.my-vulx.com\/#organization"},"potentialAction":[{"@type":"SearchAction","target":{"@type":"EntryPoint","urlTemplate":"https:\/\/www.my-vulx.com\/?s={search_term_string}"},"query-input":{"@type":"PropertyValueSpecification","valueRequired":true,"valueName":"search_term_string"}}],"inLanguage":"en-GB"},{"@type":"Organization","@id":"https:\/\/www.my-vulx.com\/#organization","name":"Vulx","url":"https:\/\/www.my-vulx.com\/","logo":{"@type":"ImageObject","inLanguage":"en-GB","@id":"https:\/\/www.my-vulx.com\/#\/schema\/logo\/image\/","url":"https:\/\/www.my-vulx.com\/wp-content\/uploads\/2024\/03\/cropped-cropped-cropped-logo-v2.png","contentUrl":"https:\/\/www.my-vulx.com\/wp-content\/uploads\/2024\/03\/cropped-cropped-cropped-logo-v2.png","width":250,"height":78,"caption":"Vulx"},"image":{"@id":"https:\/\/www.my-vulx.com\/#\/schema\/logo\/image\/"}}]}},"_links":{"self":[{"href":"https:\/\/www.my-vulx.com\/en\/wp-json\/wp\/v2\/product\/4738"}],"collection":[{"href":"https:\/\/www.my-vulx.com\/en\/wp-json\/wp\/v2\/product"}],"about":[{"href":"https:\/\/www.my-vulx.com\/en\/wp-json\/wp\/v2\/types\/product"}],"replies":[{"embeddable":true,"href":"https:\/\/www.my-vulx.com\/en\/wp-json\/wp\/v2\/comments?post=4738"}],"version-history":[{"count":5,"href":"https:\/\/www.my-vulx.com\/en\/wp-json\/wp\/v2\/product\/4738\/revisions"}],"predecessor-version":[{"id":5444,"href":"https:\/\/www.my-vulx.com\/en\/wp-json\/wp\/v2\/product\/4738\/revisions\/5444"}],"wp:featuredmedia":[{"embeddable":true,"href":"https:\/\/www.my-vulx.com\/en\/wp-json\/wp\/v2\/media\/5191"}],"wp:attachment":[{"href":"https:\/\/www.my-vulx.com\/en\/wp-json\/wp\/v2\/media?parent=4738"}],"wp:term":[{"taxonomy":"product_cat","embeddable":true,"href":"https:\/\/www.my-vulx.com\/en\/wp-json\/wp\/v2\/product_cat?post=4738"},{"taxonomy":"product_tag","embeddable":true,"href":"https:\/\/www.my-vulx.com\/en\/wp-json\/wp\/v2\/product_tag?post=4738"}],"curies":[{"name":"wp","href":"https:\/\/api.w.org\/{rel}","templated":true}]}}