{"id":4748,"date":"2024-03-29T13:52:52","date_gmt":"2024-03-29T12:52:52","guid":{"rendered":"https:\/\/preprod.my-vulx.com\/?post_type=product&#038;p=4748"},"modified":"2025-03-17T15:37:54","modified_gmt":"2025-03-17T14:37:54","slug":"cocotte","status":"publish","type":"product","link":"https:\/\/www.my-vulx.com\/en\/product\/cocotte\/","title":{"rendered":"Cooking pot"},"content":{"rendered":"","protected":false},"excerpt":{"rendered":"<p><a href=\"https:\/\/www.my-vulx.com\/index.php\/devis\/\" title=\"Personalising my VULX\" class=\"btn btn-primary\">Personalising my VULX\u00a0<\/a><\/p>\n<p>To get the most of your fire and enhance your gourmet recipes, the right utensil is a must. Your VULX cooking pot will add to the pleasure of simmering up a delicious summer paella, a Mediterranean vegetable stew or a tasty roast chicken.<\/p>\n<p>Fabriqu\u00e9 en France, cet accessoire sait se rendre indispensable par la diversit\u00e9 de ses talents. En fonte de qualit\u00e9, il restitue \u00e0 vos ingr\u00e9dients le meilleur de la chaleur du foyer et vous donne une parfaite ma\u00eetrise de la cuisson.<\/p>\n<p>With the VULX cooking pot, your starlit dinners may well earn you some chef\u2019s stars too!<\/p>","protected":false},"featured_media":5186,"comment_status":"closed","ping_status":"closed","template":"","meta":[],"product_cat":[210,218],"product_tag":[],"yoast_head":"<!-- This site is optimized with the Yoast SEO plugin v23.5 - https:\/\/yoast.com\/wordpress\/plugins\/seo\/ -->\n<title>Cocotte - Vulx<\/title>\n<meta name=\"description\" content=\"D\u00e9couvrez les cocottes VULX \uff5c Con\u00e7ues en fonte de qualit\u00e9\uff5c\u00c9maill\u00e9es \uff5c100% fabriqu\u00e9es en France \uff5c Produits de qualit\u00e9\" \/>\n<meta name=\"robots\" content=\"index, follow, max-snippet:-1, max-image-preview:large, max-video-preview:-1\" \/>\n<link rel=\"canonical\" href=\"https:\/\/www.my-vulx.com\/en\/product\/cocotte\/\" \/>\n<meta property=\"og:locale\" content=\"en_GB\" \/>\n<meta property=\"og:type\" content=\"article\" \/>\n<meta property=\"og:title\" content=\"Cocotte - Vulx\" \/>\n<meta property=\"og:description\" content=\"D\u00e9couvrez les cocottes VULX \uff5c Con\u00e7ues en fonte de qualit\u00e9\uff5c\u00c9maill\u00e9es \uff5c100% fabriqu\u00e9es en France \uff5c Produits de qualit\u00e9\" \/>\n<meta property=\"og:url\" content=\"https:\/\/www.my-vulx.com\/en\/product\/cocotte\/\" \/>\n<meta property=\"og:site_name\" content=\"Vulx\" \/>\n<meta property=\"article:modified_time\" content=\"2025-03-17T14:37:54+00:00\" \/>\n<meta property=\"og:image\" content=\"https:\/\/www.my-vulx.com\/wp-content\/uploads\/2024\/03\/COCOTTE-2-1.webp\" \/>\n\t<meta property=\"og:image:width\" content=\"500\" \/>\n\t<meta property=\"og:image:height\" content=\"500\" \/>\n\t<meta property=\"og:image:type\" content=\"image\/webp\" \/>\n<meta name=\"twitter:card\" content=\"summary_large_image\" \/>\n<meta name=\"twitter:label1\" content=\"Estimated reading time\" \/>\n\t<meta name=\"twitter:data1\" content=\"1 minute\" \/>\n<script type=\"application\/ld+json\" class=\"yoast-schema-graph\">{\"@context\":\"https:\/\/schema.org\",\"@graph\":[{\"@type\":\"WebPage\",\"@id\":\"https:\/\/www.my-vulx.com\/produit\/cocotte\/\",\"url\":\"https:\/\/www.my-vulx.com\/produit\/cocotte\/\",\"name\":\"Cocotte - Vulx\",\"isPartOf\":{\"@id\":\"https:\/\/www.my-vulx.com\/#website\"},\"primaryImageOfPage\":{\"@id\":\"https:\/\/www.my-vulx.com\/produit\/cocotte\/#primaryimage\"},\"image\":{\"@id\":\"https:\/\/www.my-vulx.com\/produit\/cocotte\/#primaryimage\"},\"thumbnailUrl\":\"https:\/\/www.my-vulx.com\/wp-content\/uploads\/2024\/03\/COCOTTE-2-1.webp\",\"datePublished\":\"2024-03-29T12:52:52+00:00\",\"dateModified\":\"2025-03-17T14:37:54+00:00\",\"description\":\"D\u00e9couvrez les cocottes VULX \uff5c Con\u00e7ues en fonte de qualit\u00e9\uff5c\u00c9maill\u00e9es \uff5c100% fabriqu\u00e9es en France \uff5c Produits de qualit\u00e9\",\"breadcrumb\":{\"@id\":\"https:\/\/www.my-vulx.com\/produit\/cocotte\/#breadcrumb\"},\"inLanguage\":\"en-GB\",\"potentialAction\":[{\"@type\":\"ReadAction\",\"target\":[\"https:\/\/www.my-vulx.com\/produit\/cocotte\/\"]}]},{\"@type\":\"ImageObject\",\"inLanguage\":\"en-GB\",\"@id\":\"https:\/\/www.my-vulx.com\/produit\/cocotte\/#primaryimage\",\"url\":\"https:\/\/www.my-vulx.com\/wp-content\/uploads\/2024\/03\/COCOTTE-2-1.webp\",\"contentUrl\":\"https:\/\/www.my-vulx.com\/wp-content\/uploads\/2024\/03\/COCOTTE-2-1.webp\",\"width\":500,\"height\":500,\"caption\":\"Cocotte en fonte VULX\"},{\"@type\":\"BreadcrumbList\",\"@id\":\"https:\/\/www.my-vulx.com\/produit\/cocotte\/#breadcrumb\",\"itemListElement\":[{\"@type\":\"ListItem\",\"position\":1,\"name\":\"Accueil\",\"item\":\"https:\/\/www.my-vulx.com\/\"},{\"@type\":\"ListItem\",\"position\":2,\"name\":\"Products\",\"item\":\"https:\/\/www.my-vulx.com\/en\/shop\/\"},{\"@type\":\"ListItem\",\"position\":3,\"name\":\"Cocotte\"}]},{\"@type\":\"WebSite\",\"@id\":\"https:\/\/www.my-vulx.com\/#website\",\"url\":\"https:\/\/www.my-vulx.com\/\",\"name\":\"Vulx\",\"description\":\"La chaleur des bons moments\",\"publisher\":{\"@id\":\"https:\/\/www.my-vulx.com\/#organization\"},\"potentialAction\":[{\"@type\":\"SearchAction\",\"target\":{\"@type\":\"EntryPoint\",\"urlTemplate\":\"https:\/\/www.my-vulx.com\/?s={search_term_string}\"},\"query-input\":{\"@type\":\"PropertyValueSpecification\",\"valueRequired\":true,\"valueName\":\"search_term_string\"}}],\"inLanguage\":\"en-GB\"},{\"@type\":\"Organization\",\"@id\":\"https:\/\/www.my-vulx.com\/#organization\",\"name\":\"Vulx\",\"url\":\"https:\/\/www.my-vulx.com\/\",\"logo\":{\"@type\":\"ImageObject\",\"inLanguage\":\"en-GB\",\"@id\":\"https:\/\/www.my-vulx.com\/#\/schema\/logo\/image\/\",\"url\":\"https:\/\/www.my-vulx.com\/wp-content\/uploads\/2024\/03\/cropped-cropped-cropped-logo-v2.png\",\"contentUrl\":\"https:\/\/www.my-vulx.com\/wp-content\/uploads\/2024\/03\/cropped-cropped-cropped-logo-v2.png\",\"width\":250,\"height\":78,\"caption\":\"Vulx\"},\"image\":{\"@id\":\"https:\/\/www.my-vulx.com\/#\/schema\/logo\/image\/\"}}]}<\/script>\n<!-- \/ Yoast SEO plugin. -->","yoast_head_json":{"title":"Cocotte - Vulx","description":"D\u00e9couvrez les cocottes VULX \uff5c Con\u00e7ues en fonte de qualit\u00e9\uff5c\u00c9maill\u00e9es \uff5c100% fabriqu\u00e9es en France \uff5c Produits de qualit\u00e9","robots":{"index":"index","follow":"follow","max-snippet":"max-snippet:-1","max-image-preview":"max-image-preview:large","max-video-preview":"max-video-preview:-1"},"canonical":"https:\/\/www.my-vulx.com\/en\/product\/cocotte\/","og_locale":"en_GB","og_type":"article","og_title":"Cocotte - Vulx","og_description":"D\u00e9couvrez les cocottes VULX \uff5c Con\u00e7ues en fonte de qualit\u00e9\uff5c\u00c9maill\u00e9es \uff5c100% fabriqu\u00e9es en France \uff5c Produits de qualit\u00e9","og_url":"https:\/\/www.my-vulx.com\/en\/product\/cocotte\/","og_site_name":"Vulx","article_modified_time":"2025-03-17T14:37:54+00:00","og_image":[{"width":500,"height":500,"url":"https:\/\/www.my-vulx.com\/wp-content\/uploads\/2024\/03\/COCOTTE-2-1.webp","type":"image\/webp"}],"twitter_card":"summary_large_image","twitter_misc":{"Estimated reading time":"1 minute"},"schema":{"@context":"https:\/\/schema.org","@graph":[{"@type":"WebPage","@id":"https:\/\/www.my-vulx.com\/produit\/cocotte\/","url":"https:\/\/www.my-vulx.com\/produit\/cocotte\/","name":"Cocotte - Vulx","isPartOf":{"@id":"https:\/\/www.my-vulx.com\/#website"},"primaryImageOfPage":{"@id":"https:\/\/www.my-vulx.com\/produit\/cocotte\/#primaryimage"},"image":{"@id":"https:\/\/www.my-vulx.com\/produit\/cocotte\/#primaryimage"},"thumbnailUrl":"https:\/\/www.my-vulx.com\/wp-content\/uploads\/2024\/03\/COCOTTE-2-1.webp","datePublished":"2024-03-29T12:52:52+00:00","dateModified":"2025-03-17T14:37:54+00:00","description":"D\u00e9couvrez les cocottes VULX \uff5c Con\u00e7ues en fonte de qualit\u00e9\uff5c\u00c9maill\u00e9es \uff5c100% fabriqu\u00e9es en France \uff5c Produits de qualit\u00e9","breadcrumb":{"@id":"https:\/\/www.my-vulx.com\/produit\/cocotte\/#breadcrumb"},"inLanguage":"en-GB","potentialAction":[{"@type":"ReadAction","target":["https:\/\/www.my-vulx.com\/produit\/cocotte\/"]}]},{"@type":"ImageObject","inLanguage":"en-GB","@id":"https:\/\/www.my-vulx.com\/produit\/cocotte\/#primaryimage","url":"https:\/\/www.my-vulx.com\/wp-content\/uploads\/2024\/03\/COCOTTE-2-1.webp","contentUrl":"https:\/\/www.my-vulx.com\/wp-content\/uploads\/2024\/03\/COCOTTE-2-1.webp","width":500,"height":500,"caption":"Cocotte en fonte VULX"},{"@type":"BreadcrumbList","@id":"https:\/\/www.my-vulx.com\/produit\/cocotte\/#breadcrumb","itemListElement":[{"@type":"ListItem","position":1,"name":"Accueil","item":"https:\/\/www.my-vulx.com\/"},{"@type":"ListItem","position":2,"name":"Products","item":"https:\/\/www.my-vulx.com\/en\/shop\/"},{"@type":"ListItem","position":3,"name":"Cocotte"}]},{"@type":"WebSite","@id":"https:\/\/www.my-vulx.com\/#website","url":"https:\/\/www.my-vulx.com\/","name":"Vulx","description":"La chaleur des bons moments","publisher":{"@id":"https:\/\/www.my-vulx.com\/#organization"},"potentialAction":[{"@type":"SearchAction","target":{"@type":"EntryPoint","urlTemplate":"https:\/\/www.my-vulx.com\/?s={search_term_string}"},"query-input":{"@type":"PropertyValueSpecification","valueRequired":true,"valueName":"search_term_string"}}],"inLanguage":"en-GB"},{"@type":"Organization","@id":"https:\/\/www.my-vulx.com\/#organization","name":"Vulx","url":"https:\/\/www.my-vulx.com\/","logo":{"@type":"ImageObject","inLanguage":"en-GB","@id":"https:\/\/www.my-vulx.com\/#\/schema\/logo\/image\/","url":"https:\/\/www.my-vulx.com\/wp-content\/uploads\/2024\/03\/cropped-cropped-cropped-logo-v2.png","contentUrl":"https:\/\/www.my-vulx.com\/wp-content\/uploads\/2024\/03\/cropped-cropped-cropped-logo-v2.png","width":250,"height":78,"caption":"Vulx"},"image":{"@id":"https:\/\/www.my-vulx.com\/#\/schema\/logo\/image\/"}}]}},"_links":{"self":[{"href":"https:\/\/www.my-vulx.com\/en\/wp-json\/wp\/v2\/product\/4748"}],"collection":[{"href":"https:\/\/www.my-vulx.com\/en\/wp-json\/wp\/v2\/product"}],"about":[{"href":"https:\/\/www.my-vulx.com\/en\/wp-json\/wp\/v2\/types\/product"}],"replies":[{"embeddable":true,"href":"https:\/\/www.my-vulx.com\/en\/wp-json\/wp\/v2\/comments?post=4748"}],"version-history":[{"count":5,"href":"https:\/\/www.my-vulx.com\/en\/wp-json\/wp\/v2\/product\/4748\/revisions"}],"predecessor-version":[{"id":5441,"href":"https:\/\/www.my-vulx.com\/en\/wp-json\/wp\/v2\/product\/4748\/revisions\/5441"}],"wp:featuredmedia":[{"embeddable":true,"href":"https:\/\/www.my-vulx.com\/en\/wp-json\/wp\/v2\/media\/5186"}],"wp:attachment":[{"href":"https:\/\/www.my-vulx.com\/en\/wp-json\/wp\/v2\/media?parent=4748"}],"wp:term":[{"taxonomy":"product_cat","embeddable":true,"href":"https:\/\/www.my-vulx.com\/en\/wp-json\/wp\/v2\/product_cat?post=4748"},{"taxonomy":"product_tag","embeddable":true,"href":"https:\/\/www.my-vulx.com\/en\/wp-json\/wp\/v2\/product_tag?post=4748"}],"curies":[{"name":"wp","href":"https:\/\/api.w.org\/{rel}","templated":true}]}}