{"id":91,"date":"2020-01-06T17:36:34","date_gmt":"2020-01-06T16:36:34","guid":{"rendered":"https:\/\/www.my-vulx.com\/?post_type=product&#038;p=91"},"modified":"2026-04-04T01:00:03","modified_gmt":"2026-04-03T23:00:03","slug":"table-barbecue-plancha-fusion","status":"publish","type":"product","link":"https:\/\/www.my-vulx.com\/en\/product\/table-barbecue-plancha-fusion\/","title":{"rendered":"Brazier Plancha Table FUSION"},"content":{"rendered":"<div data-elementor-type=\"wp-post\" data-elementor-id=\"91\" class=\"elementor elementor-91\">\n\t\t\t\t\t\t<section class=\"elementor-section elementor-top-section elementor-element elementor-element-5fa76a7 elementor-section-boxed elementor-section-height-default elementor-section-height-default\" data-id=\"5fa76a7\" data-element_type=\"section\">\n\t\t\t\t\t\t<div class=\"elementor-container elementor-column-gap-default\">\n\t\t\t\t\t<div class=\"elementor-column elementor-col-33 elementor-top-column elementor-element elementor-element-b85b188\" data-id=\"b85b188\" data-element_type=\"column\">\n\t\t\t<div class=\"elementor-widget-wrap elementor-element-populated\">\n\t\t\t\t\t\t<div class=\"elementor-element elementor-element-1c36c43 elementor-widget elementor-widget-image\" data-id=\"1c36c43\" data-element_type=\"widget\" data-widget_type=\"image.default\">\n\t\t\t\t<div class=\"elementor-widget-container\">\n\t\t\t\t\t\t\t\t\t\t\t\t\t\t\t<img fetchpriority=\"high\" decoding=\"async\" width=\"693\" height=\"1024\" src=\"https:\/\/www.my-vulx.com\/wp-content\/uploads\/2020\/01\/Tabmle-brasero-plancha-cuisson-693x1024.jpg\" class=\"attachment-large size-large wp-image-4516\" alt=\"Table brasero plancha FUSION cuisson\" srcset=\"https:\/\/www.my-vulx.com\/wp-content\/uploads\/2020\/01\/Tabmle-brasero-plancha-cuisson-693x1024.jpg 693w, https:\/\/www.my-vulx.com\/wp-content\/uploads\/2020\/01\/Tabmle-brasero-plancha-cuisson-scaled-600x887.jpg 600w, https:\/\/www.my-vulx.com\/wp-content\/uploads\/2020\/01\/Tabmle-brasero-plancha-cuisson-203x300.jpg 203w, https:\/\/www.my-vulx.com\/wp-content\/uploads\/2020\/01\/Tabmle-brasero-plancha-cuisson-768x1135.jpg 768w, https:\/\/www.my-vulx.com\/wp-content\/uploads\/2020\/01\/Tabmle-brasero-plancha-cuisson-1039x1536.jpg 1039w, https:\/\/www.my-vulx.com\/wp-content\/uploads\/2020\/01\/Tabmle-brasero-plancha-cuisson-1386x2048.jpg 1386w, https:\/\/www.my-vulx.com\/wp-content\/uploads\/2020\/01\/Tabmle-brasero-plancha-cuisson-8x12.jpg 8w, https:\/\/www.my-vulx.com\/wp-content\/uploads\/2020\/01\/Tabmle-brasero-plancha-cuisson-scaled.jpg 1732w\" sizes=\"(max-width: 693px) 100vw, 693px\" \/>\t\t\t\t\t\t\t\t\t\t\t\t\t\t\t<\/div>\n\t\t\t\t<\/div>\n\t\t\t\t<div class=\"elementor-element elementor-element-8c0e88a elementor-widget elementor-widget-heading\" data-id=\"8c0e88a\" data-element_type=\"widget\" data-widget_type=\"heading.default\">\n\t\t\t\t<div class=\"elementor-widget-container\">\n\t\t\t\t\t<h3 class=\"elementor-heading-title elementor-size-default\"><b>Change cooking mode<\/b><\/h3>\t\t\t\t<\/div>\n\t\t\t\t<\/div>\n\t\t\t\t<div class=\"elementor-element elementor-element-c36e2f0 elementor-widget elementor-widget-text-editor\" data-id=\"c36e2f0\" data-element_type=\"widget\" data-widget_type=\"text-editor.default\">\n\t\t\t\t<div class=\"elementor-widget-container\">\n\t\t\t\t\t\t\t\t\t<p>Fancy a traditional wood fire for an evening of grilled meat in a rustic atmosphere? Or would you prefer the practicality of charcoal? Won over by the efficiency and autonomy of a gas-fired plancha? With FUSION, made in the heart of the Auvergne Rh\u00f4ne-Alpes region, the choice is yours.<\/p>\t\t\t\t\t\t\t\t<\/div>\n\t\t\t\t<\/div>\n\t\t\t\t\t<\/div>\n\t\t<\/div>\n\t\t\t\t<div class=\"elementor-column elementor-col-33 elementor-top-column elementor-element elementor-element-1502836\" data-id=\"1502836\" data-element_type=\"column\">\n\t\t\t<div class=\"elementor-widget-wrap elementor-element-populated\">\n\t\t\t\t\t\t<div class=\"elementor-element elementor-element-a30adb2 elementor-widget elementor-widget-image\" data-id=\"a30adb2\" data-element_type=\"widget\" data-widget_type=\"image.default\">\n\t\t\t\t<div class=\"elementor-widget-container\">\n\t\t\t\t\t\t\t\t\t\t\t\t\t\t\t<img decoding=\"async\" width=\"693\" height=\"1024\" src=\"https:\/\/www.my-vulx.com\/wp-content\/uploads\/2020\/01\/Table-brasero-plancha-personnalisation--693x1024.jpg\" class=\"attachment-large size-large wp-image-4517\" alt=\"Table barbecue plancha entre amis\" srcset=\"https:\/\/www.my-vulx.com\/wp-content\/uploads\/2020\/01\/Table-brasero-plancha-personnalisation--693x1024.jpg 693w, https:\/\/www.my-vulx.com\/wp-content\/uploads\/2020\/01\/Table-brasero-plancha-personnalisation--scaled-600x887.jpg 600w, https:\/\/www.my-vulx.com\/wp-content\/uploads\/2020\/01\/Table-brasero-plancha-personnalisation--203x300.jpg 203w, https:\/\/www.my-vulx.com\/wp-content\/uploads\/2020\/01\/Table-brasero-plancha-personnalisation--768x1135.jpg 768w, https:\/\/www.my-vulx.com\/wp-content\/uploads\/2020\/01\/Table-brasero-plancha-personnalisation--1039x1536.jpg 1039w, https:\/\/www.my-vulx.com\/wp-content\/uploads\/2020\/01\/Table-brasero-plancha-personnalisation--1386x2048.jpg 1386w, https:\/\/www.my-vulx.com\/wp-content\/uploads\/2020\/01\/Table-brasero-plancha-personnalisation--8x12.jpg 8w, https:\/\/www.my-vulx.com\/wp-content\/uploads\/2020\/01\/Table-brasero-plancha-personnalisation--scaled.jpg 1732w\" sizes=\"(max-width: 693px) 100vw, 693px\" \/>\t\t\t\t\t\t\t\t\t\t\t\t\t\t\t<\/div>\n\t\t\t\t<\/div>\n\t\t\t\t<div class=\"elementor-element elementor-element-0546d6f elementor-widget elementor-widget-heading\" data-id=\"0546d6f\" data-element_type=\"widget\" data-widget_type=\"heading.default\">\n\t\t\t\t<div class=\"elementor-widget-container\">\n\t\t\t\t\t<h3 class=\"elementor-heading-title elementor-size-default\"><b>Designed to suit your wishes<\/b><\/h3>\t\t\t\t<\/div>\n\t\t\t\t<\/div>\n\t\t\t\t<div class=\"elementor-element elementor-element-0a48703 elementor-widget elementor-widget-text-editor\" data-id=\"0a48703\" data-element_type=\"widget\" data-widget_type=\"text-editor.default\">\n\t\t\t\t<div class=\"elementor-widget-container\">\n\t\t\t\t\t\t\t\t\t<p>Let FUSION adapt to you, by choosing your preferred height, table top format and design features. And because we never leave anything to chance at VULX, quality is our watchword. Made in France with style and creativity, FUSION is designed right down to the smallest detail to bring you an incomparable experience.<\/p>\t\t\t\t\t\t\t\t<\/div>\n\t\t\t\t<\/div>\n\t\t\t\t\t<\/div>\n\t\t<\/div>\n\t\t\t\t<div class=\"elementor-column elementor-col-33 elementor-top-column elementor-element elementor-element-96c66b9\" data-id=\"96c66b9\" data-element_type=\"column\">\n\t\t\t<div class=\"elementor-widget-wrap elementor-element-populated\">\n\t\t\t\t\t\t<div class=\"elementor-element elementor-element-fdf354d elementor-widget elementor-widget-image\" data-id=\"fdf354d\" data-element_type=\"widget\" data-widget_type=\"image.default\">\n\t\t\t\t<div class=\"elementor-widget-container\">\n\t\t\t\t\t\t\t\t\t\t\t\t\t\t\t<img decoding=\"async\" width=\"693\" height=\"1024\" src=\"https:\/\/www.my-vulx.com\/wp-content\/uploads\/2020\/01\/Table-brasero-plancha-chaleureux-693x1024.jpg\" class=\"attachment-large size-large wp-image-4518\" alt=\"Table basse plancha FUSION\" srcset=\"https:\/\/www.my-vulx.com\/wp-content\/uploads\/2020\/01\/Table-brasero-plancha-chaleureux-693x1024.jpg 693w, https:\/\/www.my-vulx.com\/wp-content\/uploads\/2020\/01\/Table-brasero-plancha-chaleureux-scaled-600x887.jpg 600w, https:\/\/www.my-vulx.com\/wp-content\/uploads\/2020\/01\/Table-brasero-plancha-chaleureux-203x300.jpg 203w, https:\/\/www.my-vulx.com\/wp-content\/uploads\/2020\/01\/Table-brasero-plancha-chaleureux-768x1135.jpg 768w, https:\/\/www.my-vulx.com\/wp-content\/uploads\/2020\/01\/Table-brasero-plancha-chaleureux-1039x1536.jpg 1039w, https:\/\/www.my-vulx.com\/wp-content\/uploads\/2020\/01\/Table-brasero-plancha-chaleureux-1386x2048.jpg 1386w, https:\/\/www.my-vulx.com\/wp-content\/uploads\/2020\/01\/Table-brasero-plancha-chaleureux-8x12.jpg 8w, https:\/\/www.my-vulx.com\/wp-content\/uploads\/2020\/01\/Table-brasero-plancha-chaleureux-scaled.jpg 1732w\" sizes=\"(max-width: 693px) 100vw, 693px\" \/>\t\t\t\t\t\t\t\t\t\t\t\t\t\t\t<\/div>\n\t\t\t\t<\/div>\n\t\t\t\t<div class=\"elementor-element elementor-element-40beb55 elementor-widget elementor-widget-heading\" data-id=\"40beb55\" data-element_type=\"widget\" data-widget_type=\"heading.default\">\n\t\t\t\t<div class=\"elementor-widget-container\">\n\t\t\t\t\t<h3 class=\"elementor-heading-title elementor-size-default\"><b>For your impromptu parties<\/b><\/h3>\t\t\t\t<\/div>\n\t\t\t\t<\/div>\n\t\t\t\t<div class=\"elementor-element elementor-element-c4ba6fe elementor-widget elementor-widget-text-editor\" data-id=\"c4ba6fe\" data-element_type=\"widget\" data-widget_type=\"text-editor.default\">\n\t\t\t\t<div class=\"elementor-widget-container\">\n\t\t\t\t\t\t\t\t\t<p>There are plenty of great excuses to get together. From an intimate cocktail to a snack between friends or a gala dinner, bistro or gourmet-style, FUSION lets you play around with a host of dining possibilities. Added to this freedom is FUSION\u2019s choice of heating modes which will adapt to all your gourmet recipes.<\/p>\t\t\t\t\t\t\t\t<\/div>\n\t\t\t\t<\/div>\n\t\t\t\t\t<\/div>\n\t\t<\/div>\n\t\t\t\t\t<\/div>\n\t\t<\/section>\n\t\t\t\t<section class=\"elementor-section elementor-top-section elementor-element elementor-element-9e78144 elementor-section-boxed elementor-section-height-default elementor-section-height-default\" data-id=\"9e78144\" data-element_type=\"section\">\n\t\t\t\t\t\t<div class=\"elementor-container elementor-column-gap-default\">\n\t\t\t\t\t<div class=\"elementor-column elementor-col-100 elementor-top-column elementor-element elementor-element-79a64dc\" data-id=\"79a64dc\" data-element_type=\"column\">\n\t\t\t<div class=\"elementor-widget-wrap elementor-element-populated\">\n\t\t\t\t\t\t<div class=\"elementor-element elementor-element-d4991a0 elementor-widget elementor-widget-heading\" data-id=\"d4991a0\" data-element_type=\"widget\" data-widget_type=\"heading.default\">\n\t\t\t\t<div class=\"elementor-widget-container\">\n\t\t\t\t\t<h3 class=\"elementor-heading-title elementor-size-default\"><b>Discover our FUSION barbecue plancha table in video!<\/b><\/h3>\t\t\t\t<\/div>\n\t\t\t\t<\/div>\n\t\t\t\t<div class=\"elementor-element elementor-element-d8e1167 elementor-widget elementor-widget-video\" data-id=\"d8e1167\" data-element_type=\"widget\" data-settings=\"{&quot;youtube_url&quot;:&quot;https:\\\/\\\/youtu.be\\\/z-e51X8BZoc&quot;,&quot;end&quot;:20,&quot;lazy_load&quot;:&quot;yes&quot;,&quot;video_type&quot;:&quot;youtube&quot;}\" data-widget_type=\"video.default\">\n\t\t\t\t<div class=\"elementor-widget-container\">\n\t\t\t\t\t\t\t<div class=\"elementor-wrapper elementor-open-inline\">\n\t\t\t<div class=\"elementor-video\"><\/div>\t\t<\/div>\n\t\t\t\t\t\t<\/div>\n\t\t\t\t<\/div>\n\t\t\t\t\t<\/div>\n\t\t<\/div>\n\t\t\t\t\t<\/div>\n\t\t<\/section>\n\t\t\t\t<\/div>","protected":false},"excerpt":{"rendered":"<p><a href=\"https:\/\/www.my-vulx.com\/index.php\/devis\/\" title=\"Personalising my VULX\" class=\"btn btn-primary\">Personalising my VULX<\/a><\/p>\n<p>Colours available :<\/p>\n<p><img loading=\"lazy\" decoding=\"async\" src=\"\/wp-content\/uploads\/2020\/01\/ACIER_CORTEN-mini.png\" title=\"Corten Steel\" alt=\"couleur acier corten VULX\" width=\"54\" height=\"54\" class=\"alignleft wp-image-4556\" srcset=\"https:\/\/www.my-vulx.com\/wp-content\/uploads\/2020\/01\/ACIER_CORTEN-mini.png 64w, https:\/\/www.my-vulx.com\/wp-content\/uploads\/2020\/01\/ACIER_CORTEN-mini-12x12.png 12w\" sizes=\"(max-width: 54px) 100vw, 54px\" \/><\/p>\n<p><img loading=\"lazy\" decoding=\"async\" src=\"\/wp-content\/uploads\/2020\/01\/CERAMIQUE_NOIRE-mini.png\" title=\"Black epoxy paint\" alt=\"couleur ceramique noire\" width=\"54\" height=\"52\" class=\"alignleft wp-image-4557\" srcset=\"https:\/\/www.my-vulx.com\/wp-content\/uploads\/2020\/01\/CERAMIQUE_NOIRE-mini.png 67w, https:\/\/www.my-vulx.com\/wp-content\/uploads\/2020\/01\/CERAMIQUE_NOIRE-mini-13x12.png 13w\" sizes=\"(max-width: 54px) 100vw, 54px\" \/><\/p>\n<p><img loading=\"lazy\" decoding=\"async\" src=\"\/wp-content\/uploads\/2020\/01\/Rouge-VULX.jpg\" title=\"Red-black epoxy paint\" alt=\"rouge noir VULX\" width=\"54\" height=\"54\" class=\"size-full wp-image-4948 alignnone\" srcset=\"https:\/\/www.my-vulx.com\/wp-content\/uploads\/2020\/01\/Rouge-VULX.jpg 54w, https:\/\/www.my-vulx.com\/wp-content\/uploads\/2020\/01\/Rouge-VULX-12x12.jpg 12w\" sizes=\"(max-width: 54px) 100vw, 54px\" \/><\/p>\n<p>&nbsp;<\/p>\n<p>Because warm and convivial moments deserve nothing less than the ideal, even perfection, VULX created the FUSION plancha brazier table for you. Whether you are 2, 3, or 6 people, it offers one of the most original shared culinary experiences. Comfortably seated around a generous tabletop, you will enjoy centrally integrated cooking equipment, allowing everyone to cook together and savor unforgettable moments.<\/p>\n<p>Your plancha brazier table naturally finds its place at the heart of your terrace, like a sun at the center of your outdoor universe. Its exceptionally complete design and unique capabilities are sure to bring stars to your guests\u2019 eyes!<\/p>\n<p>With your creativity taking over, you won\u2019t take long around FUSION, the 3-in-1 plancha brazier table, to multiply truly unique moments. Captivated by the art and pleasure of outdoor cooking, you in turn will delight those around you with this perfect fusion of style and conviviality!<\/p>","protected":false},"featured_media":4510,"comment_status":"open","ping_status":"closed","template":"","meta":[],"product_cat":[205,206],"product_tag":[],"yoast_head":"<!-- This site is optimized with the Yoast SEO plugin v23.5 - https:\/\/yoast.com\/wordpress\/plugins\/seo\/ -->\n<title>Table Brasero Plancha FUSION Vulx | Table Plancha R\u00e9versible<\/title>\n<meta name=\"description\" content=\"Table Brasero Plancha FUSION | R\u00e9versible en Hauteur et en Combustion : Bois ou Gaz | Made in France | Prim\u00e9 au Concours L\u00e9pine International\" \/>\n<meta name=\"robots\" content=\"index, follow, max-snippet:-1, max-image-preview:large, max-video-preview:-1\" \/>\n<link rel=\"canonical\" href=\"https:\/\/www.my-vulx.com\/en\/product\/table-barbecue-plancha-fusion\/\" \/>\n<meta property=\"og:locale\" content=\"en_GB\" \/>\n<meta property=\"og:type\" content=\"article\" \/>\n<meta property=\"og:title\" content=\"Table Brasero Plancha FUSION Vulx | Table Plancha R\u00e9versible\" \/>\n<meta property=\"og:description\" content=\"Table Brasero Plancha FUSION | R\u00e9versible en Hauteur et en Combustion : Bois ou Gaz | Made in France | Prim\u00e9 au Concours L\u00e9pine International\" \/>\n<meta property=\"og:url\" content=\"https:\/\/www.my-vulx.com\/en\/product\/table-barbecue-plancha-fusion\/\" \/>\n<meta property=\"og:site_name\" content=\"Vulx\" \/>\n<meta property=\"article:modified_time\" content=\"2026-04-03T23:00:03+00:00\" \/>\n<meta property=\"og:image\" content=\"https:\/\/www.my-vulx.com\/wp-content\/uploads\/2020\/01\/visuel-FUSION-2.webp\" \/>\n\t<meta property=\"og:image:width\" content=\"500\" \/>\n\t<meta property=\"og:image:height\" content=\"500\" \/>\n\t<meta property=\"og:image:type\" content=\"image\/webp\" \/>\n<meta name=\"twitter:card\" content=\"summary_large_image\" \/>\n<meta name=\"twitter:label1\" content=\"Estimated reading time\" \/>\n\t<meta name=\"twitter:data1\" content=\"2 minutes\" \/>\n<script type=\"application\/ld+json\" class=\"yoast-schema-graph\">{\"@context\":\"https:\/\/schema.org\",\"@graph\":[{\"@type\":\"WebPage\",\"@id\":\"https:\/\/www.my-vulx.com\/produit\/table-barbecue-plancha-fusion\/\",\"url\":\"https:\/\/www.my-vulx.com\/produit\/table-barbecue-plancha-fusion\/\",\"name\":\"Table Brasero Plancha FUSION Vulx | Table Plancha R\u00e9versible\",\"isPartOf\":{\"@id\":\"https:\/\/www.my-vulx.com\/#website\"},\"primaryImageOfPage\":{\"@id\":\"https:\/\/www.my-vulx.com\/produit\/table-barbecue-plancha-fusion\/#primaryimage\"},\"image\":{\"@id\":\"https:\/\/www.my-vulx.com\/produit\/table-barbecue-plancha-fusion\/#primaryimage\"},\"thumbnailUrl\":\"https:\/\/www.my-vulx.com\/wp-content\/uploads\/2020\/01\/visuel-FUSION-2.webp\",\"datePublished\":\"2020-01-06T16:36:34+00:00\",\"dateModified\":\"2026-04-03T23:00:03+00:00\",\"description\":\"Table Brasero Plancha FUSION | R\u00e9versible en Hauteur et en Combustion : Bois ou Gaz | Made in France | Prim\u00e9 au Concours L\u00e9pine International\",\"breadcrumb\":{\"@id\":\"https:\/\/www.my-vulx.com\/produit\/table-barbecue-plancha-fusion\/#breadcrumb\"},\"inLanguage\":\"en-GB\",\"potentialAction\":[{\"@type\":\"ReadAction\",\"target\":[\"https:\/\/www.my-vulx.com\/produit\/table-barbecue-plancha-fusion\/\"]}]},{\"@type\":\"ImageObject\",\"inLanguage\":\"en-GB\",\"@id\":\"https:\/\/www.my-vulx.com\/produit\/table-barbecue-plancha-fusion\/#primaryimage\",\"url\":\"https:\/\/www.my-vulx.com\/wp-content\/uploads\/2020\/01\/visuel-FUSION-2.webp\",\"contentUrl\":\"https:\/\/www.my-vulx.com\/wp-content\/uploads\/2020\/01\/visuel-FUSION-2.webp\",\"width\":500,\"height\":500,\"caption\":\"D\u00e9couvrez notre table barbecue plancha FUSION\"},{\"@type\":\"BreadcrumbList\",\"@id\":\"https:\/\/www.my-vulx.com\/produit\/table-barbecue-plancha-fusion\/#breadcrumb\",\"itemListElement\":[{\"@type\":\"ListItem\",\"position\":1,\"name\":\"Accueil\",\"item\":\"https:\/\/www.my-vulx.com\/\"},{\"@type\":\"ListItem\",\"position\":2,\"name\":\"Products\",\"item\":\"https:\/\/www.my-vulx.com\/en\/shop\/\"},{\"@type\":\"ListItem\",\"position\":3,\"name\":\"Table Brasero Plancha FUSION\"}]},{\"@type\":\"WebSite\",\"@id\":\"https:\/\/www.my-vulx.com\/#website\",\"url\":\"https:\/\/www.my-vulx.com\/\",\"name\":\"Vulx\",\"description\":\"La chaleur des bons moments\",\"publisher\":{\"@id\":\"https:\/\/www.my-vulx.com\/#organization\"},\"potentialAction\":[{\"@type\":\"SearchAction\",\"target\":{\"@type\":\"EntryPoint\",\"urlTemplate\":\"https:\/\/www.my-vulx.com\/?s={search_term_string}\"},\"query-input\":{\"@type\":\"PropertyValueSpecification\",\"valueRequired\":true,\"valueName\":\"search_term_string\"}}],\"inLanguage\":\"en-GB\"},{\"@type\":\"Organization\",\"@id\":\"https:\/\/www.my-vulx.com\/#organization\",\"name\":\"Vulx\",\"url\":\"https:\/\/www.my-vulx.com\/\",\"logo\":{\"@type\":\"ImageObject\",\"inLanguage\":\"en-GB\",\"@id\":\"https:\/\/www.my-vulx.com\/#\/schema\/logo\/image\/\",\"url\":\"https:\/\/www.my-vulx.com\/wp-content\/uploads\/2024\/03\/cropped-cropped-cropped-logo-v2.png\",\"contentUrl\":\"https:\/\/www.my-vulx.com\/wp-content\/uploads\/2024\/03\/cropped-cropped-cropped-logo-v2.png\",\"width\":250,\"height\":78,\"caption\":\"Vulx\"},\"image\":{\"@id\":\"https:\/\/www.my-vulx.com\/#\/schema\/logo\/image\/\"}}]}<\/script>\n<!-- \/ Yoast SEO plugin. -->","yoast_head_json":{"title":"Table Brasero Plancha FUSION Vulx | Table Plancha R\u00e9versible","description":"Table Brasero Plancha FUSION | R\u00e9versible en Hauteur et en Combustion : Bois ou Gaz | Made in France | Prim\u00e9 au Concours L\u00e9pine International","robots":{"index":"index","follow":"follow","max-snippet":"max-snippet:-1","max-image-preview":"max-image-preview:large","max-video-preview":"max-video-preview:-1"},"canonical":"https:\/\/www.my-vulx.com\/en\/product\/table-barbecue-plancha-fusion\/","og_locale":"en_GB","og_type":"article","og_title":"Table Brasero Plancha FUSION Vulx | Table Plancha R\u00e9versible","og_description":"Table Brasero Plancha FUSION | R\u00e9versible en Hauteur et en Combustion : Bois ou Gaz | Made in France | Prim\u00e9 au Concours L\u00e9pine International","og_url":"https:\/\/www.my-vulx.com\/en\/product\/table-barbecue-plancha-fusion\/","og_site_name":"Vulx","article_modified_time":"2026-04-03T23:00:03+00:00","og_image":[{"width":500,"height":500,"url":"https:\/\/www.my-vulx.com\/wp-content\/uploads\/2020\/01\/visuel-FUSION-2.webp","type":"image\/webp"}],"twitter_card":"summary_large_image","twitter_misc":{"Estimated reading time":"2 minutes"},"schema":{"@context":"https:\/\/schema.org","@graph":[{"@type":"WebPage","@id":"https:\/\/www.my-vulx.com\/produit\/table-barbecue-plancha-fusion\/","url":"https:\/\/www.my-vulx.com\/produit\/table-barbecue-plancha-fusion\/","name":"Table Brasero Plancha FUSION Vulx | Table Plancha R\u00e9versible","isPartOf":{"@id":"https:\/\/www.my-vulx.com\/#website"},"primaryImageOfPage":{"@id":"https:\/\/www.my-vulx.com\/produit\/table-barbecue-plancha-fusion\/#primaryimage"},"image":{"@id":"https:\/\/www.my-vulx.com\/produit\/table-barbecue-plancha-fusion\/#primaryimage"},"thumbnailUrl":"https:\/\/www.my-vulx.com\/wp-content\/uploads\/2020\/01\/visuel-FUSION-2.webp","datePublished":"2020-01-06T16:36:34+00:00","dateModified":"2026-04-03T23:00:03+00:00","description":"Table Brasero Plancha FUSION | R\u00e9versible en Hauteur et en Combustion : Bois ou Gaz | Made in France | Prim\u00e9 au Concours L\u00e9pine International","breadcrumb":{"@id":"https:\/\/www.my-vulx.com\/produit\/table-barbecue-plancha-fusion\/#breadcrumb"},"inLanguage":"en-GB","potentialAction":[{"@type":"ReadAction","target":["https:\/\/www.my-vulx.com\/produit\/table-barbecue-plancha-fusion\/"]}]},{"@type":"ImageObject","inLanguage":"en-GB","@id":"https:\/\/www.my-vulx.com\/produit\/table-barbecue-plancha-fusion\/#primaryimage","url":"https:\/\/www.my-vulx.com\/wp-content\/uploads\/2020\/01\/visuel-FUSION-2.webp","contentUrl":"https:\/\/www.my-vulx.com\/wp-content\/uploads\/2020\/01\/visuel-FUSION-2.webp","width":500,"height":500,"caption":"D\u00e9couvrez notre table barbecue plancha FUSION"},{"@type":"BreadcrumbList","@id":"https:\/\/www.my-vulx.com\/produit\/table-barbecue-plancha-fusion\/#breadcrumb","itemListElement":[{"@type":"ListItem","position":1,"name":"Accueil","item":"https:\/\/www.my-vulx.com\/"},{"@type":"ListItem","position":2,"name":"Products","item":"https:\/\/www.my-vulx.com\/en\/shop\/"},{"@type":"ListItem","position":3,"name":"Table Brasero Plancha FUSION"}]},{"@type":"WebSite","@id":"https:\/\/www.my-vulx.com\/#website","url":"https:\/\/www.my-vulx.com\/","name":"Vulx","description":"La chaleur des bons moments","publisher":{"@id":"https:\/\/www.my-vulx.com\/#organization"},"potentialAction":[{"@type":"SearchAction","target":{"@type":"EntryPoint","urlTemplate":"https:\/\/www.my-vulx.com\/?s={search_term_string}"},"query-input":{"@type":"PropertyValueSpecification","valueRequired":true,"valueName":"search_term_string"}}],"inLanguage":"en-GB"},{"@type":"Organization","@id":"https:\/\/www.my-vulx.com\/#organization","name":"Vulx","url":"https:\/\/www.my-vulx.com\/","logo":{"@type":"ImageObject","inLanguage":"en-GB","@id":"https:\/\/www.my-vulx.com\/#\/schema\/logo\/image\/","url":"https:\/\/www.my-vulx.com\/wp-content\/uploads\/2024\/03\/cropped-cropped-cropped-logo-v2.png","contentUrl":"https:\/\/www.my-vulx.com\/wp-content\/uploads\/2024\/03\/cropped-cropped-cropped-logo-v2.png","width":250,"height":78,"caption":"Vulx"},"image":{"@id":"https:\/\/www.my-vulx.com\/#\/schema\/logo\/image\/"}}]}},"_links":{"self":[{"href":"https:\/\/www.my-vulx.com\/en\/wp-json\/wp\/v2\/product\/91"}],"collection":[{"href":"https:\/\/www.my-vulx.com\/en\/wp-json\/wp\/v2\/product"}],"about":[{"href":"https:\/\/www.my-vulx.com\/en\/wp-json\/wp\/v2\/types\/product"}],"replies":[{"embeddable":true,"href":"https:\/\/www.my-vulx.com\/en\/wp-json\/wp\/v2\/comments?post=91"}],"version-history":[{"count":46,"href":"https:\/\/www.my-vulx.com\/en\/wp-json\/wp\/v2\/product\/91\/revisions"}],"predecessor-version":[{"id":5907,"href":"https:\/\/www.my-vulx.com\/en\/wp-json\/wp\/v2\/product\/91\/revisions\/5907"}],"wp:featuredmedia":[{"embeddable":true,"href":"https:\/\/www.my-vulx.com\/en\/wp-json\/wp\/v2\/media\/4510"}],"wp:attachment":[{"href":"https:\/\/www.my-vulx.com\/en\/wp-json\/wp\/v2\/media?parent=91"}],"wp:term":[{"taxonomy":"product_cat","embeddable":true,"href":"https:\/\/www.my-vulx.com\/en\/wp-json\/wp\/v2\/product_cat?post=91"},{"taxonomy":"product_tag","embeddable":true,"href":"https:\/\/www.my-vulx.com\/en\/wp-json\/wp\/v2\/product_tag?post=91"}],"curies":[{"name":"wp","href":"https:\/\/api.w.org\/{rel}","templated":true}]}}